{"id":749448,"date":"2025-08-28T03:56:26","date_gmt":"2025-08-28T00:56:26","guid":{"rendered":"https:\/\/roveyayinevi.com.tr\/index.php\/urun\/metinlerarasilik-yeniden-yazim-ve-adaptasyon\/"},"modified":"2026-04-16T03:03:03","modified_gmt":"2026-04-16T00:03:03","slug":"metinlerarasilik-yeniden-yazim-ve-adaptasyon","status":"publish","type":"product","link":"https:\/\/roveyayinevi.com.tr\/index.php\/urun\/metinlerarasilik-yeniden-yazim-ve-adaptasyon\/","title":{"rendered":"Metinleraras\u0131l\u0131k Yeniden Yaz\u0131m ve Adaptasyon"},"content":{"rendered":"<p>T\u00fcrkiye\u2019de \u00e7ocuk edebiyat\u0131na y\u00f6nelik ele\u015ftiri \u00e7al\u0131\u015fmalar\u0131nda b\u00fcy\u00fck bir eksiklik g\u00f6ze \u00e7arpar. Metinleraras\u0131l\u0131k, Yeniden Yaz\u0131m ve Adaptasyon \u00e7ocuk edebiyat\u0131 \u00fcr\u00fcnlerinin ciddiyetle ele al\u0131n\u0131p ele\u015ftirel bir bak\u0131\u015f a\u00e7\u0131s\u0131yla incelendi\u011fi metinlere olduk\u00e7a ihtiya\u00e7 duyulan bir noktada okurla bulu\u015fmaya haz\u0131rlan\u0131yor.Bu kitapta yer alan makalelerde temelde bir metnin bir ba\u015fka metinle kurdu\u011fu ili\u015fkiyi veya iki metnin t\u00fcrl\u00fc ba\u011flamlarla girdi\u011fi diyalo\u011fu merkezine alan \u2018metinleraras\u0131l\u0131k\u2019 kavram\u0131n\u0131n \u00e7ocuk edebiyat\u0131ndaki izd\u00fc\u015f\u00fcmlerini inceliyor.\u00c7ocuk Yaz\u0131n\u0131 web portal\u0131 b\u00fcnyesinde \u00fcretilen ve \u00e7ocuk edebiyat\u0131 \u00fcr\u00fcnlerinde metinleraras\u0131l\u0131\u011f\u0131n uygulanabilirli\u011fine dikkat \u00e7eken \u00e7e\u015fitli metinler, Erdem Yay\u0131nlar\u0131 i\u015f birli\u011fi ve titiz bir ekip \u00e7al\u0131\u015fmas\u0131 sonucu bu alan\u0131n ilgilileri i\u00e7in kaynak bir kitap h\u00e2line geldi.<\/p>\n","protected":false},"excerpt":{"rendered":"<p>T\u00fcrkiye\u2019de \u00e7ocuk edebiyat\u0131na y\u00f6nelik ele\u015ftiri \u00e7al\u0131\u015fmalar\u0131nda b\u00fcy\u00fck bir eksiklik g\u00f6ze \u00e7arpar. Metinleraras\u0131l\u0131k, Yeniden Yaz\u0131m ve Adaptasyon \u00e7ocuk edebiyat\u0131 \u00fcr\u00fcnlerinin ciddiyetle ele al\u0131n\u0131p ele\u015ftirel bir bak\u0131\u015f a\u00e7\u0131s\u0131yla<span class=\"excerpt-hellip\"> [\u2026]<\/span><\/p>\n","protected":false},"featured_media":0,"template":"","meta":{"_monsterinsights_skip_tracking":false,"_monsterinsights_sitenote_active":false,"_monsterinsights_sitenote_note":"","_monsterinsights_sitenote_category":0},"product_brand":[],"product_cat":[13072,12291],"product_tag":[],"class_list":{"0":"post-749448","1":"product","2":"type-product","3":"status-publish","5":"product_cat-arastirma-inceleme-referans","6":"product_cat-edebiyat","7":"pa_cilt-ciltsiz","8":"pa_tur-kitap","9":"pa_yayinevi-erdem-yayinlari","10":"pa_yazar-meryem-selva-ince-havva-yilmaz","12":"first","13":"instock","14":"sale","15":"shipping-taxable","16":"purchasable","17":"product-type-simple"},"_links":{"self":[{"href":"https:\/\/roveyayinevi.com.tr\/index.php\/wp-json\/wp\/v2\/product\/749448","targetHints":{"allow":["GET"]}}],"collection":[{"href":"https:\/\/roveyayinevi.com.tr\/index.php\/wp-json\/wp\/v2\/product"}],"about":[{"href":"https:\/\/roveyayinevi.com.tr\/index.php\/wp-json\/wp\/v2\/types\/product"}],"wp:attachment":[{"href":"https:\/\/roveyayinevi.com.tr\/index.php\/wp-json\/wp\/v2\/media?parent=749448"}],"wp:term":[{"taxonomy":"product_brand","embeddable":true,"href":"https:\/\/roveyayinevi.com.tr\/index.php\/wp-json\/wp\/v2\/product_brand?post=749448"},{"taxonomy":"product_cat","embeddable":true,"href":"https:\/\/roveyayinevi.com.tr\/index.php\/wp-json\/wp\/v2\/product_cat?post=749448"},{"taxonomy":"product_tag","embeddable":true,"href":"https:\/\/roveyayinevi.com.tr\/index.php\/wp-json\/wp\/v2\/product_tag?post=749448"}],"curies":[{"name":"wp","href":"https:\/\/api.w.org\/{rel}","templated":true}]}}