{"id":749447,"date":"2025-08-28T03:56:24","date_gmt":"2025-08-28T00:56:24","guid":{"rendered":"https:\/\/roveyayinevi.com.tr\/index.php\/urun\/cezeri-orta-cagin-en-buyuk-mucidi\/"},"modified":"2026-04-16T03:03:03","modified_gmt":"2026-04-16T00:03:03","slug":"cezeri-orta-cagin-en-buyuk-mucidi","status":"publish","type":"product","link":"https:\/\/roveyayinevi.com.tr\/index.php\/urun\/cezeri-orta-cagin-en-buyuk-mucidi\/","title":{"rendered":"Cezeri &#8211; Orta \u00c7a\u011f&#8217;\u0131n En B\u00fcy\u00fck Mucidi"},"content":{"rendered":"<p>Arkada\u015flar\u0131n\u0131n zorbal\u0131\u011f\u0131ndan kurtulmak i\u00e7in bir icat yapan Cezeri, bu icad\u0131 y\u00fcz\u00fcnden medreseden at\u0131lma tehlikesiyle kar\u015f\u0131la\u015f\u0131r. E\u011fitimine devam edebilmesi i\u00e7in ba\u015fm\u00fcderrisin istedi\u011fi gibi bir icat yapmas\u0131 gerekmektedir. Bu kitapta, XII. y\u00fczy\u0131lda mekatronik biliminin \u00f6nc\u00fcs\u00fc olan Cezeri\u2019nin hayat\u0131n\u0131 okuyacaks\u0131n\u0131z.<\/p>\n","protected":false},"excerpt":{"rendered":"<p>Arkada\u015flar\u0131n\u0131n zorbal\u0131\u011f\u0131ndan kurtulmak i\u00e7in bir icat yapan Cezeri, bu icad\u0131 y\u00fcz\u00fcnden medreseden at\u0131lma tehlikesiyle kar\u015f\u0131la\u015f\u0131r. E\u011fitimine devam edebilmesi i\u00e7in ba\u015fm\u00fcderrisin istedi\u011fi gibi bir icat yapmas\u0131 gerekmektedir.<span class=\"excerpt-hellip\"> [\u2026]<\/span><\/p>\n","protected":false},"featured_media":0,"template":"","meta":{"_monsterinsights_skip_tracking":false,"_monsterinsights_sitenote_active":false,"_monsterinsights_sitenote_note":"","_monsterinsights_sitenote_category":0},"product_brand":[],"product_cat":[12274,12631],"product_tag":[],"class_list":{"0":"post-749447","1":"product","2":"type-product","3":"status-publish","5":"product_cat-cocuk-ve-genclik-kitaplari","6":"product_cat-diger-cocuk-ve-genclik-kitaplari","7":"pa_cilt-ciltsiz","8":"pa_tur-kitap","9":"pa_yayinevi-erdem-cocuk","10":"pa_yazar-elif-akardas","12":"first","13":"instock","14":"sale","15":"shipping-taxable","16":"purchasable","17":"product-type-simple"},"_links":{"self":[{"href":"https:\/\/roveyayinevi.com.tr\/index.php\/wp-json\/wp\/v2\/product\/749447","targetHints":{"allow":["GET"]}}],"collection":[{"href":"https:\/\/roveyayinevi.com.tr\/index.php\/wp-json\/wp\/v2\/product"}],"about":[{"href":"https:\/\/roveyayinevi.com.tr\/index.php\/wp-json\/wp\/v2\/types\/product"}],"wp:attachment":[{"href":"https:\/\/roveyayinevi.com.tr\/index.php\/wp-json\/wp\/v2\/media?parent=749447"}],"wp:term":[{"taxonomy":"product_brand","embeddable":true,"href":"https:\/\/roveyayinevi.com.tr\/index.php\/wp-json\/wp\/v2\/product_brand?post=749447"},{"taxonomy":"product_cat","embeddable":true,"href":"https:\/\/roveyayinevi.com.tr\/index.php\/wp-json\/wp\/v2\/product_cat?post=749447"},{"taxonomy":"product_tag","embeddable":true,"href":"https:\/\/roveyayinevi.com.tr\/index.php\/wp-json\/wp\/v2\/product_tag?post=749447"}],"curies":[{"name":"wp","href":"https:\/\/api.w.org\/{rel}","templated":true}]}}