{"id":749443,"date":"2025-08-28T03:56:19","date_gmt":"2025-08-28T00:56:19","guid":{"rendered":"https:\/\/roveyayinevi.com.tr\/index.php\/urun\/sekiller-kralligina-yolculuk-super-matematikci-1\/"},"modified":"2026-04-16T03:03:03","modified_gmt":"2026-04-16T00:03:03","slug":"sekiller-kralligina-yolculuk-super-matematikci-1","status":"publish","type":"product","link":"https:\/\/roveyayinevi.com.tr\/index.php\/urun\/sekiller-kralligina-yolculuk-super-matematikci-1\/","title":{"rendered":"\u015eekiller Krall\u0131\u011f\u0131na Yolculuk &#8211; S\u00fcper Matematik\u00e7i 1"},"content":{"rendered":"<p>Siz de matemati\u011fi sevmeyenlerden misiniz?Karel ve arkada\u015flar\u0131, ya\u015fad\u0131klar\u0131 maceralarla matemati\u011fe olan bak\u0131\u015f a\u00e7\u0131n\u0131z\u0131 de\u011fi\u015ftirecekler.Karel matematik dehas\u0131 bir k\u0131z. Ya\u015fad\u0131\u011f\u0131 maceralar da matematikle ilgili. Paramit ile kar\u0131ncalar\u0131n \u00fclkesine yapt\u0131\u011f\u0131 yolculukta \u015fekillerle ilgili problemleri, Part\u00fcn ile Payla\u015f\u0131m Da\u011f\u0131\u2019nda yapt\u0131\u011f\u0131 yolculukta ise kesirlerle ilgili problemleri \u00e7\u00f6z\u00fcyor. Ayr\u0131ca Tivel\u2019le birlikte bizlere zihinden hesaplamalar pratik olarak nas\u0131l yap\u0131l\u0131r onlar\u0131 anlat\u0131yor.Karel, matematik dehas\u0131 bir k\u0131z. Arkada\u015f\u0131 Paramit\u2019le matematik konu\u015fmay\u0131 seviyor. Paramit\u2019in iste\u011fi d\u00fcnyan\u0131n en b\u00fcy\u00fck say\u0131s\u0131n\u0131 bulmak. \u0130ste\u011fine ula\u015fabilmesi i\u00e7in ba\u015flar\u0131 dertte olan kar\u0131ncalara yard\u0131m etmesi gerekiyor. K\u0131s\u0131tl\u0131 malzeme ve k\u0131s\u0131tl\u0131 s\u00fcrede b\u00fct\u00fcn kar\u0131ncalar\u0131 alacak bir kalenin \u015fekli nas\u0131l olmal\u0131?Paramit ve Karel bu sorunun cevab\u0131n\u0131 bulabilecekler mi?Peki, sizce d\u00fcnyan\u0131n en b\u00fcy\u00fck say\u0131s\u0131 ka\u00e7t\u0131r?<\/p>\n","protected":false},"excerpt":{"rendered":"<p>Siz de matemati\u011fi sevmeyenlerden misiniz?Karel ve arkada\u015flar\u0131, ya\u015fad\u0131klar\u0131 maceralarla matemati\u011fe olan bak\u0131\u015f a\u00e7\u0131n\u0131z\u0131 de\u011fi\u015ftirecekler.Karel matematik dehas\u0131 bir k\u0131z. Ya\u015fad\u0131\u011f\u0131 maceralar da matematikle ilgili. Paramit ile kar\u0131ncalar\u0131n<span class=\"excerpt-hellip\"> [\u2026]<\/span><\/p>\n","protected":false},"featured_media":0,"template":"","meta":{"_monsterinsights_skip_tracking":false,"_monsterinsights_sitenote_active":false,"_monsterinsights_sitenote_note":"","_monsterinsights_sitenote_category":0},"product_brand":[],"product_cat":[12274,15842],"product_tag":[],"class_list":{"0":"post-749443","1":"product","2":"type-product","3":"status-publish","5":"product_cat-cocuk-ve-genclik-kitaplari","6":"product_cat-egitici-kitaplar","7":"pa_cilt-ciltsiz","8":"pa_tur-kitap","9":"pa_yayinevi-erdem-cocuk","10":"pa_yazar-hye-ygeong-jeong","12":"first","13":"instock","14":"sale","15":"shipping-taxable","16":"purchasable","17":"product-type-simple"},"_links":{"self":[{"href":"https:\/\/roveyayinevi.com.tr\/index.php\/wp-json\/wp\/v2\/product\/749443","targetHints":{"allow":["GET"]}}],"collection":[{"href":"https:\/\/roveyayinevi.com.tr\/index.php\/wp-json\/wp\/v2\/product"}],"about":[{"href":"https:\/\/roveyayinevi.com.tr\/index.php\/wp-json\/wp\/v2\/types\/product"}],"wp:attachment":[{"href":"https:\/\/roveyayinevi.com.tr\/index.php\/wp-json\/wp\/v2\/media?parent=749443"}],"wp:term":[{"taxonomy":"product_brand","embeddable":true,"href":"https:\/\/roveyayinevi.com.tr\/index.php\/wp-json\/wp\/v2\/product_brand?post=749443"},{"taxonomy":"product_cat","embeddable":true,"href":"https:\/\/roveyayinevi.com.tr\/index.php\/wp-json\/wp\/v2\/product_cat?post=749443"},{"taxonomy":"product_tag","embeddable":true,"href":"https:\/\/roveyayinevi.com.tr\/index.php\/wp-json\/wp\/v2\/product_tag?post=749443"}],"curies":[{"name":"wp","href":"https:\/\/api.w.org\/{rel}","templated":true}]}}