{"id":749441,"date":"2025-08-28T03:56:16","date_gmt":"2025-08-28T00:56:16","guid":{"rendered":"https:\/\/roveyayinevi.com.tr\/index.php\/urun\/ah-su-diyetler-yerimde-olsan-dizisi\/"},"modified":"2026-04-16T03:03:03","modified_gmt":"2026-04-16T00:03:03","slug":"ah-su-diyetler-yerimde-olsan-dizisi","status":"publish","type":"product","link":"https:\/\/roveyayinevi.com.tr\/index.php\/urun\/ah-su-diyetler-yerimde-olsan-dizisi\/","title":{"rendered":"Ah \u015eu Diyetler &#8211; Yerimde Olsan Dizisi"},"content":{"rendered":"<p>Etraf\u0131m\u0131zdaki bir\u00e7ok insan\u0131n t\u00fcrl\u00fc t\u00fcrl\u00fc sorunlar\u0131 var. Herkesin de sorunlar\u0131yla ba\u015fa \u00e7\u0131kmak i\u00e7in farkl\u0131 farkl\u0131 y\u00f6ntemleri&#8230; Bu \u00f6yk\u00fclerde tan\u0131\u015faca\u011f\u0131n\u0131z karakterlerin her biri kendinizi bir ba\u015fkas\u0131n\u0131n yerine koyabilmeniz, onun gibi d\u00fc\u015f\u00fcnebilmeniz i\u00e7in sizlere rehberlik ediyor. Sahi siz onlar\u0131n yerinde olsan\u0131z ne yapard\u0131n\u0131z?Fazla kilolar\u0131ndan kurtulmak isteyen ancak s\u00f6z konusu diyet yapmak oldu\u011funda hi\u00e7 ba\u015far\u0131l\u0131 olamayan Tuna, oyunculuk yetene\u011fini ke\u015ffederek diyetle olan ili\u015fkisini de de\u011fi\u015ftiriyor. Tuna y\u0131llar sonras\u0131ndan bize bir y\u00f6netmen olarak sesleniyor ve istenildi\u011finde her \u015feyin ba\u015far\u0131labilece\u011fini kan\u0131tl\u0131yor.<\/p>\n","protected":false},"excerpt":{"rendered":"<p>Etraf\u0131m\u0131zdaki bir\u00e7ok insan\u0131n t\u00fcrl\u00fc t\u00fcrl\u00fc sorunlar\u0131 var. Herkesin de sorunlar\u0131yla ba\u015fa \u00e7\u0131kmak i\u00e7in farkl\u0131 farkl\u0131 y\u00f6ntemleri&#8230; Bu \u00f6yk\u00fclerde tan\u0131\u015faca\u011f\u0131n\u0131z karakterlerin her biri kendinizi bir ba\u015fkas\u0131n\u0131n yerine<span class=\"excerpt-hellip\"> [\u2026]<\/span><\/p>\n","protected":false},"featured_media":0,"template":"","meta":{"_monsterinsights_skip_tracking":false,"_monsterinsights_sitenote_active":false,"_monsterinsights_sitenote_note":"","_monsterinsights_sitenote_category":0},"product_brand":[],"product_cat":[12274,12284],"product_tag":[],"class_list":{"0":"post-749441","1":"product","2":"type-product","3":"status-publish","5":"product_cat-cocuk-ve-genclik-kitaplari","6":"product_cat-hikayeler","7":"pa_cilt-ciltsiz","8":"pa_tur-kitap","9":"pa_yayinevi-erdem-cocuk","10":"pa_yazar-nehir-aydin-gokduman","12":"first","13":"instock","14":"sale","15":"shipping-taxable","16":"purchasable","17":"product-type-simple"},"_links":{"self":[{"href":"https:\/\/roveyayinevi.com.tr\/index.php\/wp-json\/wp\/v2\/product\/749441","targetHints":{"allow":["GET"]}}],"collection":[{"href":"https:\/\/roveyayinevi.com.tr\/index.php\/wp-json\/wp\/v2\/product"}],"about":[{"href":"https:\/\/roveyayinevi.com.tr\/index.php\/wp-json\/wp\/v2\/types\/product"}],"wp:attachment":[{"href":"https:\/\/roveyayinevi.com.tr\/index.php\/wp-json\/wp\/v2\/media?parent=749441"}],"wp:term":[{"taxonomy":"product_brand","embeddable":true,"href":"https:\/\/roveyayinevi.com.tr\/index.php\/wp-json\/wp\/v2\/product_brand?post=749441"},{"taxonomy":"product_cat","embeddable":true,"href":"https:\/\/roveyayinevi.com.tr\/index.php\/wp-json\/wp\/v2\/product_cat?post=749441"},{"taxonomy":"product_tag","embeddable":true,"href":"https:\/\/roveyayinevi.com.tr\/index.php\/wp-json\/wp\/v2\/product_tag?post=749441"}],"curies":[{"name":"wp","href":"https:\/\/api.w.org\/{rel}","templated":true}]}}