{"id":749439,"date":"2025-08-28T03:56:13","date_gmt":"2025-08-28T00:56:13","guid":{"rendered":"https:\/\/roveyayinevi.com.tr\/index.php\/urun\/fotograflarda-kalan-ailem-yerimde-olsan-dizisi\/"},"modified":"2026-04-16T03:03:03","modified_gmt":"2026-04-16T00:03:03","slug":"fotograflarda-kalan-ailem-yerimde-olsan-dizisi","status":"publish","type":"product","link":"https:\/\/roveyayinevi.com.tr\/index.php\/urun\/fotograflarda-kalan-ailem-yerimde-olsan-dizisi\/","title":{"rendered":"Foto\u011fraflarda Kalan Ailem &#8211; Yerimde Olsan Dizisi"},"content":{"rendered":"<p>Etraf\u0131m\u0131zdaki bir\u00e7ok insan\u0131n t\u00fcrl\u00fc t\u00fcrl\u00fc sorunlar\u0131 var. Herkesin de sorunlar\u0131yla ba\u015fa \u00e7\u0131kmak i\u00e7in farkl\u0131 farkl\u0131 y\u00f6ntemleri&#8230; Bu \u00f6yk\u00fclerde tan\u0131\u015faca\u011f\u0131n\u0131z karakterlerin her biri kendinizi bir ba\u015fkas\u0131n\u0131n yerine koyabilmeniz, onun gibi d\u00fc\u015f\u00fcnebilmeniz i\u00e7in sizlere rehberlik ediyor. Sahi siz onlar\u0131n yerinde olsan\u0131z ne yapard\u0131n\u0131z?Annesi ve babas\u0131 bo\u015fand\u0131ktan sonra onlar\u0131n tekrar bir araya gelece\u011fi g\u00fcnlerin hayalini kuran Ela\u2019y\u0131 k\u00f6t\u00fc bir s\u00fcrpriz beklemektedir. Babas\u0131 bir ba\u015fkas\u0131yla evlenmi\u015ftir ve babas\u0131n\u0131n bir k\u0131z\u0131 daha olmu\u015ftur. Ela i\u00e7in hayli zor olsa da bu durumu kabullenmesi gerekmektedir.<\/p>\n","protected":false},"excerpt":{"rendered":"<p>Etraf\u0131m\u0131zdaki bir\u00e7ok insan\u0131n t\u00fcrl\u00fc t\u00fcrl\u00fc sorunlar\u0131 var. Herkesin de sorunlar\u0131yla ba\u015fa \u00e7\u0131kmak i\u00e7in farkl\u0131 farkl\u0131 y\u00f6ntemleri&#8230; Bu \u00f6yk\u00fclerde tan\u0131\u015faca\u011f\u0131n\u0131z karakterlerin her biri kendinizi bir ba\u015fkas\u0131n\u0131n yerine<span class=\"excerpt-hellip\"> [\u2026]<\/span><\/p>\n","protected":false},"featured_media":0,"template":"","meta":{"_monsterinsights_skip_tracking":false,"_monsterinsights_sitenote_active":false,"_monsterinsights_sitenote_note":"","_monsterinsights_sitenote_category":0},"product_brand":[],"product_cat":[12274,12284],"product_tag":[],"class_list":{"0":"post-749439","1":"product","2":"type-product","3":"status-publish","5":"product_cat-cocuk-ve-genclik-kitaplari","6":"product_cat-hikayeler","7":"pa_cilt-ciltsiz","8":"pa_tur-kitap","9":"pa_yayinevi-erdem-cocuk","10":"pa_yazar-nehir-aydin-gokduman","12":"first","13":"instock","14":"sale","15":"shipping-taxable","16":"purchasable","17":"product-type-simple"},"_links":{"self":[{"href":"https:\/\/roveyayinevi.com.tr\/index.php\/wp-json\/wp\/v2\/product\/749439","targetHints":{"allow":["GET"]}}],"collection":[{"href":"https:\/\/roveyayinevi.com.tr\/index.php\/wp-json\/wp\/v2\/product"}],"about":[{"href":"https:\/\/roveyayinevi.com.tr\/index.php\/wp-json\/wp\/v2\/types\/product"}],"wp:attachment":[{"href":"https:\/\/roveyayinevi.com.tr\/index.php\/wp-json\/wp\/v2\/media?parent=749439"}],"wp:term":[{"taxonomy":"product_brand","embeddable":true,"href":"https:\/\/roveyayinevi.com.tr\/index.php\/wp-json\/wp\/v2\/product_brand?post=749439"},{"taxonomy":"product_cat","embeddable":true,"href":"https:\/\/roveyayinevi.com.tr\/index.php\/wp-json\/wp\/v2\/product_cat?post=749439"},{"taxonomy":"product_tag","embeddable":true,"href":"https:\/\/roveyayinevi.com.tr\/index.php\/wp-json\/wp\/v2\/product_tag?post=749439"}],"curies":[{"name":"wp","href":"https:\/\/api.w.org\/{rel}","templated":true}]}}