{"id":749436,"date":"2025-08-28T03:56:09","date_gmt":"2025-08-28T00:56:09","guid":{"rendered":"https:\/\/roveyayinevi.com.tr\/index.php\/urun\/bizi-bekleyen-elmalar-yerimde-olsan-dizisi\/"},"modified":"2026-04-03T03:04:50","modified_gmt":"2026-04-03T00:04:50","slug":"bizi-bekleyen-elmalar-yerimde-olsan-dizisi","status":"publish","type":"product","link":"https:\/\/roveyayinevi.com.tr\/index.php\/urun\/bizi-bekleyen-elmalar-yerimde-olsan-dizisi\/","title":{"rendered":"Bizi Bekleyen Elmalar &#8211; Yerimde Olsan Dizisi"},"content":{"rendered":"<p>Etraf\u0131m\u0131zdaki bir\u00e7ok insan\u0131n t\u00fcrl\u00fc t\u00fcrl\u00fc sorunlar\u0131 var. Herkesin de sorunlar\u0131yla ba\u015fa \u00e7\u0131kmak i\u00e7in farkl\u0131 farkl\u0131 y\u00f6ntemleri&#8230; Bu \u00f6yk\u00fclerde tan\u0131\u015faca\u011f\u0131n\u0131z karakterlerin her biri kendinizi bir ba\u015fkas\u0131n\u0131n yerine koyabilmeniz, onun gibi d\u00fc\u015f\u00fcnebilmeniz i\u00e7in sizlere rehberlik ediyor. Sahi siz onlar\u0131n yerinde olsan\u0131z ne yapard\u0131n\u0131z?Hen\u00fcz iki ya\u015f\u0131ndayken tutuldu\u011fu kas hastal\u0131\u011f\u0131 sebebiyle tekerlekli sandalyeyle ya\u015famak zorunda kalan \u00c7a\u011fla, okulda ve rehabilitasyon merkezinde ya\u015fad\u0131klar\u0131n\u0131 anlat\u0131yor. Rehabilitasyon merkezindeki arkada\u015f\u0131 S\u0131la, babas\u0131 i\u015fini kaybetti\u011fi i\u00e7in fizyoterapiye devam edemeyecektir. \u00c7a\u011fla ise bu duruma kay\u0131ts\u0131z kalamaz ve s\u0131n\u0131f arkada\u015f\u0131 Mert Ali ile bir \u00e7\u00f6z\u00fcm yolu aramaya ba\u015flar.<\/p>\n","protected":false},"excerpt":{"rendered":"<p>Etraf\u0131m\u0131zdaki bir\u00e7ok insan\u0131n t\u00fcrl\u00fc t\u00fcrl\u00fc sorunlar\u0131 var. Herkesin de sorunlar\u0131yla ba\u015fa \u00e7\u0131kmak i\u00e7in farkl\u0131 farkl\u0131 y\u00f6ntemleri&#8230; Bu \u00f6yk\u00fclerde tan\u0131\u015faca\u011f\u0131n\u0131z karakterlerin her biri kendinizi bir ba\u015fkas\u0131n\u0131n yerine<span class=\"excerpt-hellip\"> [\u2026]<\/span><\/p>\n","protected":false},"featured_media":0,"template":"","meta":{"_monsterinsights_skip_tracking":false,"_monsterinsights_sitenote_active":false,"_monsterinsights_sitenote_note":"","_monsterinsights_sitenote_category":0},"product_brand":[],"product_cat":[12274,12284],"product_tag":[],"class_list":{"0":"post-749436","1":"product","2":"type-product","3":"status-publish","5":"product_cat-cocuk-ve-genclik-kitaplari","6":"product_cat-hikayeler","7":"pa_cilt-ciltsiz","8":"pa_tur-kitap","9":"pa_yayinevi-erdem-cocuk","10":"pa_yazar-nehir-aydin-gokduman","12":"first","13":"instock","14":"sale","15":"shipping-taxable","16":"purchasable","17":"product-type-simple"},"_links":{"self":[{"href":"https:\/\/roveyayinevi.com.tr\/index.php\/wp-json\/wp\/v2\/product\/749436","targetHints":{"allow":["GET"]}}],"collection":[{"href":"https:\/\/roveyayinevi.com.tr\/index.php\/wp-json\/wp\/v2\/product"}],"about":[{"href":"https:\/\/roveyayinevi.com.tr\/index.php\/wp-json\/wp\/v2\/types\/product"}],"wp:attachment":[{"href":"https:\/\/roveyayinevi.com.tr\/index.php\/wp-json\/wp\/v2\/media?parent=749436"}],"wp:term":[{"taxonomy":"product_brand","embeddable":true,"href":"https:\/\/roveyayinevi.com.tr\/index.php\/wp-json\/wp\/v2\/product_brand?post=749436"},{"taxonomy":"product_cat","embeddable":true,"href":"https:\/\/roveyayinevi.com.tr\/index.php\/wp-json\/wp\/v2\/product_cat?post=749436"},{"taxonomy":"product_tag","embeddable":true,"href":"https:\/\/roveyayinevi.com.tr\/index.php\/wp-json\/wp\/v2\/product_tag?post=749436"}],"curies":[{"name":"wp","href":"https:\/\/api.w.org\/{rel}","templated":true}]}}