{"id":749432,"date":"2025-08-28T03:56:02","date_gmt":"2025-08-28T00:56:02","guid":{"rendered":"https:\/\/roveyayinevi.com.tr\/index.php\/urun\/gonullerin-hocasi-turkcenin-muhafizlar-5\/"},"modified":"2026-04-16T03:03:03","modified_gmt":"2026-04-16T00:03:03","slug":"gonullerin-hocasi-turkcenin-muhafizlar-5","status":"publish","type":"product","link":"https:\/\/roveyayinevi.com.tr\/index.php\/urun\/gonullerin-hocasi-turkcenin-muhafizlar-5\/","title":{"rendered":"G\u00f6n\u00fcllerin Hocas\u0131 &#8211; T\u00fcrk\u00e7enin Muhaf\u0131zlar 5"},"content":{"rendered":"<p>T\u00fcrk\u00e7emizin g\u00fcn\u00fcm\u00fcze kadar ula\u015fmas\u0131nda muhaf\u0131zl\u0131k eden pek \u00e7ok ki\u015fi oldu. T\u00fcrk\u00e7enin Muhaf\u0131zlar\u0131\u2019yla bu ki\u015fileri yak\u0131ndan tan\u0131maya ne dersiniz?Daha \u00e7ocukluk y\u0131llar\u0131nda merak\u0131yla, \u00e7evresini ara\u015ft\u0131r\u0131p yeni \u015feyler \u00f6\u011frenme hevesiyle ya\u015f\u0131tlar\u0131ndan ayr\u0131\u015fan Ahmet, k\u00fc\u00e7\u00fck ya\u015fta annesini ve babas\u0131n\u0131 kaybeder. Ablas\u0131yla koca d\u00fcnyada bir ba\u015f\u0131na kalan Ahmet d\u00f6nemin \u00fcnl\u00fc hocalar\u0131ndan dersler al\u0131r. Zaman\u0131 gelip hocal\u0131k vazifesini devrald\u0131\u011f\u0131nda vefat\u0131ndan y\u00fczy\u0131llar sonra bile kaynak olarak kullan\u0131lmaya devam edilecek olan Divan-\u0131 Hikmet adl\u0131 eserini kaleme al\u0131r.T\u00fcrk\u00e7enin Muhaf\u0131zlar\u0131 dizisinin be\u015finci kitab\u0131nda Ahmet Yesevi\u2019nin ya\u015fam \u00f6yk\u00fcs\u00fcn\u00fc okuyacaks\u0131n\u0131z.<\/p>\n","protected":false},"excerpt":{"rendered":"<p>T\u00fcrk\u00e7emizin g\u00fcn\u00fcm\u00fcze kadar ula\u015fmas\u0131nda muhaf\u0131zl\u0131k eden pek \u00e7ok ki\u015fi oldu. T\u00fcrk\u00e7enin Muhaf\u0131zlar\u0131\u2019yla bu ki\u015fileri yak\u0131ndan tan\u0131maya ne dersiniz?Daha \u00e7ocukluk y\u0131llar\u0131nda merak\u0131yla, \u00e7evresini ara\u015ft\u0131r\u0131p yeni \u015feyler \u00f6\u011frenme<span class=\"excerpt-hellip\"> [\u2026]<\/span><\/p>\n","protected":false},"featured_media":0,"template":"","meta":{"_monsterinsights_skip_tracking":false,"_monsterinsights_sitenote_active":false,"_monsterinsights_sitenote_note":"","_monsterinsights_sitenote_category":0},"product_brand":[],"product_cat":[12274,12284],"product_tag":[],"class_list":{"0":"post-749432","1":"product","2":"type-product","3":"status-publish","5":"product_cat-cocuk-ve-genclik-kitaplari","6":"product_cat-hikayeler","7":"pa_cilt-ciltsiz","8":"pa_tur-kitap","9":"pa_yayinevi-erdem-cocuk","10":"pa_yazar-ozgur-aras-tufek","12":"first","13":"instock","14":"sale","15":"shipping-taxable","16":"purchasable","17":"product-type-simple"},"_links":{"self":[{"href":"https:\/\/roveyayinevi.com.tr\/index.php\/wp-json\/wp\/v2\/product\/749432","targetHints":{"allow":["GET"]}}],"collection":[{"href":"https:\/\/roveyayinevi.com.tr\/index.php\/wp-json\/wp\/v2\/product"}],"about":[{"href":"https:\/\/roveyayinevi.com.tr\/index.php\/wp-json\/wp\/v2\/types\/product"}],"wp:attachment":[{"href":"https:\/\/roveyayinevi.com.tr\/index.php\/wp-json\/wp\/v2\/media?parent=749432"}],"wp:term":[{"taxonomy":"product_brand","embeddable":true,"href":"https:\/\/roveyayinevi.com.tr\/index.php\/wp-json\/wp\/v2\/product_brand?post=749432"},{"taxonomy":"product_cat","embeddable":true,"href":"https:\/\/roveyayinevi.com.tr\/index.php\/wp-json\/wp\/v2\/product_cat?post=749432"},{"taxonomy":"product_tag","embeddable":true,"href":"https:\/\/roveyayinevi.com.tr\/index.php\/wp-json\/wp\/v2\/product_tag?post=749432"}],"curies":[{"name":"wp","href":"https:\/\/api.w.org\/{rel}","templated":true}]}}