{"id":749429,"date":"2025-08-28T03:55:51","date_gmt":"2025-08-28T00:55:51","guid":{"rendered":"https:\/\/roveyayinevi.com.tr\/index.php\/urun\/bu-efsane-hikayelerden-neden-haberim-yok\/"},"modified":"2026-04-16T03:03:03","modified_gmt":"2026-04-16T00:03:03","slug":"bu-efsane-hikayelerden-neden-haberim-yok","status":"publish","type":"product","link":"https:\/\/roveyayinevi.com.tr\/index.php\/urun\/bu-efsane-hikayelerden-neden-haberim-yok\/","title":{"rendered":"Bu Efsane Hikayelerden Neden Haberim Yok"},"content":{"rendered":"<p>Bir yan\u0131yla tarih\u00ee olaylardan, bir yan\u0131yla edeb\u00ee kurgudan beslenen hik\u00e2yeler&#8230;Yavuz Sultan Selim, Cervantes, Sultan Abdulaziz, Eug\u00e9nie de Montijo gibi tarih\u00ee ki\u015filikler hakk\u0131nda s\u00f6ylenegelmi\u015f olaylar\u0131n, \u201cYa\u015fansayd\u0131 ne olurdu?\u201d diyerek yeniden yaz\u0131l\u0131p kurguland\u0131\u011f\u0131 bu kitab\u0131 okurken merak ve hayret sizi hi\u00e7 b\u0131rakmayacak.Tarih\u00e7i-yazar Kadir Ko\u00e7\u2019un kaleme ald\u0131\u011f\u0131, bir aya\u011f\u0131 ger\u00e7ekli\u011fe, bir aya\u011f\u0131 hayale dayanan hik\u00e2yeler; okurlar\u0131n meraklar\u0131n\u0131 harekete ge\u00e7irerek onlar\u0131 tarihin arka sayfalar\u0131n\u0131 ara\u015ft\u0131rmaya te\u015fvik edecek. Tarih\u00ee efsanelerin hik\u00e2yele\u015ftirildi\u011fi Bu Efsane Hik\u00e2yelerden Neden Haberim Yok! tarihin farkl\u0131 sayfalar\u0131n\u0131 aralamak isteyen t\u00fcm okurlar i\u00e7in raflarda yerini al\u0131yor.<\/p>\n","protected":false},"excerpt":{"rendered":"<p>Bir yan\u0131yla tarih\u00ee olaylardan, bir yan\u0131yla edeb\u00ee kurgudan beslenen hik\u00e2yeler&#8230;Yavuz Sultan Selim, Cervantes, Sultan Abdulaziz, Eug\u00e9nie de Montijo gibi tarih\u00ee ki\u015filikler hakk\u0131nda s\u00f6ylenegelmi\u015f olaylar\u0131n, \u201cYa\u015fansayd\u0131 ne<span class=\"excerpt-hellip\"> [\u2026]<\/span><\/p>\n","protected":false},"featured_media":0,"template":"","meta":{"_monsterinsights_skip_tracking":false,"_monsterinsights_sitenote_active":false,"_monsterinsights_sitenote_note":"","_monsterinsights_sitenote_category":0},"product_brand":[],"product_cat":[12291,18202],"product_tag":[],"class_list":{"0":"post-749429","1":"product","2":"type-product","3":"status-publish","5":"product_cat-edebiyat","6":"product_cat-hikaye","7":"pa_cilt-ciltsiz","8":"pa_tur-kitap","9":"pa_yayinevi-erdem-cocuk","10":"pa_yazar-kadir-koc","12":"first","13":"instock","14":"sale","15":"shipping-taxable","16":"purchasable","17":"product-type-simple"},"_links":{"self":[{"href":"https:\/\/roveyayinevi.com.tr\/index.php\/wp-json\/wp\/v2\/product\/749429","targetHints":{"allow":["GET"]}}],"collection":[{"href":"https:\/\/roveyayinevi.com.tr\/index.php\/wp-json\/wp\/v2\/product"}],"about":[{"href":"https:\/\/roveyayinevi.com.tr\/index.php\/wp-json\/wp\/v2\/types\/product"}],"wp:attachment":[{"href":"https:\/\/roveyayinevi.com.tr\/index.php\/wp-json\/wp\/v2\/media?parent=749429"}],"wp:term":[{"taxonomy":"product_brand","embeddable":true,"href":"https:\/\/roveyayinevi.com.tr\/index.php\/wp-json\/wp\/v2\/product_brand?post=749429"},{"taxonomy":"product_cat","embeddable":true,"href":"https:\/\/roveyayinevi.com.tr\/index.php\/wp-json\/wp\/v2\/product_cat?post=749429"},{"taxonomy":"product_tag","embeddable":true,"href":"https:\/\/roveyayinevi.com.tr\/index.php\/wp-json\/wp\/v2\/product_tag?post=749429"}],"curies":[{"name":"wp","href":"https:\/\/api.w.org\/{rel}","templated":true}]}}