{"id":749425,"date":"2025-08-28T03:55:45","date_gmt":"2025-08-28T00:55:45","guid":{"rendered":"https:\/\/roveyayinevi.com.tr\/index.php\/urun\/turkce-ogreten-sozluk-2-cilt\/"},"modified":"2026-04-16T03:03:03","modified_gmt":"2026-04-16T00:03:03","slug":"turkce-ogreten-sozluk-2-cilt","status":"publish","type":"product","link":"https:\/\/roveyayinevi.com.tr\/index.php\/urun\/turkce-ogreten-sozluk-2-cilt\/","title":{"rendered":"T\u00fcrk\u00e7e \u00d6\u011freten S\u00f6zl\u00fck 2 Cilt"},"content":{"rendered":"<p>T\u00fcrk\u00e7e \u00d6\u011freten S\u00f6zl\u00fck \u00e7ocuklara ve gen\u00e7lere T\u00fcrk\u00e7enin \u00f6z\u00fcn\u00fc kavramalar\u0131n\u0131, do\u011fru ve g\u00fczel konu\u015fup yazmay\u0131 \u00f6\u011frenmelerini sa\u011flayacak bir ba\u015fvuru kayna\u011f\u0131d\u0131r.T\u00fcrk\u00e7e \u00d6\u011freten S\u00f6zl\u00fck\u2019\u00fc kullananlar arad\u0131klar\u0131 s\u00f6zc\u00fc\u011fe an\u0131nda ula\u015fabilecekleri gibi hem de s\u00f6z konusu s\u00f6zc\u00fckle ayn\u0131 sayfada bulunan di\u011fer s\u00f6zc\u00fcklere de g\u00f6z atarak kelime hazinelerini geli\u015ftirme f\u0131rsat\u0131 bulacaklard\u0131r.T\u00fcrk\u00e7e \u00d6\u011freten S\u00f6zl\u00fck\u2019te yakla\u015f\u0131k 10.000\u2019i a\u015fk\u0131n madde ba\u015f\u0131 s\u00f6zc\u00fck, 25.000\u2019e yak\u0131n tan\u0131m c\u00fcmlesi, 15.000\u2019i a\u015fk\u0131n \u00f6rnek c\u00fcmle, 1000\u2019i a\u015fk\u0131n resim, binlerce e\u015f ve yak\u0131n anlam ile kar\u015f\u0131t anlam maddesi, atas\u00f6z\u00fc, deyim ve \u00f6zdeyi\u015f bulunmaktad\u0131r.S\u00f6zl\u00fc\u011f\u00fcn her sayfas\u0131nda, ulusal k\u00fclt\u00fcr\u00fcm\u00fcz\u00fcn de\u011ferlerinden Nasrettin Hoca\u2019yla ilgili en az bir resim ve buna ili\u015fkin \u00f6rnek bir c\u00fcmle yer almaktad\u0131r.<\/p>\n","protected":false},"excerpt":{"rendered":"<p>T\u00fcrk\u00e7e \u00d6\u011freten S\u00f6zl\u00fck \u00e7ocuklara ve gen\u00e7lere T\u00fcrk\u00e7enin \u00f6z\u00fcn\u00fc kavramalar\u0131n\u0131, do\u011fru ve g\u00fczel konu\u015fup yazmay\u0131 \u00f6\u011frenmelerini sa\u011flayacak bir ba\u015fvuru kayna\u011f\u0131d\u0131r.T\u00fcrk\u00e7e \u00d6\u011freten S\u00f6zl\u00fck\u2019\u00fc kullananlar arad\u0131klar\u0131 s\u00f6zc\u00fc\u011fe an\u0131nda ula\u015fabilecekleri<span class=\"excerpt-hellip\"> [\u2026]<\/span><\/p>\n","protected":false},"featured_media":0,"template":"","meta":{"_monsterinsights_skip_tracking":false,"_monsterinsights_sitenote_active":false,"_monsterinsights_sitenote_note":"","_monsterinsights_sitenote_category":0},"product_brand":[],"product_cat":[14597,12566],"product_tag":[],"class_list":{"0":"post-749425","1":"product","2":"type-product","3":"status-publish","5":"product_cat-dil-ogrenimi","6":"product_cat-egitim","7":"pa_cilt-ciltsiz","8":"pa_tur-kitap","9":"pa_yayinevi-erdem-cocuk","10":"pa_yazar-artun-altiparmak","12":"first","13":"instock","14":"sale","15":"shipping-taxable","16":"purchasable","17":"product-type-simple"},"_links":{"self":[{"href":"https:\/\/roveyayinevi.com.tr\/index.php\/wp-json\/wp\/v2\/product\/749425","targetHints":{"allow":["GET"]}}],"collection":[{"href":"https:\/\/roveyayinevi.com.tr\/index.php\/wp-json\/wp\/v2\/product"}],"about":[{"href":"https:\/\/roveyayinevi.com.tr\/index.php\/wp-json\/wp\/v2\/types\/product"}],"wp:attachment":[{"href":"https:\/\/roveyayinevi.com.tr\/index.php\/wp-json\/wp\/v2\/media?parent=749425"}],"wp:term":[{"taxonomy":"product_brand","embeddable":true,"href":"https:\/\/roveyayinevi.com.tr\/index.php\/wp-json\/wp\/v2\/product_brand?post=749425"},{"taxonomy":"product_cat","embeddable":true,"href":"https:\/\/roveyayinevi.com.tr\/index.php\/wp-json\/wp\/v2\/product_cat?post=749425"},{"taxonomy":"product_tag","embeddable":true,"href":"https:\/\/roveyayinevi.com.tr\/index.php\/wp-json\/wp\/v2\/product_tag?post=749425"}],"curies":[{"name":"wp","href":"https:\/\/api.w.org\/{rel}","templated":true}]}}