{"id":749423,"date":"2025-08-28T03:55:43","date_gmt":"2025-08-28T00:55:43","guid":{"rendered":"https:\/\/roveyayinevi.com.tr\/index.php\/urun\/bahaeddin-naksibend-sufilerin-sahi\/"},"modified":"2026-04-16T03:03:03","modified_gmt":"2026-04-16T00:03:03","slug":"bahaeddin-naksibend-sufilerin-sahi","status":"publish","type":"product","link":"https:\/\/roveyayinevi.com.tr\/index.php\/urun\/bahaeddin-naksibend-sufilerin-sahi\/","title":{"rendered":"Bahaeddin Nak\u015fibend &#8211; Sufilerin \u015eah\u0131"},"content":{"rendered":"<p>\u0130slam d\u00fcnyas\u0131n\u0131n en b\u00fcy\u00fck mutasavv\u0131flar\u0131ndan biri ve Nak\u015fibendiyye tarikat\u0131n\u0131n kurucusu olan \u015eeyh Bah\u00e2eddin Nak\u015fibend, tarikat\u0131yla y\u00fczy\u0131llar boyunca toplum \u00fczerinde derin izler b\u0131rakm\u0131\u015f, m\u00fctevaz\u0131 bir \u015fahsiyettir.\u015eeyh Bah\u00e2eddin Nak\u015fibend\u2019in hayat\u0131, tasavvuf anlay\u0131\u015f\u0131, talebeleri ve \u00f6rnek ki\u015fili\u011finin anlat\u0131ld\u0131\u011f\u0131 bu kitapta y\u00fczy\u0131llar \u00f6ncesinden g\u00fcn\u00fcm\u00fcze gelen tavsiye niteli\u011findeki s\u00f6z ve dualar\u0131n\u0131 da okuyabileceksiniz.<\/p>\n","protected":false},"excerpt":{"rendered":"<p>\u0130slam d\u00fcnyas\u0131n\u0131n en b\u00fcy\u00fck mutasavv\u0131flar\u0131ndan biri ve Nak\u015fibendiyye tarikat\u0131n\u0131n kurucusu olan \u015eeyh Bah\u00e2eddin Nak\u015fibend, tarikat\u0131yla y\u00fczy\u0131llar boyunca toplum \u00fczerinde derin izler b\u0131rakm\u0131\u015f, m\u00fctevaz\u0131 bir \u015fahsiyettir.\u015eeyh Bah\u00e2eddin<span class=\"excerpt-hellip\"> [\u2026]<\/span><\/p>\n","protected":false},"featured_media":0,"template":"","meta":{"_monsterinsights_skip_tracking":false,"_monsterinsights_sitenote_active":false,"_monsterinsights_sitenote_note":"","_monsterinsights_sitenote_category":0},"product_brand":[],"product_cat":[18094,12718,12719],"product_tag":[],"class_list":{"0":"post-749423","1":"product","2":"type-product","3":"status-publish","5":"product_cat-biyografi-otobiyografi-islam","6":"product_cat-din","7":"product_cat-islam","8":"pa_cilt-ciltsiz","9":"pa_tur-kitap","10":"pa_yayinevi-erdem-cocuk","11":"pa_yazar-asuman-sahin","13":"first","14":"instock","15":"sale","16":"shipping-taxable","17":"purchasable","18":"product-type-simple"},"_links":{"self":[{"href":"https:\/\/roveyayinevi.com.tr\/index.php\/wp-json\/wp\/v2\/product\/749423","targetHints":{"allow":["GET"]}}],"collection":[{"href":"https:\/\/roveyayinevi.com.tr\/index.php\/wp-json\/wp\/v2\/product"}],"about":[{"href":"https:\/\/roveyayinevi.com.tr\/index.php\/wp-json\/wp\/v2\/types\/product"}],"wp:attachment":[{"href":"https:\/\/roveyayinevi.com.tr\/index.php\/wp-json\/wp\/v2\/media?parent=749423"}],"wp:term":[{"taxonomy":"product_brand","embeddable":true,"href":"https:\/\/roveyayinevi.com.tr\/index.php\/wp-json\/wp\/v2\/product_brand?post=749423"},{"taxonomy":"product_cat","embeddable":true,"href":"https:\/\/roveyayinevi.com.tr\/index.php\/wp-json\/wp\/v2\/product_cat?post=749423"},{"taxonomy":"product_tag","embeddable":true,"href":"https:\/\/roveyayinevi.com.tr\/index.php\/wp-json\/wp\/v2\/product_tag?post=749423"}],"curies":[{"name":"wp","href":"https:\/\/api.w.org\/{rel}","templated":true}]}}