{"id":749422,"date":"2025-08-28T03:55:42","date_gmt":"2025-08-28T00:55:42","guid":{"rendered":"https:\/\/roveyayinevi.com.tr\/index.php\/urun\/fikri-ile-fahri-dizisi-5-kitap\/"},"modified":"2026-04-16T03:03:03","modified_gmt":"2026-04-16T00:03:03","slug":"fikri-ile-fahri-dizisi-5-kitap","status":"publish","type":"product","link":"https:\/\/roveyayinevi.com.tr\/index.php\/urun\/fikri-ile-fahri-dizisi-5-kitap\/","title":{"rendered":"Fikri \u0130le Fahri Dizisi &#8211; 5 Kitap"},"content":{"rendered":"<p>\u201cBen Fikri Bol Fikri, Horoz \u015eekeri Soka\u011f\u0131\u2019nda oturuyorum. Ad\u0131ma yak\u0131\u015f\u0131r bir \u00e7ocu\u011fum. Kendimi bildim bileli hi\u00e7 fikir s\u0131k\u0131nt\u0131s\u0131 \u00e7ekmedim. Bir fikir fabrikas\u0131 ya da fikir arkeolo\u011fuyum. Fahri de benim s\u0131n\u0131f arkada\u015f\u0131m, can dostum, \u00fcst kom\u015fumdur. Burada anlatt\u0131klar\u0131m da bizim ba\u015f\u0131m\u0131zdan ge\u00e7en e\u011flenceli komik olaylar.\u201d Ayakkab\u0131lar\u0131n Ayaklar\u0131 Yoktur D\u00fcnya Pisiler G\u00fcn\u00fc U\u00e7ak U\u00e7urtma Kursu D\u00fcnya ile Ba\u011flant\u0131m Koptu \u00dcnl\u00fc Yazarlar \u0130\u015f Ba\u015f\u0131nda<\/p>\n","protected":false},"excerpt":{"rendered":"<p>\u201cBen Fikri Bol Fikri, Horoz \u015eekeri Soka\u011f\u0131\u2019nda oturuyorum. Ad\u0131ma yak\u0131\u015f\u0131r bir \u00e7ocu\u011fum. Kendimi bildim bileli hi\u00e7 fikir s\u0131k\u0131nt\u0131s\u0131 \u00e7ekmedim. Bir fikir fabrikas\u0131 ya da fikir arkeolo\u011fuyum.<span class=\"excerpt-hellip\"> [\u2026]<\/span><\/p>\n","protected":false},"featured_media":0,"template":"","meta":{"_monsterinsights_skip_tracking":false,"_monsterinsights_sitenote_active":false,"_monsterinsights_sitenote_note":"","_monsterinsights_sitenote_category":0},"product_brand":[],"product_cat":[12274,12284],"product_tag":[],"class_list":{"0":"post-749422","1":"product","2":"type-product","3":"status-publish","5":"product_cat-cocuk-ve-genclik-kitaplari","6":"product_cat-hikayeler","7":"pa_cilt-ciltsiz","8":"pa_tur-kitap","9":"pa_yayinevi-dus-degirmeni","10":"pa_yazar-nehir-aydin-gokduman","12":"first","13":"instock","14":"sale","15":"shipping-taxable","16":"purchasable","17":"product-type-simple"},"_links":{"self":[{"href":"https:\/\/roveyayinevi.com.tr\/index.php\/wp-json\/wp\/v2\/product\/749422","targetHints":{"allow":["GET"]}}],"collection":[{"href":"https:\/\/roveyayinevi.com.tr\/index.php\/wp-json\/wp\/v2\/product"}],"about":[{"href":"https:\/\/roveyayinevi.com.tr\/index.php\/wp-json\/wp\/v2\/types\/product"}],"wp:attachment":[{"href":"https:\/\/roveyayinevi.com.tr\/index.php\/wp-json\/wp\/v2\/media?parent=749422"}],"wp:term":[{"taxonomy":"product_brand","embeddable":true,"href":"https:\/\/roveyayinevi.com.tr\/index.php\/wp-json\/wp\/v2\/product_brand?post=749422"},{"taxonomy":"product_cat","embeddable":true,"href":"https:\/\/roveyayinevi.com.tr\/index.php\/wp-json\/wp\/v2\/product_cat?post=749422"},{"taxonomy":"product_tag","embeddable":true,"href":"https:\/\/roveyayinevi.com.tr\/index.php\/wp-json\/wp\/v2\/product_tag?post=749422"}],"curies":[{"name":"wp","href":"https:\/\/api.w.org\/{rel}","templated":true}]}}