{"id":749418,"date":"2025-08-28T03:55:34","date_gmt":"2025-08-28T00:55:34","guid":{"rendered":"https:\/\/roveyayinevi.com.tr\/index.php\/urun\/cocuk-kalbli-b2-yabancilar-icin\/"},"modified":"2026-04-03T03:04:50","modified_gmt":"2026-04-03T00:04:50","slug":"cocuk-kalbli-b2-yabancilar-icin","status":"publish","type":"product","link":"https:\/\/roveyayinevi.com.tr\/index.php\/urun\/cocuk-kalbli-b2-yabancilar-icin\/","title":{"rendered":"\u00c7ocuk Kalbli &#8211; B2 Yabanc\u0131lar \u0130\u00e7in"},"content":{"rendered":"<p>Yabanc\u0131 dil olarak T\u00fcrk\u00e7e \u00f6\u011frenme talebi her ge\u00e7en g\u00fcn artmaktad\u0131r. Bu hik\u00e2ye serisi, \u201cYabanc\u0131lara T\u00fcrk\u00e7e \u00d6\u011fretimi\u201d alan\u0131nda haz\u0131rlanan ders kitaplar\u0131n\u0131n yan\u0131 s\u0131ra ihtiya\u00e7 duyulan ek materyal ihtiyac\u0131n\u0131 kar\u015f\u0131lamak \u00fczere haz\u0131rlanm\u0131\u015ft\u0131r. Yabanc\u0131lara T\u00fcrk\u00e7e \u00d6\u011fretimini desteklemek amac\u0131yla haz\u0131rlanan bu kitaplar, Avrupa Dil Portfolyosu de\u011ferlendirme sistemine g\u00f6re seviyelendirilmi\u015ftir. Seri i\u00e7erisindeki kitaplar; yerli ve yabanc\u0131 klasiklerin seviyeye g\u00f6re uyarlamalar\u0131ndan ve \u00f6zg\u00fcn eserlerden olu\u015fmaktad\u0131r. Okura kazand\u0131r\u0131lmak istenen kelimeler ve ifadeler resimlerle ve tan\u0131mlarla vurgulanm\u0131\u015ft\u0131r. Okuma becerisini ve kelime \u00f6\u011frenimini geli\u015ftirmeye y\u00f6nelik bu seri, renkli g\u00f6rsellerle desteklenmi\u015ftir.<\/p>\n","protected":false},"excerpt":{"rendered":"<p>Yabanc\u0131 dil olarak T\u00fcrk\u00e7e \u00f6\u011frenme talebi her ge\u00e7en g\u00fcn artmaktad\u0131r. Bu hik\u00e2ye serisi, \u201cYabanc\u0131lara T\u00fcrk\u00e7e \u00d6\u011fretimi\u201d alan\u0131nda haz\u0131rlanan ders kitaplar\u0131n\u0131n yan\u0131 s\u0131ra ihtiya\u00e7 duyulan ek materyal<span class=\"excerpt-hellip\"> [\u2026]<\/span><\/p>\n","protected":false},"featured_media":0,"template":"","meta":{"_monsterinsights_skip_tracking":false,"_monsterinsights_sitenote_active":false,"_monsterinsights_sitenote_note":"","_monsterinsights_sitenote_category":0},"product_brand":[],"product_cat":[12291,12711],"product_tag":[],"class_list":{"0":"post-749418","1":"product","2":"type-product","3":"status-publish","5":"product_cat-edebiyat","6":"product_cat-roman-oyku","7":"pa_cilt-ciltsiz","8":"pa_tur-kitap","9":"pa_yayinevi-erdem-yayinlari","10":"pa_yazar-edmondo-de-amicis","12":"first","13":"instock","14":"sale","15":"shipping-taxable","16":"purchasable","17":"product-type-simple"},"_links":{"self":[{"href":"https:\/\/roveyayinevi.com.tr\/index.php\/wp-json\/wp\/v2\/product\/749418","targetHints":{"allow":["GET"]}}],"collection":[{"href":"https:\/\/roveyayinevi.com.tr\/index.php\/wp-json\/wp\/v2\/product"}],"about":[{"href":"https:\/\/roveyayinevi.com.tr\/index.php\/wp-json\/wp\/v2\/types\/product"}],"wp:attachment":[{"href":"https:\/\/roveyayinevi.com.tr\/index.php\/wp-json\/wp\/v2\/media?parent=749418"}],"wp:term":[{"taxonomy":"product_brand","embeddable":true,"href":"https:\/\/roveyayinevi.com.tr\/index.php\/wp-json\/wp\/v2\/product_brand?post=749418"},{"taxonomy":"product_cat","embeddable":true,"href":"https:\/\/roveyayinevi.com.tr\/index.php\/wp-json\/wp\/v2\/product_cat?post=749418"},{"taxonomy":"product_tag","embeddable":true,"href":"https:\/\/roveyayinevi.com.tr\/index.php\/wp-json\/wp\/v2\/product_tag?post=749418"}],"curies":[{"name":"wp","href":"https:\/\/api.w.org\/{rel}","templated":true}]}}