{"id":749413,"date":"2025-08-28T03:55:27","date_gmt":"2025-08-28T00:55:27","guid":{"rendered":"https:\/\/roveyayinevi.com.tr\/index.php\/urun\/cocuk-yetistirirken-travmatik-yanlislar-gelistirilen-dogrular\/"},"modified":"2026-04-16T03:03:02","modified_gmt":"2026-04-16T00:03:02","slug":"cocuk-yetistirirken-travmatik-yanlislar-gelistirilen-dogrular","status":"publish","type":"product","link":"https:\/\/roveyayinevi.com.tr\/index.php\/urun\/cocuk-yetistirirken-travmatik-yanlislar-gelistirilen-dogrular\/","title":{"rendered":"\u00c7ocuk Yeti\u015ftirirken Travmatik Yanl\u0131\u015flar Geli\u015ftirilen Do\u011frular"},"content":{"rendered":"<p>\u0130nsan hayat\u0131 mutlu, h\u00fcz\u00fcnl\u00fc, travmatik bir\u00e7ok an\u0131yla doludur. Bu an\u0131lar\u0131n bir k\u0131sm\u0131 ki\u015fiye iyi gelip g\u00fc\u00e7 kazand\u0131r\u0131rken bir k\u0131sm\u0131 da ki\u015finin hayat\u0131nda zorluklar ya\u015famas\u0131na sebep olup onu a\u015fa\u011f\u0131 \u00e7eker. Ki\u015finin \u00e7ocukken ya\u015fad\u0131\u011f\u0131 olaylar, onun hayat\u0131n\u0131 daha derinden etkiler. Bu durum, anne baba olman\u0131n ve bunun sorumlulu\u011funu duyarak bilin\u00e7li davran\u0131\u015flar geli\u015ftirmenin; \u00e7evresiyle, kendisiyle bar\u0131\u015f\u0131k huzurlu insan yeti\u015ftirmede ne kadar \u00f6nemli oldu\u011funu vurgular. \u0130\u015fte bu anlay\u0131\u015fla haz\u0131rlanan \u00c7ocuk Yeti\u015ftirirken Travmatik Yanl\u0131\u015flar, Geli\u015ftiren Do\u011frular kitab\u0131, \u00e7ocuk yeti\u015ftirmede yap\u0131lan yanl\u0131\u015flar\u0131, do\u011fru davran\u0131\u015flar\u0131 ve bunlar\u0131n sonu\u00e7lar\u0131yla ilgili an\u0131lar\u0131 aktararak t\u00fcm ebeveynlere ayna tutuyor.Alan\u0131nda y\u0131llarca pek \u00e7ok \u00e7al\u0131\u015fma yapm\u0131\u015f, kitaplar yazm\u0131\u015f ve \u00e7e\u015fitli destek ekipleri ile faaliyet g\u00f6stermi\u015f olan Prof. Dr. Medaim Yan\u0131k, \u00c7ocuk Yeti\u015ftirirken Travmatik Yanl\u0131\u015flar, Geli\u015ftiren Do\u011frular kitab\u0131n\u0131 k\u00fc\u00e7\u00fck ama etkili bilgiler i\u00e7in ebeveynlere sunuyor. Yan\u0131k bu kitapta, ba\u015fta anne-babalar olmak \u00fczere, \u00e7ocuk e\u011fitiminde rol alan herkesin istifade edece\u011fi temel noktalar \u00fczerinde duruyor. \u00c7ocuklara olumlu etki eden, onlar\u0131n geli\u015fimini destekleyen davran\u0131\u015flar\u0131n yan\u0131 s\u0131ra olumsuz etki eden k\u0131rm\u0131z\u0131 kartl\u0131k hareketlerden \u00f6rnekler sunarak yol g\u00f6steriyor.\u201cKitab\u0131n nihai amac\u0131, ebeveynlik yapmaya katk\u0131 sa\u011flamakt\u0131r. Bu \u00e7al\u0131\u015fma anne ve babalara \u00e7ocuklara neyin k\u00f6t\u00fc neyin iyi geldi\u011fini a\u00e7\u0131k\u00e7a g\u00f6sterecek niteliktedir. \u00c7ocuklar\u0131 k\u00f6t\u00fc etkileyen davran\u0131\u015f ve tutumlar\u0131 \u00f6rnekleyerek bunlar\u0131 yapmamay\u0131; iyi gelen davran\u0131\u015f ve tutumlar\u0131 \u00f6rnekleyerek de bunlar\u0131 yapmay\u0131 te\u015fvik eder.\u201d(sf. 6)\u201cBu kitap eri\u015fkin d\u00f6nemdeki ki\u015filerin \u00e7ocukluklar\u0131nda kendilerini olumlu ve olumsuz y\u00f6nde etkileyen an\u0131lar\u0131n\u0131 tan\u0131mlad\u0131klar\u0131 bir ara\u015ft\u0131rmaya dayanmaktad\u0131r. Kitap iki ana b\u00f6l\u00fcmden olu\u015fmaktad\u0131r. Birinci b\u00f6l\u00fcmde \u00e7ocuklar\u0131 k\u00f6t\u00fc etkileyen anne-baba davran\u0131\u015flar\u0131 ve di\u011fer travmatik ya\u015fant\u0131lar anlat\u0131lm\u0131\u015ft\u0131r. \u0130kinci b\u00f6l\u00fcmde ise \u00e7ocuklara iyi gelen ya\u015fant\u0131lar aktar\u0131lm\u0131\u015ft\u0131r.\u201d(sf. 8)<\/p>\n","protected":false},"excerpt":{"rendered":"<p>\u0130nsan hayat\u0131 mutlu, h\u00fcz\u00fcnl\u00fc, travmatik bir\u00e7ok an\u0131yla doludur. Bu an\u0131lar\u0131n bir k\u0131sm\u0131 ki\u015fiye iyi gelip g\u00fc\u00e7 kazand\u0131r\u0131rken bir k\u0131sm\u0131 da ki\u015finin hayat\u0131nda zorluklar ya\u015famas\u0131na sebep olup<span class=\"excerpt-hellip\"> [\u2026]<\/span><\/p>\n","protected":false},"featured_media":0,"template":"","meta":{"_monsterinsights_skip_tracking":false,"_monsterinsights_sitenote_active":false,"_monsterinsights_sitenote_note":"","_monsterinsights_sitenote_category":0},"product_brand":[],"product_cat":[13488],"product_tag":[],"class_list":{"0":"post-749413","1":"product","2":"type-product","3":"status-publish","5":"product_cat-toplum-ve-insan","6":"pa_cilt-ciltsiz","7":"pa_tur-kitap","8":"pa_yayinevi-erdem-yayinlari","9":"pa_yazar-medaim-yanik","11":"first","12":"instock","13":"sale","14":"shipping-taxable","15":"purchasable","16":"product-type-simple"},"_links":{"self":[{"href":"https:\/\/roveyayinevi.com.tr\/index.php\/wp-json\/wp\/v2\/product\/749413","targetHints":{"allow":["GET"]}}],"collection":[{"href":"https:\/\/roveyayinevi.com.tr\/index.php\/wp-json\/wp\/v2\/product"}],"about":[{"href":"https:\/\/roveyayinevi.com.tr\/index.php\/wp-json\/wp\/v2\/types\/product"}],"wp:attachment":[{"href":"https:\/\/roveyayinevi.com.tr\/index.php\/wp-json\/wp\/v2\/media?parent=749413"}],"wp:term":[{"taxonomy":"product_brand","embeddable":true,"href":"https:\/\/roveyayinevi.com.tr\/index.php\/wp-json\/wp\/v2\/product_brand?post=749413"},{"taxonomy":"product_cat","embeddable":true,"href":"https:\/\/roveyayinevi.com.tr\/index.php\/wp-json\/wp\/v2\/product_cat?post=749413"},{"taxonomy":"product_tag","embeddable":true,"href":"https:\/\/roveyayinevi.com.tr\/index.php\/wp-json\/wp\/v2\/product_tag?post=749413"}],"curies":[{"name":"wp","href":"https:\/\/api.w.org\/{rel}","templated":true}]}}