{"id":749410,"date":"2025-08-28T03:55:21","date_gmt":"2025-08-28T00:55:21","guid":{"rendered":"https:\/\/roveyayinevi.com.tr\/index.php\/urun\/zati-divanina-gore-16-yuzyilda-sosyal-hayat\/"},"modified":"2026-04-16T03:03:02","modified_gmt":"2026-04-16T00:03:02","slug":"zati-divanina-gore-16-yuzyilda-sosyal-hayat","status":"publish","type":"product","link":"https:\/\/roveyayinevi.com.tr\/index.php\/urun\/zati-divanina-gore-16-yuzyilda-sosyal-hayat\/","title":{"rendered":"Zati Divan\u0131na g\u00f6re 16.Y\u00fczy\u0131lda Sosyal Hayat"},"content":{"rendered":"<p>\u015eiir, di\u011fer sanat dallar\u0131 gibi i\u00e7inden \u00e7\u0131kt\u0131\u011f\u0131 toplum hakk\u0131nda ipu\u00e7lar\u0131 verir. Giyimdenyemek al\u0131\u015fkanl\u0131klar\u0131na, hukuk sisteminden bayram kutlamalar\u0131na, hastal\u0131klardan tedaviy\u00f6ntemlerine, e\u011fitimden a\u015fk\u0131 ifade edi\u015f bi\u00e7imine kadar geni\u015f bir toplumsal foto\u011fraf \u015fairindizelerinden y\u00fczy\u0131llar sonraya akar.En fazla gazel yazan ikinci \u015fair olarak bilinen Z\u00e2t\u00ee de ya\u015fad\u0131\u011f\u0131 d\u00f6nemi (1471-1546) g\u00fcc\u00fctart\u0131\u015f\u0131lmaz bir \u00fcslupla ortaya koymu\u015ftur.Bu \u00e7al\u0131\u015fma Z\u00e2t\u00ee Divan\u0131\u2019n\u0131n, sosyal hayat pratiklerini ortaya koymak ve zaman\u0131n\u0131 sosyala\u00e7\u0131dan analiz etmek amac\u0131yla yap\u0131lm\u0131\u015f uzun soluklu bir ara\u015ft\u0131rman\u0131n \u00fcr\u00fcn\u00fcd\u00fcr. Divan \u015fiirinintoplumdan kopuk oldu\u011fu fikriyle hareket eden bir ele\u015ftirel yakla\u015f\u0131m i\u00e7inde, divan \u015fairinineserleri arac\u0131l\u0131\u011f\u0131yla ya\u015fad\u0131\u011f\u0131 d\u00f6nemi nas\u0131l anlat\u0131ld\u0131\u011f\u0131n\u0131 temel alan ara\u015ft\u0131rma, bu yakla\u015f\u0131m\u0131ylayeni bir okuma modeli olarak da ayr\u0131ca de\u011ferlidir.<\/p>\n","protected":false},"excerpt":{"rendered":"<p>\u015eiir, di\u011fer sanat dallar\u0131 gibi i\u00e7inden \u00e7\u0131kt\u0131\u011f\u0131 toplum hakk\u0131nda ipu\u00e7lar\u0131 verir. Giyimdenyemek al\u0131\u015fkanl\u0131klar\u0131na, hukuk sisteminden bayram kutlamalar\u0131na, hastal\u0131klardan tedaviy\u00f6ntemlerine, e\u011fitimden a\u015fk\u0131 ifade edi\u015f bi\u00e7imine kadar geni\u015f<span class=\"excerpt-hellip\"> [\u2026]<\/span><\/p>\n","protected":false},"featured_media":0,"template":"","meta":{"_monsterinsights_skip_tracking":false,"_monsterinsights_sitenote_active":false,"_monsterinsights_sitenote_note":"","_monsterinsights_sitenote_category":0},"product_brand":[],"product_cat":[18545,12291],"product_tag":[],"class_list":{"0":"post-749410","1":"product","2":"type-product","3":"status-publish","5":"product_cat-anlati","6":"product_cat-edebiyat","7":"pa_cilt-ciltsiz","8":"pa_tur-kitap","9":"pa_yayinevi-erdem-yayinlari","10":"pa_yazar-vildan-serdaroglu-coskun","12":"first","13":"instock","14":"sale","15":"shipping-taxable","16":"purchasable","17":"product-type-simple"},"_links":{"self":[{"href":"https:\/\/roveyayinevi.com.tr\/index.php\/wp-json\/wp\/v2\/product\/749410","targetHints":{"allow":["GET"]}}],"collection":[{"href":"https:\/\/roveyayinevi.com.tr\/index.php\/wp-json\/wp\/v2\/product"}],"about":[{"href":"https:\/\/roveyayinevi.com.tr\/index.php\/wp-json\/wp\/v2\/types\/product"}],"wp:attachment":[{"href":"https:\/\/roveyayinevi.com.tr\/index.php\/wp-json\/wp\/v2\/media?parent=749410"}],"wp:term":[{"taxonomy":"product_brand","embeddable":true,"href":"https:\/\/roveyayinevi.com.tr\/index.php\/wp-json\/wp\/v2\/product_brand?post=749410"},{"taxonomy":"product_cat","embeddable":true,"href":"https:\/\/roveyayinevi.com.tr\/index.php\/wp-json\/wp\/v2\/product_cat?post=749410"},{"taxonomy":"product_tag","embeddable":true,"href":"https:\/\/roveyayinevi.com.tr\/index.php\/wp-json\/wp\/v2\/product_tag?post=749410"}],"curies":[{"name":"wp","href":"https:\/\/api.w.org\/{rel}","templated":true}]}}