{"id":749408,"date":"2025-08-28T03:55:19","date_gmt":"2025-08-28T00:55:19","guid":{"rendered":"https:\/\/roveyayinevi.com.tr\/index.php\/urun\/milletin-ortak-sozu-istiklal-marsi\/"},"modified":"2026-04-16T03:03:02","modified_gmt":"2026-04-16T00:03:02","slug":"milletin-ortak-sozu-istiklal-marsi","status":"publish","type":"product","link":"https:\/\/roveyayinevi.com.tr\/index.php\/urun\/milletin-ortak-sozu-istiklal-marsi\/","title":{"rendered":"Milletin Ortak S\u00f6z\u00fc : \u0130stiklal Mar\u015f\u0131"},"content":{"rendered":"<p>\u0130stikl\u00e2l Mar\u015f\u0131\u2019m\u0131z\u0131n kabul\u00fcn\u00fcn 100. y\u0131l\u0131nda mill\u00ee \u015fairimiz Mehmet Akif Ersoy\u2019u sayg\u0131 ve rahmetle an\u0131yoruz&#8230;Bundan tam 100 y\u0131l \u00f6nce, b\u00fcy\u00fck bir m\u00fccadeleyle santim santim kurtar\u0131lan bir memleketin \u00f6yk\u00fcs\u00fc, duas\u0131 olarak yaz\u0131ld\u0131 \u0130stiklal Mar\u015f\u0131. Mehmet Akif Ersoy bir tarih \u00f6zeti yap\u0131yordu 10 k\u0131tada. \u00dczerinden neredeyse bir as\u0131r ge\u00e7mesine ra\u011fmen, bir milletin m\u00fccadele destan\u0131n\u0131 h\u00e2l\u00e2 ayn\u0131 etkiyle anlatan m\u0131sralardan olu\u015fuyor Mill\u00ee Mar\u015f\u0131m\u0131z. Bu kitap \u0130stikl\u00e2l Mar\u015f\u0131\u2019n\u0131n temsil etti\u011fi de\u011ferlerden psikanalizine, bir mutabakat metni olu\u015fundan kelime kelime \u00e7\u00f6z\u00fcmlenmesine kadar her y\u00f6n\u00fcyle ele alan makalelerin bir derlemesi olarak haz\u0131rland\u0131. \u0130stikl\u00e2l Mar\u015f\u0131 ad\u0131na temel edeb\u00ee ve felsefi \u00e7er\u00e7eveyi sunan kaynak bir kitap\u2026Kitapta makaleleri yer alan yazarlar:Do\u00e7. Dr. Vildan S. Co\u015fkun\u00c7ank\u0131r\u0131l\u0131 Ahmet TalatN\u00fbr\u00ee Ref\u2019etSebil\u00fcrre\u015fadProf. Dr. Mehmet KaplanProf. Dr. Nihat Sami Banarl\u0131Prof. Dr. Orhan OkayProf. Dr. Ayhan SongarDr. \u00c2lim KahramanD. Mehmet Do\u011fanProf. Dr. Kadir CanatanProf. Dr. Azmi Bilgin\u201c\u0130stikl\u00e2l Mar\u015f\u0131\u2019n\u0131n muhtevas\u0131 Mehmet Akif\u2019in zihninde, Balkan Harbi s\u0131ras\u0131nda olu\u015fmaya ba\u015flam\u0131\u015f, muhtelif metinlerde on y\u0131l boyunca par\u00e7a par\u00e7a ifade edilmi\u015ftir. \u015eair, \u201cBerlin Hat\u0131ralar\u0131\u201dn\u0131n sonunda \u0130stikl\u00e2l Mar\u015f\u0131\u2019n\u0131n ilk kelimesini kullanmaya kadar vermi\u015ftir:Korkma!Cehennem olsa gelen g\u00f6\u011fs\u00fcm\u00fczde s\u00f6nd\u00fcr\u00fcr\u00fcz!Bu yol ki Hak yoludur, d\u00f6nme bilmeyiz y\u00fcr\u00fcr\u00fcz!\u201d<\/p>\n","protected":false},"excerpt":{"rendered":"<p>\u0130stikl\u00e2l Mar\u015f\u0131\u2019m\u0131z\u0131n kabul\u00fcn\u00fcn 100. y\u0131l\u0131nda mill\u00ee \u015fairimiz Mehmet Akif Ersoy\u2019u sayg\u0131 ve rahmetle an\u0131yoruz&#8230;Bundan tam 100 y\u0131l \u00f6nce, b\u00fcy\u00fck bir m\u00fccadeleyle santim santim kurtar\u0131lan bir memleketin<span class=\"excerpt-hellip\"> [\u2026]<\/span><\/p>\n","protected":false},"featured_media":0,"template":"","meta":{"_monsterinsights_skip_tracking":false,"_monsterinsights_sitenote_active":false,"_monsterinsights_sitenote_note":"","_monsterinsights_sitenote_category":0},"product_brand":[],"product_cat":[12370,12304],"product_tag":[],"class_list":{"0":"post-749408","1":"product","2":"type-product","3":"status-publish","5":"product_cat-arastirma-inceleme","6":"product_cat-tarih","7":"pa_cilt-ciltsiz","8":"pa_tur-kitap","9":"pa_yayinevi-erdem-yayinlari","10":"pa_yazar-vildan-serdaroglu-coskun","12":"first","13":"instock","14":"sale","15":"shipping-taxable","16":"purchasable","17":"product-type-simple"},"_links":{"self":[{"href":"https:\/\/roveyayinevi.com.tr\/index.php\/wp-json\/wp\/v2\/product\/749408","targetHints":{"allow":["GET"]}}],"collection":[{"href":"https:\/\/roveyayinevi.com.tr\/index.php\/wp-json\/wp\/v2\/product"}],"about":[{"href":"https:\/\/roveyayinevi.com.tr\/index.php\/wp-json\/wp\/v2\/types\/product"}],"wp:attachment":[{"href":"https:\/\/roveyayinevi.com.tr\/index.php\/wp-json\/wp\/v2\/media?parent=749408"}],"wp:term":[{"taxonomy":"product_brand","embeddable":true,"href":"https:\/\/roveyayinevi.com.tr\/index.php\/wp-json\/wp\/v2\/product_brand?post=749408"},{"taxonomy":"product_cat","embeddable":true,"href":"https:\/\/roveyayinevi.com.tr\/index.php\/wp-json\/wp\/v2\/product_cat?post=749408"},{"taxonomy":"product_tag","embeddable":true,"href":"https:\/\/roveyayinevi.com.tr\/index.php\/wp-json\/wp\/v2\/product_tag?post=749408"}],"curies":[{"name":"wp","href":"https:\/\/api.w.org\/{rel}","templated":true}]}}