{"id":749407,"date":"2025-08-28T03:55:18","date_gmt":"2025-08-28T00:55:18","guid":{"rendered":"https:\/\/roveyayinevi.com.tr\/index.php\/urun\/milli-mucadelede-cesur-ve-kayip-kadinlar\/"},"modified":"2026-04-16T03:03:02","modified_gmt":"2026-04-16T00:03:02","slug":"milli-mucadelede-cesur-ve-kayip-kadinlar","status":"publish","type":"product","link":"https:\/\/roveyayinevi.com.tr\/index.php\/urun\/milli-mucadelede-cesur-ve-kayip-kadinlar\/","title":{"rendered":"Milli M\u00fccadelede Cesur ve Kay\u0131p Kad\u0131nlar"},"content":{"rendered":"<p>K\u00f6y\u00fcnde, \u015fehrinde ve ya\u015fad\u0131\u011f\u0131 her yerde memleketimizin u\u011frad\u0131\u011f\u0131 sald\u0131r\u0131lara kar\u015f\u0131 ailesi ve vatan\u0131n\u0131n ak\u0131beti konusunda bitmek bilmeyen kayg\u0131larla mahzun olan kad\u0131nlard\u0131 hepsi. \u00d6nce olaylar ba\u015flad\u0131. U\u011fursuz \u00f6l\u00fcm haberleri, istila edilen k\u00f6yler, \u015fehirler, camiler, evler ya\u011fmur gibi ya\u011fan mermiler, bombalar kar\u015f\u0131s\u0131nda tepkisiz durup beklemenin zaman\u0131 de\u011fildi. Duramazlard\u0131. Bu meselede aileye haber vermeden ko\u015farak askere ka\u00e7mak da vard\u0131, bebe\u011fini evin, k\u00f6y\u00fcn en ya\u015fl\u0131s\u0131na emanet etmek de. Yeter ki vatan kurtulsun, \u00e7ocuklar\u0131m\u0131z d\u00fc\u015fman s\u00fcng\u00fcs\u00fc ile \u00f6lmesin diye&#8230; Kendi namusu ile vatan\u0131n d\u00fc\u015fman \u00e7izmeleri ile \u00e7i\u011fnenmesini e\u015f tutan kad\u0131nlar, bayra\u011f\u0131m\u0131z\u0131n g\u00f6nderde dalgaland\u0131\u011f\u0131 m\u00fcddet\u00e7e milletimizin \u00f6zg\u00fcr oldu\u011funu biliyorlard\u0131. D\u00fc\u015fmanlar bizi par\u00e7alamak ve yok etmek i\u00e7in d\u00f6rt bir yandan bast\u0131r\u0131yorlard\u0131. Da\u011f\u0131lmak \u00fczere olan b\u00fcy\u00fck bir imparatorlu\u011fun, tek su\u00e7u M\u00fcsl\u00fcman olmak olan milletini esaret alt\u0131na almaya \u00e7al\u0131\u015f\u0131yorlard\u0131. Unuttuklar\u0131 bir \u015fey vard\u0131. Bu milleti \u00f6ld\u00fcrebilirdiler ama esaret alt\u0131na alamazlard\u0131. Hele ya\u015f\u0131 ka\u00e7 olursa olsun g\u00f6z\u00fc kara, cesur, mert ve namuslu kad\u0131nlar, do\u011fmu\u015f ve do\u011fmam\u0131\u015f \u00e7ocuklar\u0131ndan vazge\u00e7tiler ama vatanlar\u0131ndan asla vazge\u00e7mediler. Bu kitap, ar\u015fiv dosyalar\u0131n\u0131n aras\u0131ndan \u00e7ekip \u00e7\u0131kart\u0131lm\u0131\u015f 36 kad\u0131n kahraman\u0131n destan\u0131n\u0131, hayatlar\u0131m\u0131za ta\u015f\u0131mak i\u00e7in haz\u0131rlad\u0131. Buyurun, siz de onlarla tan\u0131\u015f\u0131n\u2026<\/p>\n","protected":false},"excerpt":{"rendered":"<p>K\u00f6y\u00fcnde, \u015fehrinde ve ya\u015fad\u0131\u011f\u0131 her yerde memleketimizin u\u011frad\u0131\u011f\u0131 sald\u0131r\u0131lara kar\u015f\u0131 ailesi ve vatan\u0131n\u0131n ak\u0131beti konusunda bitmek bilmeyen kayg\u0131larla mahzun olan kad\u0131nlard\u0131 hepsi. \u00d6nce olaylar ba\u015flad\u0131. U\u011fursuz<span class=\"excerpt-hellip\"> [\u2026]<\/span><\/p>\n","protected":false},"featured_media":0,"template":"","meta":{"_monsterinsights_skip_tracking":false,"_monsterinsights_sitenote_active":false,"_monsterinsights_sitenote_note":"","_monsterinsights_sitenote_category":0},"product_brand":[],"product_cat":[12370,12304],"product_tag":[],"class_list":{"0":"post-749407","1":"product","2":"type-product","3":"status-publish","5":"product_cat-arastirma-inceleme","6":"product_cat-tarih","7":"pa_cilt-ciltsiz","8":"pa_tur-kitap","9":"pa_yayinevi-erdem-yayinlari","10":"pa_yazar-ilknur-bektas","12":"first","13":"instock","14":"sale","15":"shipping-taxable","16":"purchasable","17":"product-type-simple"},"_links":{"self":[{"href":"https:\/\/roveyayinevi.com.tr\/index.php\/wp-json\/wp\/v2\/product\/749407","targetHints":{"allow":["GET"]}}],"collection":[{"href":"https:\/\/roveyayinevi.com.tr\/index.php\/wp-json\/wp\/v2\/product"}],"about":[{"href":"https:\/\/roveyayinevi.com.tr\/index.php\/wp-json\/wp\/v2\/types\/product"}],"wp:attachment":[{"href":"https:\/\/roveyayinevi.com.tr\/index.php\/wp-json\/wp\/v2\/media?parent=749407"}],"wp:term":[{"taxonomy":"product_brand","embeddable":true,"href":"https:\/\/roveyayinevi.com.tr\/index.php\/wp-json\/wp\/v2\/product_brand?post=749407"},{"taxonomy":"product_cat","embeddable":true,"href":"https:\/\/roveyayinevi.com.tr\/index.php\/wp-json\/wp\/v2\/product_cat?post=749407"},{"taxonomy":"product_tag","embeddable":true,"href":"https:\/\/roveyayinevi.com.tr\/index.php\/wp-json\/wp\/v2\/product_tag?post=749407"}],"curies":[{"name":"wp","href":"https:\/\/api.w.org\/{rel}","templated":true}]}}