{"id":749406,"date":"2025-08-28T03:55:17","date_gmt":"2025-08-28T00:55:17","guid":{"rendered":"https:\/\/roveyayinevi.com.tr\/index.php\/urun\/fethin-babasi-fatih-sultan-mehmed\/"},"modified":"2026-04-16T03:03:02","modified_gmt":"2026-04-16T00:03:02","slug":"fethin-babasi-fatih-sultan-mehmed","status":"publish","type":"product","link":"https:\/\/roveyayinevi.com.tr\/index.php\/urun\/fethin-babasi-fatih-sultan-mehmed\/","title":{"rendered":"Fethin Babas\u0131 Fatih Sultan Mehmed"},"content":{"rendered":"<p>Bu eserde Fatih Sultan Mehmed\u2019in bug\u00fcne kadar hi\u00e7 yaz\u0131lmam\u0131\u015f hayat hik\u00e2yesini okuyacaks\u0131n\u0131z. Ba\u015far\u0131lar\u0131 yan\u0131nda ba\u015far\u0131s\u0131zl\u0131klar\u0131, bug\u00fcn bizleri \u00e7ok\u00e7a \u015fa\u015f\u0131rtacak uygulamalar\u0131, evlilikleri, yiyip i\u00e7tikleri, ilgin\u00e7 meraklar\u0131, tarihe ve k\u00fclt\u00fcre olan d\u00fc\u015fk\u00fcnl\u00fc\u011f\u00fc, sava\u015f stratejileri ve teknikleri, ketumlu\u011funa dair birbirinden ilgin\u00e7 t\u00fcm \u00f6rnekler orijinal yerli ve yabanc\u0131 belgelere dayanarak bu kitab\u0131n i\u00e7inde i\u015flendi. Zaman t\u00fcnelinde bir maceraya haz\u0131rsan\u0131z sizi \u00f6nce \u0130stanbul\u2019un fethine ve saray\u0131n i\u00e7ine sonra devrin \u0130stanbul\u2019u, Anadolu\u2019su, Balkanlar\u0131na; Karadeniz, Ege ve Akdeniz\u2019e tarihsel capcanl\u0131 ve ilgi \u00e7ekici bir geziye davet ediyoruz.<\/p>\n","protected":false},"excerpt":{"rendered":"<p>Bu eserde Fatih Sultan Mehmed\u2019in bug\u00fcne kadar hi\u00e7 yaz\u0131lmam\u0131\u015f hayat hik\u00e2yesini okuyacaks\u0131n\u0131z. Ba\u015far\u0131lar\u0131 yan\u0131nda ba\u015far\u0131s\u0131zl\u0131klar\u0131, bug\u00fcn bizleri \u00e7ok\u00e7a \u015fa\u015f\u0131rtacak uygulamalar\u0131, evlilikleri, yiyip i\u00e7tikleri, ilgin\u00e7 meraklar\u0131, tarihe<span class=\"excerpt-hellip\"> [\u2026]<\/span><\/p>\n","protected":false},"featured_media":0,"template":"","meta":{"_monsterinsights_skip_tracking":false,"_monsterinsights_sitenote_active":false,"_monsterinsights_sitenote_note":"","_monsterinsights_sitenote_category":0},"product_brand":[],"product_cat":[13946,12304],"product_tag":[],"class_list":{"0":"post-749406","1":"product","2":"type-product","3":"status-publish","5":"product_cat-biyografi-otobiyografi","6":"product_cat-tarih","7":"pa_cilt-ciltsiz","8":"pa_tur-kitap","9":"pa_yayinevi-erdem-yayinlari","10":"pa_yazar-a-teyfur-erdogdu","12":"first","13":"instock","14":"sale","15":"shipping-taxable","16":"purchasable","17":"product-type-simple"},"_links":{"self":[{"href":"https:\/\/roveyayinevi.com.tr\/index.php\/wp-json\/wp\/v2\/product\/749406","targetHints":{"allow":["GET"]}}],"collection":[{"href":"https:\/\/roveyayinevi.com.tr\/index.php\/wp-json\/wp\/v2\/product"}],"about":[{"href":"https:\/\/roveyayinevi.com.tr\/index.php\/wp-json\/wp\/v2\/types\/product"}],"wp:attachment":[{"href":"https:\/\/roveyayinevi.com.tr\/index.php\/wp-json\/wp\/v2\/media?parent=749406"}],"wp:term":[{"taxonomy":"product_brand","embeddable":true,"href":"https:\/\/roveyayinevi.com.tr\/index.php\/wp-json\/wp\/v2\/product_brand?post=749406"},{"taxonomy":"product_cat","embeddable":true,"href":"https:\/\/roveyayinevi.com.tr\/index.php\/wp-json\/wp\/v2\/product_cat?post=749406"},{"taxonomy":"product_tag","embeddable":true,"href":"https:\/\/roveyayinevi.com.tr\/index.php\/wp-json\/wp\/v2\/product_tag?post=749406"}],"curies":[{"name":"wp","href":"https:\/\/api.w.org\/{rel}","templated":true}]}}