{"id":749405,"date":"2025-08-28T03:55:16","date_gmt":"2025-08-28T00:55:16","guid":{"rendered":"https:\/\/roveyayinevi.com.tr\/index.php\/urun\/haclilarin-kabusu-nureddin-zengi\/"},"modified":"2026-04-16T03:03:02","modified_gmt":"2026-04-16T00:03:02","slug":"haclilarin-kabusu-nureddin-zengi","status":"publish","type":"product","link":"https:\/\/roveyayinevi.com.tr\/index.php\/urun\/haclilarin-kabusu-nureddin-zengi\/","title":{"rendered":"Ha\u00e7l\u0131lar\u0131n Kabusu Nureddin Zengi"},"content":{"rendered":"<p>Tarihimizde \u00e7ok b\u00fcy\u00fck insanlar vard\u0131r. Baz\u0131lar\u0131 b\u00fcy\u00fck ba\u015far\u0131lar\u0131na ra\u011fmen tarih sayfalar\u0131 aras\u0131nda kalm\u0131\u015ft\u0131r. N\u00fbreddin Zeng\u00ee, bu b\u00fcy\u00fck insanlardan biridir. Muazzam bir devlet adam\u0131 ama veli say\u0131lacak kadar kendine h\u00e2kim bir kul. B\u00fcy\u00fck Sel\u00e7uklu Devleti sonras\u0131n\u0131n ilk b\u00fcy\u00fck \u015fahsiyeti olan Zeng\u00ee, Halep\u2019teki k\u00fc\u00e7\u00fck bir emirlikten Irak\u2019\u0131n do\u011fusundan Libya\u2019n\u0131n bat\u0131s\u0131na, Sivas boylar\u0131ndan Yemen\u2019e varan b\u00fcy\u00fck bir devlet kurmay\u0131 ba\u015fard\u0131. D\u00fcnyam\u0131z\u0131 Ha\u00e7l\u0131 istilas\u0131ndan Mo\u011fol istilas\u0131na iki b\u00fcy\u00fck beladan kurtaran devlet nizam\u0131n\u0131 in\u015fa etti. Halep, \u015eam, Musul&#8230; Ad\u0131m\u0131n\u0131 att\u0131\u011f\u0131 her yerde devasa mabetler, hastaneler, medreseler y\u00fckseldi. H\u00fckmetti\u011fi topraklar ilimle ayd\u0131nland\u0131, sanatla g\u00fczelle\u015fti, y\u00fczy\u0131llar boyu k\u00f6t\u00fc g\u00fcnler g\u00f6rmedi. Adaletiyle Hz. \u00d6mer\u2019le k\u0131yasland\u0131, irfan\u0131yla dervi\u015fler d\u00fcnyas\u0131nda k\u0131rklardan say\u0131ld\u0131.<\/p>\n","protected":false},"excerpt":{"rendered":"<p>Tarihimizde \u00e7ok b\u00fcy\u00fck insanlar vard\u0131r. Baz\u0131lar\u0131 b\u00fcy\u00fck ba\u015far\u0131lar\u0131na ra\u011fmen tarih sayfalar\u0131 aras\u0131nda kalm\u0131\u015ft\u0131r. N\u00fbreddin Zeng\u00ee, bu b\u00fcy\u00fck insanlardan biridir. Muazzam bir devlet adam\u0131 ama veli say\u0131lacak<span class=\"excerpt-hellip\"> [\u2026]<\/span><\/p>\n","protected":false},"featured_media":0,"template":"","meta":{"_monsterinsights_skip_tracking":false,"_monsterinsights_sitenote_active":false,"_monsterinsights_sitenote_note":"","_monsterinsights_sitenote_category":0},"product_brand":[],"product_cat":[12370,12304],"product_tag":[],"class_list":{"0":"post-749405","1":"product","2":"type-product","3":"status-publish","5":"product_cat-arastirma-inceleme","6":"product_cat-tarih","7":"pa_cilt-ciltsiz","8":"pa_tur-kitap","9":"pa_yayinevi-erdem-yayinlari","10":"pa_yazar-abdulkadir-turan","12":"first","13":"instock","14":"sale","15":"shipping-taxable","16":"purchasable","17":"product-type-simple"},"_links":{"self":[{"href":"https:\/\/roveyayinevi.com.tr\/index.php\/wp-json\/wp\/v2\/product\/749405","targetHints":{"allow":["GET"]}}],"collection":[{"href":"https:\/\/roveyayinevi.com.tr\/index.php\/wp-json\/wp\/v2\/product"}],"about":[{"href":"https:\/\/roveyayinevi.com.tr\/index.php\/wp-json\/wp\/v2\/types\/product"}],"wp:attachment":[{"href":"https:\/\/roveyayinevi.com.tr\/index.php\/wp-json\/wp\/v2\/media?parent=749405"}],"wp:term":[{"taxonomy":"product_brand","embeddable":true,"href":"https:\/\/roveyayinevi.com.tr\/index.php\/wp-json\/wp\/v2\/product_brand?post=749405"},{"taxonomy":"product_cat","embeddable":true,"href":"https:\/\/roveyayinevi.com.tr\/index.php\/wp-json\/wp\/v2\/product_cat?post=749405"},{"taxonomy":"product_tag","embeddable":true,"href":"https:\/\/roveyayinevi.com.tr\/index.php\/wp-json\/wp\/v2\/product_tag?post=749405"}],"curies":[{"name":"wp","href":"https:\/\/api.w.org\/{rel}","templated":true}]}}