{"id":749404,"date":"2025-08-28T03:55:14","date_gmt":"2025-08-28T00:55:14","guid":{"rendered":"https:\/\/roveyayinevi.com.tr\/index.php\/urun\/molla-fenari\/"},"modified":"2026-04-16T03:03:02","modified_gmt":"2026-04-16T00:03:02","slug":"molla-fenari","status":"publish","type":"product","link":"https:\/\/roveyayinevi.com.tr\/index.php\/urun\/molla-fenari\/","title":{"rendered":"Molla Fenari"},"content":{"rendered":"<p>Molla Fen\u00e2r\u00ee, ya\u015fad\u0131\u011f\u0131 d\u00f6nemde hen\u00fcz kurulu\u015f evresinde olan Osmanl\u0131\u2019y\u0131 marifet, g\u00fczel ahlak ve bilgelikle mayalayan sufilerdendir. O, sultanlar\u0131n dan\u0131\u015fma meclislerinde bulunmu\u015f, \u00fcst d\u00fczey devlet g\u00f6revleri yapm\u0131\u015f, ayn\u0131 zamanda tevazuyla dolu bir hayat s\u00fcrm\u00fc\u015ft\u00fcr. Fetret Devri\u2019nin zor zamanlar\u0131nda ve \u015feyh\u00fclislaml\u0131k, m\u00fcderrislik gibi yo\u011fun mesaisi s\u0131ras\u0131nda eser vermeye devam eden bir \u00e2lim ve ilim kandilidir.Etkisi t\u00fcm Osmanl\u0131 tarihi boyunca devam etmi\u015ftir. Fikirleri ve kitaplar\u0131yla g\u00fcn\u00fcm\u00fczde de o kandil h\u00e2l\u00e2 \u0131\u015f\u0131k vermeye devam etmektedir. Bu topraklar, Osmanl\u0131 tasavvuf d\u00fc\u015f\u00fcncesinin geli\u015fimi, devlet gelene\u011fi olu\u015fumu ve ilmi sistemin in\u015fa edilmesi a\u00e7\u0131s\u0131ndan ona \u00e7ok \u015fey bor\u00e7ludur.Bu kitap, nice siyasi \u00e7alkant\u0131lar, isyanlar ve sava\u015flar g\u00f6rm\u00fc\u015f bir g\u00f6n\u00fcl insan\u0131n\u0131n tarihte b\u0131rakt\u0131\u011f\u0131 izleri g\u00fcn\u00fcm\u00fcz insan\u0131na sunmay\u0131 hedeflemektedir.<\/p>\n","protected":false},"excerpt":{"rendered":"<p>Molla Fen\u00e2r\u00ee, ya\u015fad\u0131\u011f\u0131 d\u00f6nemde hen\u00fcz kurulu\u015f evresinde olan Osmanl\u0131\u2019y\u0131 marifet, g\u00fczel ahlak ve bilgelikle mayalayan sufilerdendir. O, sultanlar\u0131n dan\u0131\u015fma meclislerinde bulunmu\u015f, \u00fcst d\u00fczey devlet g\u00f6revleri yapm\u0131\u015f,<span class=\"excerpt-hellip\"> [\u2026]<\/span><\/p>\n","protected":false},"featured_media":0,"template":"","meta":{"_monsterinsights_skip_tracking":false,"_monsterinsights_sitenote_active":false,"_monsterinsights_sitenote_note":"","_monsterinsights_sitenote_category":0},"product_brand":[],"product_cat":[13946,12304],"product_tag":[],"class_list":{"0":"post-749404","1":"product","2":"type-product","3":"status-publish","5":"product_cat-biyografi-otobiyografi","6":"product_cat-tarih","7":"pa_cilt-ciltsiz","8":"pa_tur-kitap","9":"pa_yayinevi-erdem-yayinlari","10":"pa_yazar-betul-gurer","12":"first","13":"instock","14":"sale","15":"shipping-taxable","16":"purchasable","17":"product-type-simple"},"_links":{"self":[{"href":"https:\/\/roveyayinevi.com.tr\/index.php\/wp-json\/wp\/v2\/product\/749404","targetHints":{"allow":["GET"]}}],"collection":[{"href":"https:\/\/roveyayinevi.com.tr\/index.php\/wp-json\/wp\/v2\/product"}],"about":[{"href":"https:\/\/roveyayinevi.com.tr\/index.php\/wp-json\/wp\/v2\/types\/product"}],"wp:attachment":[{"href":"https:\/\/roveyayinevi.com.tr\/index.php\/wp-json\/wp\/v2\/media?parent=749404"}],"wp:term":[{"taxonomy":"product_brand","embeddable":true,"href":"https:\/\/roveyayinevi.com.tr\/index.php\/wp-json\/wp\/v2\/product_brand?post=749404"},{"taxonomy":"product_cat","embeddable":true,"href":"https:\/\/roveyayinevi.com.tr\/index.php\/wp-json\/wp\/v2\/product_cat?post=749404"},{"taxonomy":"product_tag","embeddable":true,"href":"https:\/\/roveyayinevi.com.tr\/index.php\/wp-json\/wp\/v2\/product_tag?post=749404"}],"curies":[{"name":"wp","href":"https:\/\/api.w.org\/{rel}","templated":true}]}}