{"id":749401,"date":"2025-08-28T03:55:11","date_gmt":"2025-08-28T00:55:11","guid":{"rendered":"https:\/\/roveyayinevi.com.tr\/index.php\/urun\/alaeddin-keykubad-selcuklunun-ulu-sultani\/"},"modified":"2026-04-16T03:03:02","modified_gmt":"2026-04-16T00:03:02","slug":"alaeddin-keykubad-selcuklunun-ulu-sultani","status":"publish","type":"product","link":"https:\/\/roveyayinevi.com.tr\/index.php\/urun\/alaeddin-keykubad-selcuklunun-ulu-sultani\/","title":{"rendered":"Alaeddin Keykubad- Sel\u00e7uklu&#8217;nun Ulu Sultan\u0131"},"content":{"rendered":"<p>G\u00fcn\u00fcm\u00fcz devlet adamlar\u0131n\u0131n \u00f6rnek almas\u0131 gereken Sultan I. Al\u00e2edd\u00een Keykubad\u2019\u0131n (1220-1237) \u00e7ocuklu\u011fu, melikli\u011fi ve tahta oturu\u015fu f\u0131rt\u0131nal\u0131 bir s\u00fcre\u00e7tir. Deniz a\u015f\u0131r\u0131 seferler ba\u015fta olmak \u00fczere pek \u00e7ok ilke imza atm\u0131\u015f; on yedi y\u0131ll\u0131k saltanat\u0131 boyunca uzak g\u00f6r\u00fc\u015fl\u00fcl\u00fc\u011f\u00fc, diplomasiyi etkin kullan\u0131\u015f\u0131 ve benimsedi\u011fi ekonomik denge politikas\u0131yla halk\u0131n\u0131n refah i\u00e7inde ya\u015famas\u0131n\u0131 sa\u011flam\u0131\u015f; \u201cUlu Sultan\u201d olarak an\u0131lmay\u0131 hak etmi\u015ftir. Bu kitapta, \u00e2limlere, sufilere, sanat ve k\u00fclt\u00fcr faaliyetlerine destek vermi\u015f; yapt\u0131rd\u0131\u011f\u0131 saray, han ve kervansaraylarla imzas\u0131 g\u00fcn\u00fcm\u00fcze ula\u015fan Al\u00e2edd\u00een Keykubad\u2019\u0131n hayat\u0131n\u0131 okuyacaks\u0131n\u0131z.<\/p>\n","protected":false},"excerpt":{"rendered":"<p>G\u00fcn\u00fcm\u00fcz devlet adamlar\u0131n\u0131n \u00f6rnek almas\u0131 gereken Sultan I. Al\u00e2edd\u00een Keykubad\u2019\u0131n (1220-1237) \u00e7ocuklu\u011fu, melikli\u011fi ve tahta oturu\u015fu f\u0131rt\u0131nal\u0131 bir s\u00fcre\u00e7tir. Deniz a\u015f\u0131r\u0131 seferler ba\u015fta olmak \u00fczere pek<span class=\"excerpt-hellip\"> [\u2026]<\/span><\/p>\n","protected":false},"featured_media":0,"template":"","meta":{"_monsterinsights_skip_tracking":false,"_monsterinsights_sitenote_active":false,"_monsterinsights_sitenote_note":"","_monsterinsights_sitenote_category":0},"product_brand":[],"product_cat":[13946,12304],"product_tag":[],"class_list":{"0":"post-749401","1":"product","2":"type-product","3":"status-publish","5":"product_cat-biyografi-otobiyografi","6":"product_cat-tarih","7":"pa_cilt-ciltsiz","8":"pa_tur-kitap","9":"pa_yayinevi-erdem-yayinlari","10":"pa_yazar-emine-uyumaz","12":"first","13":"instock","14":"sale","15":"shipping-taxable","16":"purchasable","17":"product-type-simple"},"_links":{"self":[{"href":"https:\/\/roveyayinevi.com.tr\/index.php\/wp-json\/wp\/v2\/product\/749401","targetHints":{"allow":["GET"]}}],"collection":[{"href":"https:\/\/roveyayinevi.com.tr\/index.php\/wp-json\/wp\/v2\/product"}],"about":[{"href":"https:\/\/roveyayinevi.com.tr\/index.php\/wp-json\/wp\/v2\/types\/product"}],"wp:attachment":[{"href":"https:\/\/roveyayinevi.com.tr\/index.php\/wp-json\/wp\/v2\/media?parent=749401"}],"wp:term":[{"taxonomy":"product_brand","embeddable":true,"href":"https:\/\/roveyayinevi.com.tr\/index.php\/wp-json\/wp\/v2\/product_brand?post=749401"},{"taxonomy":"product_cat","embeddable":true,"href":"https:\/\/roveyayinevi.com.tr\/index.php\/wp-json\/wp\/v2\/product_cat?post=749401"},{"taxonomy":"product_tag","embeddable":true,"href":"https:\/\/roveyayinevi.com.tr\/index.php\/wp-json\/wp\/v2\/product_tag?post=749401"}],"curies":[{"name":"wp","href":"https:\/\/api.w.org\/{rel}","templated":true}]}}