{"id":749400,"date":"2025-08-28T03:55:10","date_gmt":"2025-08-28T00:55:10","guid":{"rendered":"https:\/\/roveyayinevi.com.tr\/index.php\/urun\/insanlar-ve-cinlerin-muftusu-ibn-kemal\/"},"modified":"2026-04-16T03:03:02","modified_gmt":"2026-04-16T00:03:02","slug":"insanlar-ve-cinlerin-muftusu-ibn-kemal","status":"publish","type":"product","link":"https:\/\/roveyayinevi.com.tr\/index.php\/urun\/insanlar-ve-cinlerin-muftusu-ibn-kemal\/","title":{"rendered":"\u0130nsanlar ve Cinlerin M\u00fcft\u00fcs\u00fc &#8211;  \u0130bn Kemal"},"content":{"rendered":"<p>T\u00fcrk-\u0130slam d\u00fcnyas\u0131n\u0131n yeti\u015ftirdi\u011fi ender d\u00fc\u015f\u00fcn\u00fcrlerden \u0130nsanlar\u0131n ve Cinlerin M\u00fcft\u00fcs\u00fc \u0130bn Kemal kitab\u0131 Do\u00e7. Dr. Harun I\u015f\u0131k taraf\u0131ndan kaleme al\u0131nd\u0131. \u0130bn Kemal\u2019in (Kemalpa\u015fazade) ilim ve irfan\u0131n\u0131n serpilip geli\u015fti\u011fi g\u00fcnler, Osmanl\u0131n\u0131n ilme ve alime b\u00fcy\u00fck de\u011fer verdi\u011fi en ihti\u015faml\u0131, ayn\u0131 zamanda en civcivli d\u00f6nemidir. Dolay\u0131s\u0131yla \u0130bn Kemal gibi m\u00fcstesna bir \u015fahsiyetin d\u00fc\u015f\u00fcnce d\u00fcnyas\u0131n\u0131 mercek alt\u0131na almak d\u00f6nemin siyasi, k\u00fclt\u00fcrel, toplumsal dinamiklerini anlamak i\u00e7in de \u00f6nemlidir. D\u00f6rt padi\u015fahla hayat\u0131 kesi\u015fen \u0130bn Kemal, ard\u0131nda b\u0131rakt\u0131\u011f\u0131 y\u00fczlerce eserin yan\u0131 s\u0131ra m\u00fcderrislik, kazaskerlik ve \u015feyh\u00fclislaml\u0131k g\u00f6revleriyle \u00f6mr\u00fc boyunca devlete hizmet etmi\u015ftir. II. Beyaz\u0131t\u2019\u0131n emriyle yazd\u0131\u011f\u0131 Tevar\u00eeh-i Al-i Osman en \u00f6nemli eserlerinden biri, belki de birincisi kabul edilir. Osmanl\u0131 Devleti\u2019nin kurulu\u015fundan 1527 y\u0131l\u0131na kadar her padi\u015fah i\u00e7in yaz\u0131lm\u0131\u015f ayr\u0131 bir cildi kapsayan eserin n\u00fcshalar\u0131ndan biri de Paris Bibliotheque Nationale\u2019de kay\u0131tl\u0131d\u0131r. \u0130bn Kemal\u2019in T\u00fcrk\u00e7e, Arap\u00e7a ve Fars\u00e7a olarak kaleme ald\u0131\u011f\u0131 tarih, edebiyat, felsefe, dil, t\u0131p, kelam, f\u0131k\u0131h ve hadis alanlar\u0131ndaki eserlerinin say\u0131s\u0131 konusunda 214\u2019ten 400-500\u2019e kadar \u00e7\u0131kabilen farkl\u0131 rivayetler vard\u0131r. \u0130\u00e7inde ya\u015fad\u0131\u011f\u0131 toplumun ger\u00e7eklerini dikkate alarak verdi\u011fi fetvalar \u0130bn Kemal\u2019in (kitaba da ad\u0131n\u0131 veren) az rastlanan m\u00fcfti\u00fc\u2019s-sakaleyn -insanlar\u0131n ve cinlerin m\u00fcft\u00fcs\u00fc- olarak an\u0131lmas\u0131n\u0131n da sebebidir. Osmanl\u0131 toplumundan g\u00fcn\u00fcm\u00fcze k\u00fclt\u00fcrel, toplumsal etkileri devam eden eserlerin ve m\u00fcellifi \u0130bn Kemal\u2019in (Kemalpa\u015fazade) biyografisinin yazar\u0131 Do\u00e7. Dr. Harun I\u015f\u0131k, kitab\u0131n giri\u015f ve birinci b\u00f6l\u00fcm\u00fcnde ya\u015fad\u0131\u011f\u0131 d\u00f6nemin analizi, hayat\u0131, e\u011fitimi, ilmi ve insani karakteri, milliyet\u00e7ilik hakk\u0131ndaki d\u00fc\u015f\u00fcnceleri ve kelami, f\u0131khi g\u00f6r\u00fc\u015flerini ele al\u0131rken; ikinci b\u00f6l\u00fcmde ekoller ve ilimlere yakla\u015f\u0131m\u0131n\u0131 inceliyor. Tarih ve biyografi severlere kalansa kitab\u0131 merakla ve ilgiyle okumak.<\/p>\n","protected":false},"excerpt":{"rendered":"<p>T\u00fcrk-\u0130slam d\u00fcnyas\u0131n\u0131n yeti\u015ftirdi\u011fi ender d\u00fc\u015f\u00fcn\u00fcrlerden \u0130nsanlar\u0131n ve Cinlerin M\u00fcft\u00fcs\u00fc \u0130bn Kemal kitab\u0131 Do\u00e7. Dr. Harun I\u015f\u0131k taraf\u0131ndan kaleme al\u0131nd\u0131. \u0130bn Kemal\u2019in (Kemalpa\u015fazade) ilim ve irfan\u0131n\u0131n serpilip<span class=\"excerpt-hellip\"> [\u2026]<\/span><\/p>\n","protected":false},"featured_media":0,"template":"","meta":{"_monsterinsights_skip_tracking":false,"_monsterinsights_sitenote_active":false,"_monsterinsights_sitenote_note":"","_monsterinsights_sitenote_category":0},"product_brand":[],"product_cat":[12370,12304],"product_tag":[],"class_list":{"0":"post-749400","1":"product","2":"type-product","3":"status-publish","5":"product_cat-arastirma-inceleme","6":"product_cat-tarih","7":"pa_cilt-ciltsiz","8":"pa_tur-kitap","9":"pa_yayinevi-erdem-yayinlari","10":"pa_yazar-harun-isik","12":"first","13":"instock","14":"sale","15":"shipping-taxable","16":"purchasable","17":"product-type-simple"},"_links":{"self":[{"href":"https:\/\/roveyayinevi.com.tr\/index.php\/wp-json\/wp\/v2\/product\/749400","targetHints":{"allow":["GET"]}}],"collection":[{"href":"https:\/\/roveyayinevi.com.tr\/index.php\/wp-json\/wp\/v2\/product"}],"about":[{"href":"https:\/\/roveyayinevi.com.tr\/index.php\/wp-json\/wp\/v2\/types\/product"}],"wp:attachment":[{"href":"https:\/\/roveyayinevi.com.tr\/index.php\/wp-json\/wp\/v2\/media?parent=749400"}],"wp:term":[{"taxonomy":"product_brand","embeddable":true,"href":"https:\/\/roveyayinevi.com.tr\/index.php\/wp-json\/wp\/v2\/product_brand?post=749400"},{"taxonomy":"product_cat","embeddable":true,"href":"https:\/\/roveyayinevi.com.tr\/index.php\/wp-json\/wp\/v2\/product_cat?post=749400"},{"taxonomy":"product_tag","embeddable":true,"href":"https:\/\/roveyayinevi.com.tr\/index.php\/wp-json\/wp\/v2\/product_tag?post=749400"}],"curies":[{"name":"wp","href":"https:\/\/api.w.org\/{rel}","templated":true}]}}