{"id":749399,"date":"2025-08-28T03:55:09","date_gmt":"2025-08-28T00:55:09","guid":{"rendered":"https:\/\/roveyayinevi.com.tr\/index.php\/urun\/ilim-yolunda-taskopruluzade\/"},"modified":"2026-04-16T03:03:02","modified_gmt":"2026-04-16T00:03:02","slug":"ilim-yolunda-taskopruluzade","status":"publish","type":"product","link":"https:\/\/roveyayinevi.com.tr\/index.php\/urun\/ilim-yolunda-taskopruluzade\/","title":{"rendered":"\u0130lim Yolunda &#8211; Ta\u015fk\u00f6pr\u00fcl\u00fczade"},"content":{"rendered":"<p>Osmanl\u0131\u2019n\u0131n ilk ansiklopedisti ve bilim tarih\u00e7isi kabul edilen Ta\u015fk\u00f6pr\u00fcl\u00fcz\u00e2de; alimin e\u015f-\u015eekaik (Alimler Ansiklopedisi) ve Miftahu\u2019s-Saadet (\u0130limler Ansiklopedisi) eserlerinden hareketle Do\u00e7. Dr. Fatih \u0130bi\u015f taraf\u0131ndan kaleme al\u0131nd\u0131. \u201cEbu\u2019l Hayr\u201d Ahmed Ta\u015fk\u00f6r\u00fcl\u00fczade hayat\u0131 boyunca dar kap\u0131s\u0131ndan girdi\u011fi ilmin talebesi olmu\u015f, y\u00fcr\u00fcy\u00fc\u015flerinin hakk\u0131n\u0131 veren ilim talebelerine hocal\u0131k etmi\u015f ve iz b\u0131rakan alimler yeti\u015ftirmi\u015ftir. Ta\u015fk\u00f6pr\u00fcl\u00fczade\u2019nin iz s\u00fcrme ve iz b\u0131rakma seyrini ilim merak\u0131n\u0131 e\u015f-\u015eakaik\u2019in giri\u015finde yer alan \u201cSa\u011f\u0131 soldan, do\u011fruyu e\u011friden ay\u0131rmaya ba\u015flad\u0131\u011f\u0131m g\u00fcnden beri ulema menk\u0131beleri ve onlar\u0131n haberlerini \u00f6\u011frenmeye \u00e7ok merakl\u0131yd\u0131m. &#8230; Nesiller gelip ge\u00e7tik\u00e7e neredeyse onlar\u0131n da isimleri ve resimleri, nesillerin dilinden ve zihninden kaz\u0131n\u0131p gidecekti.\u201d ifadelerinden okuyabiliyoruz. Nitekim alimlerin hayat\u0131n\u0131 anlatt\u0131\u011f\u0131 ayn\u0131 eserinde k\u0131saca kendi ya\u015fam\u0131na da de\u011finme gerek\u00e7esini tevazuuyla izah eder \u201cEfendilerin huzurunda hizmetkarlar\u0131n da an\u0131lmas\u0131 gerekir.\u201d Dahil oldu\u011fu nesille birlikte gelece\u011fi de g\u00f6zeten Ta\u015fk\u00f6pr\u00fcl\u00fczade\u2019nin, g\u00fcn gelip kendi hayat\u0131n\u0131n da ayn\u0131 h\u00fcsn\u00fc niyetle kayda al\u0131naca\u011f\u0131n\u0131, yeni bir nesle aktar\u0131laca\u011f\u0131n\u0131 \u00f6ng\u00f6rd\u00fc\u011f\u00fcn\u00fc; okuyucular\u0131n alimin hayat\u0131na ana hatlar\u0131yla de\u011finen bu kitab\u0131 okurken ayr\u0131 bir keyif alaca\u011f\u0131na inan\u0131yoruz. Kitab\u0131n birinci b\u00f6l\u00fcm\u00fcnde do\u011fumundan alimli\u011fine kadar ailesi, \u00e7ocuklu\u011fu, ilimle ve alimlerle tan\u0131\u015fmas\u0131, m\u00fcderrisli\u011fi, g\u00f6n\u00fcll\u00fcs\u00fc de\u011filse de kaderinde yaz\u0131ld\u0131\u011f\u0131na inand\u0131\u011f\u0131 kad\u0131l\u0131k d\u00f6nemleri anlat\u0131l\u0131yor. \u00dczerinde etkisi, eme\u011fi olan alimlerin ve kalbini geni\u015fleterek terbiye eden ariflerin konu edildi\u011fi ikinci b\u00f6l\u00fcmdeyse Ta\u015fk\u00f6pr\u00fcl\u00fczade\u2019nin irfani y\u00f6n\u00fcne tan\u0131kl\u0131k ediyoruz. \u00c2limin ilmi yakla\u015f\u0131mlar\u0131, eserleri, talebeleri hakk\u0131ndaki bilgiler ve dolay\u0131s\u0131yla da alim, ilim, irfan, talebe gibi kavramlar\u0131n i\u00e7eri\u011fine dair bir ke\u015ffe \u00e7\u0131kt\u0131\u011f\u0131m\u0131z sayfalarsa \u00fc\u00e7 ve d\u00f6rd\u00fcnc\u00fc b\u00f6l\u00fcmlerde. Ayr\u0131ca kitab\u0131n sonunda okuyaca\u011f\u0131n\u0131z \u201cKendi Kaleminden Ta\u015fk\u00f6pr\u00fcl\u00fczade\u201d b\u00f6l\u00fcm\u00fcyle alimle bizzat sohbet etmi\u015f kadar olacaks\u0131n\u0131z. Ek ikideki \u201cTa\u015fk\u00f6r\u00fcl\u00fczade\u2019nin Biyografisinde Okudu\u011fu ve Okuttu\u011fu Kitaplar\u0131n Listesi\u201dyse \u00f6zellikle tarih \u00f6\u011frencilerine iyi bir s\u00fcrpriz olacak.<\/p>\n","protected":false},"excerpt":{"rendered":"<p>Osmanl\u0131\u2019n\u0131n ilk ansiklopedisti ve bilim tarih\u00e7isi kabul edilen Ta\u015fk\u00f6pr\u00fcl\u00fcz\u00e2de; alimin e\u015f-\u015eekaik (Alimler Ansiklopedisi) ve Miftahu\u2019s-Saadet (\u0130limler Ansiklopedisi) eserlerinden hareketle Do\u00e7. Dr. Fatih \u0130bi\u015f taraf\u0131ndan kaleme al\u0131nd\u0131.<span class=\"excerpt-hellip\"> [\u2026]<\/span><\/p>\n","protected":false},"featured_media":0,"template":"","meta":{"_monsterinsights_skip_tracking":false,"_monsterinsights_sitenote_active":false,"_monsterinsights_sitenote_note":"","_monsterinsights_sitenote_category":0},"product_brand":[],"product_cat":[12370,12304],"product_tag":[],"class_list":{"0":"post-749399","1":"product","2":"type-product","3":"status-publish","5":"product_cat-arastirma-inceleme","6":"product_cat-tarih","7":"pa_cilt-ciltsiz","8":"pa_tur-kitap","9":"pa_yayinevi-erdem-yayinlari","10":"pa_yazar-fatih-ibis","12":"first","13":"instock","14":"sale","15":"shipping-taxable","16":"purchasable","17":"product-type-simple"},"_links":{"self":[{"href":"https:\/\/roveyayinevi.com.tr\/index.php\/wp-json\/wp\/v2\/product\/749399","targetHints":{"allow":["GET"]}}],"collection":[{"href":"https:\/\/roveyayinevi.com.tr\/index.php\/wp-json\/wp\/v2\/product"}],"about":[{"href":"https:\/\/roveyayinevi.com.tr\/index.php\/wp-json\/wp\/v2\/types\/product"}],"wp:attachment":[{"href":"https:\/\/roveyayinevi.com.tr\/index.php\/wp-json\/wp\/v2\/media?parent=749399"}],"wp:term":[{"taxonomy":"product_brand","embeddable":true,"href":"https:\/\/roveyayinevi.com.tr\/index.php\/wp-json\/wp\/v2\/product_brand?post=749399"},{"taxonomy":"product_cat","embeddable":true,"href":"https:\/\/roveyayinevi.com.tr\/index.php\/wp-json\/wp\/v2\/product_cat?post=749399"},{"taxonomy":"product_tag","embeddable":true,"href":"https:\/\/roveyayinevi.com.tr\/index.php\/wp-json\/wp\/v2\/product_tag?post=749399"}],"curies":[{"name":"wp","href":"https:\/\/api.w.org\/{rel}","templated":true}]}}