{"id":749398,"date":"2025-08-28T03:55:08","date_gmt":"2025-08-28T00:55:08","guid":{"rendered":"https:\/\/roveyayinevi.com.tr\/index.php\/urun\/insanligin-siginagi-alp-arslan\/"},"modified":"2026-04-16T03:03:02","modified_gmt":"2026-04-16T00:03:02","slug":"insanligin-siginagi-alp-arslan","status":"publish","type":"product","link":"https:\/\/roveyayinevi.com.tr\/index.php\/urun\/insanligin-siginagi-alp-arslan\/","title":{"rendered":"\u0130nsanl\u0131\u011f\u0131n S\u0131\u011f\u0131na\u011f\u0131 &#8211; Alp Arslan"},"content":{"rendered":"<p>T\u00fcrk tarihi dendi\u011finde hemen akla gelecek ilk isim olmas\u0131na ra\u011fmen yeterince anla\u015f\u0131lmayan tarihi \u015fahsiyetlerden biridir Sultan Alp Arslan: Eylemleriyle sadece T\u00fcrklerin de\u011fil Avrupal\u0131lar\u0131n tarihinde de farkl\u0131 bir konumu hak ediyor. Sultan\u2019\u0131n hamasi anlat\u0131lara, i\u00e7i bo\u015f savunmalara de\u011fil askerli\u011fi, devlet adaml\u0131\u011f\u0131yla birlikte di\u011fer \u00f6zellikleriyle kaynaklara dayal\u0131 bilgilerle derinden kavranmaya ihtiyac\u0131 vard\u0131r. Anadolu\u2019da T\u00fcrkle\u015fme s\u00fcrecini ba\u015flatarak tarihe ge\u00e7en Alp Arslan, Sel\u00e7uklular\u2019\u0131n devletle\u015fme s\u00fcrecini tamamlayan ve devletin tamam\u0131na h\u00fckmen ilk sultand\u0131r. Askeri ve siyasi ki\u015fili\u011finin yan\u0131nda ilme verdi\u011fi k\u0131ymetle tarihimizde \u00f6nemli bir yere sahiptir. Ancak bu \u00f6zelli\u011fi g\u00f6lgede kalm\u0131\u015ft\u0131r. Nizamiye Medreseleri i\u00e7in Nizam\u00fclm\u00fclk\u2019e izin vermekle kalmay\u0131p \u00fclkenin farkl\u0131 \u015fehirlerine yay\u0131lmas\u0131n\u0131 istemi\u015f ve bu u\u011furda devletin b\u00fct\u00fcn imk\u00e2nlar\u0131n\u0131 da seferber etmi\u015ftir. Kitap Do\u011fumu ve Gen\u00e7lik Y\u0131llar\u0131, Sultanl\u0131k D\u00f6nemi, Malazgirt \u00d6ncesi ve Sonras\u0131 ve Sultan Alp Arslan\u2019\u0131n Ki\u015fisel \u00d6zellikleri ba\u015fl\u0131klar\u0131n\u0131 i\u00e7eren d\u00f6rt b\u00f6l\u00fcmden meydana geliyor. Prof. Dr. Cihan Piyadeo\u011flu\u2019nun kaleme ald\u0131\u011f\u0131 \u0130nsanl\u0131\u011f\u0131n S\u0131\u011f\u0131na\u011f\u0131 Alp Arslan kitab\u0131nda sultan\u0131n adil, hay\u0131rsever, iradeli, liyakatli liderlik \u00f6zellikleriyle birlikte pek \u00e7ok isim ve olay hakk\u0131nda da bilmediklerini fark edecek, ya\u015fad\u0131\u011f\u0131 d\u00f6nemden bug\u00fcne etkilerini s\u00fcrd\u00fcren Sultan Alp Arslan\u2019la yeniden tan\u0131\u015facaks\u0131n\u0131z.<\/p>\n","protected":false},"excerpt":{"rendered":"<p>T\u00fcrk tarihi dendi\u011finde hemen akla gelecek ilk isim olmas\u0131na ra\u011fmen yeterince anla\u015f\u0131lmayan tarihi \u015fahsiyetlerden biridir Sultan Alp Arslan: Eylemleriyle sadece T\u00fcrklerin de\u011fil Avrupal\u0131lar\u0131n tarihinde de farkl\u0131<span class=\"excerpt-hellip\"> [\u2026]<\/span><\/p>\n","protected":false},"featured_media":0,"template":"","meta":{"_monsterinsights_skip_tracking":false,"_monsterinsights_sitenote_active":false,"_monsterinsights_sitenote_note":"","_monsterinsights_sitenote_category":0},"product_brand":[],"product_cat":[12370,12304],"product_tag":[],"class_list":{"0":"post-749398","1":"product","2":"type-product","3":"status-publish","5":"product_cat-arastirma-inceleme","6":"product_cat-tarih","7":"pa_cilt-ciltsiz","8":"pa_tur-kitap","9":"pa_yayinevi-erdem-yayinlari","10":"pa_yazar-cihan-piyadeoglu","12":"first","13":"instock","14":"sale","15":"shipping-taxable","16":"purchasable","17":"product-type-simple"},"_links":{"self":[{"href":"https:\/\/roveyayinevi.com.tr\/index.php\/wp-json\/wp\/v2\/product\/749398","targetHints":{"allow":["GET"]}}],"collection":[{"href":"https:\/\/roveyayinevi.com.tr\/index.php\/wp-json\/wp\/v2\/product"}],"about":[{"href":"https:\/\/roveyayinevi.com.tr\/index.php\/wp-json\/wp\/v2\/types\/product"}],"wp:attachment":[{"href":"https:\/\/roveyayinevi.com.tr\/index.php\/wp-json\/wp\/v2\/media?parent=749398"}],"wp:term":[{"taxonomy":"product_brand","embeddable":true,"href":"https:\/\/roveyayinevi.com.tr\/index.php\/wp-json\/wp\/v2\/product_brand?post=749398"},{"taxonomy":"product_cat","embeddable":true,"href":"https:\/\/roveyayinevi.com.tr\/index.php\/wp-json\/wp\/v2\/product_cat?post=749398"},{"taxonomy":"product_tag","embeddable":true,"href":"https:\/\/roveyayinevi.com.tr\/index.php\/wp-json\/wp\/v2\/product_tag?post=749398"}],"curies":[{"name":"wp","href":"https:\/\/api.w.org\/{rel}","templated":true}]}}