{"id":749395,"date":"2025-08-28T03:55:04","date_gmt":"2025-08-28T00:55:04","guid":{"rendered":"https:\/\/roveyayinevi.com.tr\/index.php\/urun\/akif-mehmet-akif-ersoyun-romani\/"},"modified":"2026-04-16T03:03:02","modified_gmt":"2026-04-16T00:03:02","slug":"akif-mehmet-akif-ersoyun-romani","status":"publish","type":"product","link":"https:\/\/roveyayinevi.com.tr\/index.php\/urun\/akif-mehmet-akif-ersoyun-romani\/","title":{"rendered":"Akif &#8211; Mehmet Akif Ersoy&#8217;un Roman\u0131"},"content":{"rendered":"<p>Mehmet Akif Ersoy\u2019u bilir misiniz, tan\u0131r m\u0131s\u0131n\u0131z? Bilmek ve tan\u0131mak ayn\u0131 \u015fey de\u011fildir. Kurtulu\u015f m\u00fccadelemizi ta\u00e7land\u0131r\u0131p bize Milli Mar\u015f\u0131m\u0131z\u0131 hediye eden Mehmet Akif\u2019 Ersoy\u2019u bilmenin \u00f6tesinde biraz da tan\u0131mak isterseniz bu kitap size g\u00f6re. Hayat\u0131ndaki temel bilgilerden yola \u00e7\u0131k\u0131larak kaleme al\u0131nan Akif, Mehmet Akif\u2019in de bir zamanlar afacan bir \u00e7ocuk oldu\u011funu, b\u00fcy\u00fcrken kar\u015f\u0131la\u015ft\u0131\u011f\u0131 zorluklar\u0131, verdi\u011fi m\u00fccadeleleri, ba\u015far\u0131lar\u0131n\u0131 anlatan kurgu bir \u00e7ocuk roman\u0131.<\/p>\n","protected":false},"excerpt":{"rendered":"<p>Mehmet Akif Ersoy\u2019u bilir misiniz, tan\u0131r m\u0131s\u0131n\u0131z? Bilmek ve tan\u0131mak ayn\u0131 \u015fey de\u011fildir. Kurtulu\u015f m\u00fccadelemizi ta\u00e7land\u0131r\u0131p bize Milli Mar\u015f\u0131m\u0131z\u0131 hediye eden Mehmet Akif\u2019 Ersoy\u2019u bilmenin \u00f6tesinde<span class=\"excerpt-hellip\"> [\u2026]<\/span><\/p>\n","protected":false},"featured_media":0,"template":"","meta":{"_monsterinsights_skip_tracking":false,"_monsterinsights_sitenote_active":false,"_monsterinsights_sitenote_note":"","_monsterinsights_sitenote_category":0},"product_brand":[],"product_cat":[12274,12631],"product_tag":[],"class_list":{"0":"post-749395","1":"product","2":"type-product","3":"status-publish","5":"product_cat-cocuk-ve-genclik-kitaplari","6":"product_cat-diger-cocuk-ve-genclik-kitaplari","7":"pa_cilt-ciltsiz","8":"pa_tur-kitap","9":"pa_yayinevi-erdem-cocuk","10":"pa_yazar-elif-akardas","12":"first","13":"instock","14":"sale","15":"shipping-taxable","16":"purchasable","17":"product-type-simple"},"_links":{"self":[{"href":"https:\/\/roveyayinevi.com.tr\/index.php\/wp-json\/wp\/v2\/product\/749395","targetHints":{"allow":["GET"]}}],"collection":[{"href":"https:\/\/roveyayinevi.com.tr\/index.php\/wp-json\/wp\/v2\/product"}],"about":[{"href":"https:\/\/roveyayinevi.com.tr\/index.php\/wp-json\/wp\/v2\/types\/product"}],"wp:attachment":[{"href":"https:\/\/roveyayinevi.com.tr\/index.php\/wp-json\/wp\/v2\/media?parent=749395"}],"wp:term":[{"taxonomy":"product_brand","embeddable":true,"href":"https:\/\/roveyayinevi.com.tr\/index.php\/wp-json\/wp\/v2\/product_brand?post=749395"},{"taxonomy":"product_cat","embeddable":true,"href":"https:\/\/roveyayinevi.com.tr\/index.php\/wp-json\/wp\/v2\/product_cat?post=749395"},{"taxonomy":"product_tag","embeddable":true,"href":"https:\/\/roveyayinevi.com.tr\/index.php\/wp-json\/wp\/v2\/product_tag?post=749395"}],"curies":[{"name":"wp","href":"https:\/\/api.w.org\/{rel}","templated":true}]}}