{"id":749394,"date":"2025-08-28T03:55:02","date_gmt":"2025-08-28T00:55:02","guid":{"rendered":"https:\/\/roveyayinevi.com.tr\/index.php\/urun\/acar-dedektif-eda-1-yeni-okul-yeni-macera\/"},"modified":"2026-04-16T03:03:02","modified_gmt":"2026-04-16T00:03:02","slug":"acar-dedektif-eda-1-yeni-okul-yeni-macera","status":"publish","type":"product","link":"https:\/\/roveyayinevi.com.tr\/index.php\/urun\/acar-dedektif-eda-1-yeni-okul-yeni-macera\/","title":{"rendered":"Acar Dedektif Eda 1 &#8211; Yeni Okul Yeni Macera"},"content":{"rendered":"<p>Acar Dedektif Eda yeniden i\u015f ba\u015f\u0131nda&#8230;Uzun bir aradan sonra Eda geri d\u00f6nd\u00fc.Art\u0131k 11 ya\u015f\u0131nda olan Eda\u2019y\u0131 yeni evinde, yeni okulunda, yeni arkada\u015flar\u0131yla heyecanl\u0131 maceralar bekliyor.Eda\u2019n\u0131n ba\u015f\u0131 dertten kurtulamaz \u00e7\u00fcnk\u00fc burnunu sokmamas\u0131 gereken yerlere sokar.Ailesiyle ve Komiser Nevzat\u2019la yapt\u0131\u011f\u0131 anla\u015fmaya uyabilecek mi dersiniz? \u0130yi de Eda olmazsa su\u00e7lular\u0131 kim yakalayacak?Bu macerada Eda\u2019n\u0131n burnuna, okul servislerinden k\u00f6t\u00fc kokular gelir!Eda ile yepyeni, heyecanl\u0131 bir maceraya haz\u0131r olun.<\/p>\n","protected":false},"excerpt":{"rendered":"<p>Acar Dedektif Eda yeniden i\u015f ba\u015f\u0131nda&#8230;Uzun bir aradan sonra Eda geri d\u00f6nd\u00fc.Art\u0131k 11 ya\u015f\u0131nda olan Eda\u2019y\u0131 yeni evinde, yeni okulunda, yeni arkada\u015flar\u0131yla heyecanl\u0131 maceralar bekliyor.Eda\u2019n\u0131n ba\u015f\u0131<span class=\"excerpt-hellip\"> [\u2026]<\/span><\/p>\n","protected":false},"featured_media":0,"template":"","meta":{"_monsterinsights_skip_tracking":false,"_monsterinsights_sitenote_active":false,"_monsterinsights_sitenote_note":"","_monsterinsights_sitenote_category":0},"product_brand":[],"product_cat":[12274,12284],"product_tag":[],"class_list":{"0":"post-749394","1":"product","2":"type-product","3":"status-publish","5":"product_cat-cocuk-ve-genclik-kitaplari","6":"product_cat-hikayeler","7":"pa_cilt-ciltsiz","8":"pa_tur-kitap","9":"pa_yayinevi-erdem-cocuk","10":"pa_yazar-meryem-ucar","12":"first","13":"instock","14":"sale","15":"shipping-taxable","16":"purchasable","17":"product-type-simple"},"_links":{"self":[{"href":"https:\/\/roveyayinevi.com.tr\/index.php\/wp-json\/wp\/v2\/product\/749394","targetHints":{"allow":["GET"]}}],"collection":[{"href":"https:\/\/roveyayinevi.com.tr\/index.php\/wp-json\/wp\/v2\/product"}],"about":[{"href":"https:\/\/roveyayinevi.com.tr\/index.php\/wp-json\/wp\/v2\/types\/product"}],"wp:attachment":[{"href":"https:\/\/roveyayinevi.com.tr\/index.php\/wp-json\/wp\/v2\/media?parent=749394"}],"wp:term":[{"taxonomy":"product_brand","embeddable":true,"href":"https:\/\/roveyayinevi.com.tr\/index.php\/wp-json\/wp\/v2\/product_brand?post=749394"},{"taxonomy":"product_cat","embeddable":true,"href":"https:\/\/roveyayinevi.com.tr\/index.php\/wp-json\/wp\/v2\/product_cat?post=749394"},{"taxonomy":"product_tag","embeddable":true,"href":"https:\/\/roveyayinevi.com.tr\/index.php\/wp-json\/wp\/v2\/product_tag?post=749394"}],"curies":[{"name":"wp","href":"https:\/\/api.w.org\/{rel}","templated":true}]}}