{"id":749386,"date":"2025-08-28T03:54:49","date_gmt":"2025-08-28T00:54:49","guid":{"rendered":"https:\/\/roveyayinevi.com.tr\/index.php\/urun\/sultan-i-murad-tarihsever-cocuk-dizisi-4\/"},"modified":"2026-04-16T03:03:02","modified_gmt":"2026-04-16T00:03:02","slug":"sultan-i-murad-tarihsever-cocuk-dizisi-4","status":"publish","type":"product","link":"https:\/\/roveyayinevi.com.tr\/index.php\/urun\/sultan-i-murad-tarihsever-cocuk-dizisi-4\/","title":{"rendered":"Sultan I. Murad &#8211; Tarihsever \u00c7ocuk Dizisi 4"},"content":{"rendered":"<p>Bu kitapta; Osman Gazi\u2019nin vefat\u0131ndan sonra ba\u015fa ge\u00e7en, yeni\u00e7eri oca\u011f\u0131n\u0131 kuran, Edirne\u2019yi fethederek Osmanl\u0131 Devleti\u2019nin ba\u015fkenti yapan, M\u00fcsl\u00fcman-T\u00fcrk n\u00fcfusunu Balkanlarda ve Avrupa\u2019da kal\u0131c\u0131 bir h\u00e2le getiren, Osmanl\u0131 Devleti\u2019nin s\u0131n\u0131rlar\u0131n\u0131 95 bin kilometrekareden 5 y\u00fcz bin kilometrekareye \u00e7\u0131karan, y\u00f6netti\u011fi sava\u015flar\u0131n hi\u00e7birinde yenilmeyen, Hz. Mevlana\u2019ya duydu\u011fu a\u015f\u0131r\u0131 sevgi ve sayg\u0131s\u0131ndan dolay\u0131 \u201cH\u00fcdavendigar\u201d olarak an\u0131lan Sultan I. Murad\u2019\u0131n hayat\u0131n\u0131 okuyacaks\u0131n\u0131z.<\/p>\n","protected":false},"excerpt":{"rendered":"<p>Bu kitapta; Osman Gazi\u2019nin vefat\u0131ndan sonra ba\u015fa ge\u00e7en, yeni\u00e7eri oca\u011f\u0131n\u0131 kuran, Edirne\u2019yi fethederek Osmanl\u0131 Devleti\u2019nin ba\u015fkenti yapan, M\u00fcsl\u00fcman-T\u00fcrk n\u00fcfusunu Balkanlarda ve Avrupa\u2019da kal\u0131c\u0131 bir h\u00e2le getiren,<span class=\"excerpt-hellip\"> [\u2026]<\/span><\/p>\n","protected":false},"featured_media":0,"template":"","meta":{"_monsterinsights_skip_tracking":false,"_monsterinsights_sitenote_active":false,"_monsterinsights_sitenote_note":"","_monsterinsights_sitenote_category":0},"product_brand":[],"product_cat":[12274,15842],"product_tag":[],"class_list":{"0":"post-749386","1":"product","2":"type-product","3":"status-publish","5":"product_cat-cocuk-ve-genclik-kitaplari","6":"product_cat-egitici-kitaplar","7":"pa_cilt-ciltsiz","8":"pa_tur-kitap","9":"pa_yayinevi-erdem-cocuk","10":"pa_yazar-ismail-bilgin","12":"first","13":"instock","14":"sale","15":"shipping-taxable","16":"purchasable","17":"product-type-simple"},"_links":{"self":[{"href":"https:\/\/roveyayinevi.com.tr\/index.php\/wp-json\/wp\/v2\/product\/749386","targetHints":{"allow":["GET"]}}],"collection":[{"href":"https:\/\/roveyayinevi.com.tr\/index.php\/wp-json\/wp\/v2\/product"}],"about":[{"href":"https:\/\/roveyayinevi.com.tr\/index.php\/wp-json\/wp\/v2\/types\/product"}],"wp:attachment":[{"href":"https:\/\/roveyayinevi.com.tr\/index.php\/wp-json\/wp\/v2\/media?parent=749386"}],"wp:term":[{"taxonomy":"product_brand","embeddable":true,"href":"https:\/\/roveyayinevi.com.tr\/index.php\/wp-json\/wp\/v2\/product_brand?post=749386"},{"taxonomy":"product_cat","embeddable":true,"href":"https:\/\/roveyayinevi.com.tr\/index.php\/wp-json\/wp\/v2\/product_cat?post=749386"},{"taxonomy":"product_tag","embeddable":true,"href":"https:\/\/roveyayinevi.com.tr\/index.php\/wp-json\/wp\/v2\/product_tag?post=749386"}],"curies":[{"name":"wp","href":"https:\/\/api.w.org\/{rel}","templated":true}]}}