{"id":749382,"date":"2025-08-28T03:54:44","date_gmt":"2025-08-28T00:54:44","guid":{"rendered":"https:\/\/roveyayinevi.com.tr\/index.php\/urun\/zihnimdeki-hesap-makinesi\/"},"modified":"2026-04-16T03:03:02","modified_gmt":"2026-04-16T00:03:02","slug":"zihnimdeki-hesap-makinesi","status":"publish","type":"product","link":"https:\/\/roveyayinevi.com.tr\/index.php\/urun\/zihnimdeki-hesap-makinesi\/","title":{"rendered":"Zihnimdeki Hesap Makinesi"},"content":{"rendered":"<p>Siz de matemati\u011fi sevmeyenlerden misiniz?Karel ve arkada\u015flar\u0131, ya\u015fad\u0131klar\u0131 maceralarla matemati\u011fe olan bak\u0131\u015f a\u00e7\u0131n\u0131z\u0131 de\u011fi\u015ftirecekler.Karel matematik dehas\u0131 bir k\u0131z. Ya\u015fad\u0131\u011f\u0131 maceralar da matematikle ilgili. Paramit ile kar\u0131ncalar\u0131n \u00fclkesine yapt\u0131\u011f\u0131 yolculukta \u015fekillerle ilgili problemleri, Part\u00fcn ile Payla\u015f\u0131m Da\u011f\u0131\u2019nda yapt\u0131\u011f\u0131 yolculukta ise kesirlerle ilgili problemleri \u00e7\u00f6z\u00fcyor. Ayr\u0131ca Tivel\u2019le birlikte bizlere zihinden hesaplamalar pratik olarak nas\u0131l yap\u0131l\u0131r onlar\u0131 anlat\u0131yor.Karel\u2019in yeni arkada\u015f\u0131 Tivel, hesaplamalar\u0131n\u0131 k\u00e2\u011f\u0131t kalem kullanarak yap\u0131yor. \u00c7\u00fcnk\u00fc kesin sonu\u00e7lar\u0131 seviyor. Karel, Tivel\u2019e k\u00e2\u011f\u0131t kalem kullanmadan da kesin sonu\u00e7lara ula\u015ft\u0131rabilece\u011fini; zihinden hesaplamalar\u0131n kolayl\u0131\u011f\u0131n\u0131 ve nas\u0131l yap\u0131laca\u011f\u0131n\u0131 anlat\u0131yor.Karel, okul arkada\u015flar\u0131yla birlikte kampa gidiyor. Kampta d\u00fczenlenen yar\u0131\u015fmay\u0131 kazanmak i\u00e7in zihinden hesaplamalar yapmay\u0131 bilmek gerekiyor. Bakal\u0131m hangi grup kazanacak?Siz de zihinden hesaplamalar\u0131n kolay yollar\u0131n\u0131 \u00f6\u011frenmek isterseniz Karel\u2019e kulak verin.<\/p>\n","protected":false},"excerpt":{"rendered":"<p>Siz de matemati\u011fi sevmeyenlerden misiniz?Karel ve arkada\u015flar\u0131, ya\u015fad\u0131klar\u0131 maceralarla matemati\u011fe olan bak\u0131\u015f a\u00e7\u0131n\u0131z\u0131 de\u011fi\u015ftirecekler.Karel matematik dehas\u0131 bir k\u0131z. Ya\u015fad\u0131\u011f\u0131 maceralar da matematikle ilgili. Paramit ile kar\u0131ncalar\u0131n<span class=\"excerpt-hellip\"> [\u2026]<\/span><\/p>\n","protected":false},"featured_media":0,"template":"","meta":{"_monsterinsights_skip_tracking":false,"_monsterinsights_sitenote_active":false,"_monsterinsights_sitenote_note":"","_monsterinsights_sitenote_category":0},"product_brand":[],"product_cat":[12274,15842],"product_tag":[],"class_list":{"0":"post-749382","1":"product","2":"type-product","3":"status-publish","5":"product_cat-cocuk-ve-genclik-kitaplari","6":"product_cat-egitici-kitaplar","7":"pa_cilt-ciltsiz","8":"pa_tur-kitap","9":"pa_yayinevi-erdem-cocuk","10":"pa_yazar-hyeon-jeong-park","12":"first","13":"instock","14":"sale","15":"shipping-taxable","16":"purchasable","17":"product-type-simple"},"_links":{"self":[{"href":"https:\/\/roveyayinevi.com.tr\/index.php\/wp-json\/wp\/v2\/product\/749382","targetHints":{"allow":["GET"]}}],"collection":[{"href":"https:\/\/roveyayinevi.com.tr\/index.php\/wp-json\/wp\/v2\/product"}],"about":[{"href":"https:\/\/roveyayinevi.com.tr\/index.php\/wp-json\/wp\/v2\/types\/product"}],"wp:attachment":[{"href":"https:\/\/roveyayinevi.com.tr\/index.php\/wp-json\/wp\/v2\/media?parent=749382"}],"wp:term":[{"taxonomy":"product_brand","embeddable":true,"href":"https:\/\/roveyayinevi.com.tr\/index.php\/wp-json\/wp\/v2\/product_brand?post=749382"},{"taxonomy":"product_cat","embeddable":true,"href":"https:\/\/roveyayinevi.com.tr\/index.php\/wp-json\/wp\/v2\/product_cat?post=749382"},{"taxonomy":"product_tag","embeddable":true,"href":"https:\/\/roveyayinevi.com.tr\/index.php\/wp-json\/wp\/v2\/product_tag?post=749382"}],"curies":[{"name":"wp","href":"https:\/\/api.w.org\/{rel}","templated":true}]}}