{"id":749381,"date":"2025-08-28T03:54:43","date_gmt":"2025-08-28T00:54:43","guid":{"rendered":"https:\/\/roveyayinevi.com.tr\/index.php\/urun\/kesirler-hayat-kurtarir-mi\/"},"modified":"2026-04-16T03:03:02","modified_gmt":"2026-04-16T00:03:02","slug":"kesirler-hayat-kurtarir-mi","status":"publish","type":"product","link":"https:\/\/roveyayinevi.com.tr\/index.php\/urun\/kesirler-hayat-kurtarir-mi\/","title":{"rendered":"Kesirler Hayat Kurtar\u0131r M\u0131?"},"content":{"rendered":"<p>Siz de matemati\u011fi sevmeyenlerden misiniz?Karel ve arkada\u015flar\u0131, ya\u015fad\u0131klar\u0131 maceralarla matemati\u011fe olan bak\u0131\u015f a\u00e7\u0131n\u0131z\u0131 de\u011fi\u015ftirecekler.Karel matematik dehas\u0131 bir k\u0131z. Ya\u015fad\u0131\u011f\u0131 maceralar da matematikle ilgili. Paramit ile kar\u0131ncalar\u0131n \u00fclkesine yapt\u0131\u011f\u0131 yolculukta \u015fekillerle ilgili problemleri, Part\u00fcn ile Payla\u015f\u0131m Da\u011f\u0131\u2019nda yapt\u0131\u011f\u0131 yolculukta ise kesirlerle ilgili problemleri \u00e7\u00f6z\u00fcyor. Ayr\u0131ca Tivel\u2019le birlikte bizlere zihinden hesaplamalar pratik olarak nas\u0131l yap\u0131l\u0131r onlar\u0131 anlat\u0131yor.Part\u00fcn\u2019\u00fcn kesirlerle aras\u0131 \u00e7ok iyi. \u00c7\u00fcnk\u00fc be\u015f tane a\u011fabeyi var ve her \u015feyi onlarla payla\u015fmak zorunda. Payla\u015fmaktan memnun olmayan Part\u00fcn, a\u011fabeylerinden kurtulmak istiyor. \u0130ste\u011finin ger\u00e7ekle\u015fmesi i\u00e7in Payla\u015f\u0131m Da\u011f\u0131\u2019na gitmesi ve Kesir Nine\u2019yi bulmas\u0131 gerek. Giderken Karel\u2019i yard\u0131ma \u00e7a\u011f\u0131r\u0131yor. Bakal\u0131m Part\u00fcn abilerinden kurtulabilecek mi? Bu arada Paramit d\u00fcnyan\u0131n en k\u00fc\u00e7\u00fck say\u0131s\u0131n\u0131 bulabilecek mi?Payla\u015fmak ve arkada\u015fl\u0131k \u00fczerine bir macera&#8230;<\/p>\n","protected":false},"excerpt":{"rendered":"<p>Siz de matemati\u011fi sevmeyenlerden misiniz?Karel ve arkada\u015flar\u0131, ya\u015fad\u0131klar\u0131 maceralarla matemati\u011fe olan bak\u0131\u015f a\u00e7\u0131n\u0131z\u0131 de\u011fi\u015ftirecekler.Karel matematik dehas\u0131 bir k\u0131z. Ya\u015fad\u0131\u011f\u0131 maceralar da matematikle ilgili. Paramit ile kar\u0131ncalar\u0131n<span class=\"excerpt-hellip\"> [\u2026]<\/span><\/p>\n","protected":false},"featured_media":0,"template":"","meta":{"_monsterinsights_skip_tracking":false,"_monsterinsights_sitenote_active":false,"_monsterinsights_sitenote_note":"","_monsterinsights_sitenote_category":0},"product_brand":[],"product_cat":[12274,15842],"product_tag":[],"class_list":{"0":"post-749381","1":"product","2":"type-product","3":"status-publish","5":"product_cat-cocuk-ve-genclik-kitaplari","6":"product_cat-egitici-kitaplar","7":"pa_cilt-ciltsiz","8":"pa_tur-kitap","9":"pa_yayinevi-erdem-cocuk","10":"pa_yazar-hyeon-jeong-park","12":"first","13":"instock","14":"sale","15":"shipping-taxable","16":"purchasable","17":"product-type-simple"},"_links":{"self":[{"href":"https:\/\/roveyayinevi.com.tr\/index.php\/wp-json\/wp\/v2\/product\/749381","targetHints":{"allow":["GET"]}}],"collection":[{"href":"https:\/\/roveyayinevi.com.tr\/index.php\/wp-json\/wp\/v2\/product"}],"about":[{"href":"https:\/\/roveyayinevi.com.tr\/index.php\/wp-json\/wp\/v2\/types\/product"}],"wp:attachment":[{"href":"https:\/\/roveyayinevi.com.tr\/index.php\/wp-json\/wp\/v2\/media?parent=749381"}],"wp:term":[{"taxonomy":"product_brand","embeddable":true,"href":"https:\/\/roveyayinevi.com.tr\/index.php\/wp-json\/wp\/v2\/product_brand?post=749381"},{"taxonomy":"product_cat","embeddable":true,"href":"https:\/\/roveyayinevi.com.tr\/index.php\/wp-json\/wp\/v2\/product_cat?post=749381"},{"taxonomy":"product_tag","embeddable":true,"href":"https:\/\/roveyayinevi.com.tr\/index.php\/wp-json\/wp\/v2\/product_tag?post=749381"}],"curies":[{"name":"wp","href":"https:\/\/api.w.org\/{rel}","templated":true}]}}