{"id":749369,"date":"2025-08-28T03:54:25","date_gmt":"2025-08-28T00:54:25","guid":{"rendered":"https:\/\/roveyayinevi.com.tr\/index.php\/urun\/dunya-cocuk-klasikleri-dizisi-1-10-kitap\/"},"modified":"2026-04-16T03:03:01","modified_gmt":"2026-04-16T00:03:01","slug":"dunya-cocuk-klasikleri-dizisi-1-10-kitap","status":"publish","type":"product","link":"https:\/\/roveyayinevi.com.tr\/index.php\/urun\/dunya-cocuk-klasikleri-dizisi-1-10-kitap\/","title":{"rendered":"D\u00fcnya \u00c7ocuk Klasikleri Dizisi 1 &#8211;  10 Kitap"},"content":{"rendered":"<p>T\u00fcm d\u00fcnya \u00e7ocuklar\u0131n\u0131n okuduklar\u0131 Bat\u0131 klasiklerini T\u00fcrk okuyucular\u0131 ile bulu\u015fturan bu dizi, \u00e7ocuklar i\u00e7in orijinal dilinden, sadele\u015ftirilmi\u015f metinlerden \u00e7evrilerek haz\u0131rland\u0131. Bat\u0131 klasikleri \u00e7ocuklar\u0131m\u0131z\u0131n sevece\u011fi bir \u00fcslupla yeniden yaz\u0131ld\u0131. Heyecanl\u0131, duygulu, \u015fa\u015f\u0131rt\u0131c\u0131 pek \u00e7ok macera \u00e7ocuklar\u0131 bekliyor. Setin Kitaplar\u0131 1. Gulliver\u2019in Gezileri 2. K\u00fc\u00e7\u00fck Kemanc\u0131 3. \u00c7ocuk Kalbi 4. Pollyanna 5. Define Adas\u0131 6. Kozet Sefiller 7. Tom Sowyer 8. Seksen G\u00fcnde D\u00fcnya Gezisi 9. \u00dc\u00e7 silah\u015f\u00f6r Krali\u00e7enin Hizmetinde 10. \u00dc\u00e7 Silah\u015f\u00f6r Kral\u0131n Hizmetinde<\/p>\n","protected":false},"excerpt":{"rendered":"<p>T\u00fcm d\u00fcnya \u00e7ocuklar\u0131n\u0131n okuduklar\u0131 Bat\u0131 klasiklerini T\u00fcrk okuyucular\u0131 ile bulu\u015fturan bu dizi, \u00e7ocuklar i\u00e7in orijinal dilinden, sadele\u015ftirilmi\u015f metinlerden \u00e7evrilerek haz\u0131rland\u0131. Bat\u0131 klasikleri \u00e7ocuklar\u0131m\u0131z\u0131n sevece\u011fi bir \u00fcslupla<span class=\"excerpt-hellip\"> [\u2026]<\/span><\/p>\n","protected":false},"featured_media":0,"template":"","meta":{"_monsterinsights_skip_tracking":false,"_monsterinsights_sitenote_active":false,"_monsterinsights_sitenote_note":"","_monsterinsights_sitenote_category":0},"product_brand":[],"product_cat":[12274,12284],"product_tag":[],"class_list":{"0":"post-749369","1":"product","2":"type-product","3":"status-publish","5":"product_cat-cocuk-ve-genclik-kitaplari","6":"product_cat-hikayeler","7":"pa_cilt-ciltsiz","8":"pa_tur-kitap","9":"pa_yayinevi-erdem-cocuk","10":"pa_yazar-kollektif","12":"first","13":"instock","14":"sale","15":"shipping-taxable","16":"purchasable","17":"product-type-simple"},"_links":{"self":[{"href":"https:\/\/roveyayinevi.com.tr\/index.php\/wp-json\/wp\/v2\/product\/749369","targetHints":{"allow":["GET"]}}],"collection":[{"href":"https:\/\/roveyayinevi.com.tr\/index.php\/wp-json\/wp\/v2\/product"}],"about":[{"href":"https:\/\/roveyayinevi.com.tr\/index.php\/wp-json\/wp\/v2\/types\/product"}],"wp:attachment":[{"href":"https:\/\/roveyayinevi.com.tr\/index.php\/wp-json\/wp\/v2\/media?parent=749369"}],"wp:term":[{"taxonomy":"product_brand","embeddable":true,"href":"https:\/\/roveyayinevi.com.tr\/index.php\/wp-json\/wp\/v2\/product_brand?post=749369"},{"taxonomy":"product_cat","embeddable":true,"href":"https:\/\/roveyayinevi.com.tr\/index.php\/wp-json\/wp\/v2\/product_cat?post=749369"},{"taxonomy":"product_tag","embeddable":true,"href":"https:\/\/roveyayinevi.com.tr\/index.php\/wp-json\/wp\/v2\/product_tag?post=749369"}],"curies":[{"name":"wp","href":"https:\/\/api.w.org\/{rel}","templated":true}]}}