{"id":749365,"date":"2025-08-28T03:54:19","date_gmt":"2025-08-28T00:54:19","guid":{"rendered":"https:\/\/roveyayinevi.com.tr\/index.php\/urun\/gokbilimin-sultani-ulug-bey-bilimin-onculeri\/"},"modified":"2026-04-16T03:03:01","modified_gmt":"2026-04-16T00:03:01","slug":"gokbilimin-sultani-ulug-bey-bilimin-onculeri","status":"publish","type":"product","link":"https:\/\/roveyayinevi.com.tr\/index.php\/urun\/gokbilimin-sultani-ulug-bey-bilimin-onculeri\/","title":{"rendered":"G\u00f6kbilimin Sultan\u0131 Ulu\u011f Bey &#8211; Bilimin \u00d6nc\u00fcleri"},"content":{"rendered":"<p>Muhammed bir hata yapar. Gizli gizli babas\u0131n\u0131n bilgisayar\u0131n\u0131 kar\u0131\u015ft\u0131r\u0131r. Bu s\u0131rr\u0131 sadece a\u011fa\u00e7 eviyle payla\u015f\u0131r. Bilgisayardaki dosyalardan biri ona yeni bir ke\u015fif yolculu\u011funun kap\u0131lar\u0131n\u0131 aralar. Elindeki sayfalarda Muhammed\u2019i en b\u00fcy\u00fck hayaline kavu\u015fturacak ipu\u00e7lar\u0131 sakl\u0131d\u0131r<\/p>\n","protected":false},"excerpt":{"rendered":"<p>Muhammed bir hata yapar. Gizli gizli babas\u0131n\u0131n bilgisayar\u0131n\u0131 kar\u0131\u015ft\u0131r\u0131r. Bu s\u0131rr\u0131 sadece a\u011fa\u00e7 eviyle payla\u015f\u0131r. Bilgisayardaki dosyalardan biri ona yeni bir ke\u015fif yolculu\u011funun kap\u0131lar\u0131n\u0131 aralar. Elindeki<span class=\"excerpt-hellip\"> [\u2026]<\/span><\/p>\n","protected":false},"featured_media":0,"template":"","meta":{"_monsterinsights_skip_tracking":false,"_monsterinsights_sitenote_active":false,"_monsterinsights_sitenote_note":"","_monsterinsights_sitenote_category":0},"product_brand":[],"product_cat":[12274,12284],"product_tag":[],"class_list":{"0":"post-749365","1":"product","2":"type-product","3":"status-publish","5":"product_cat-cocuk-ve-genclik-kitaplari","6":"product_cat-hikayeler","7":"pa_cilt-ciltsiz","8":"pa_tur-kitap","9":"pa_yayinevi-erdem-cocuk","10":"pa_yazar-aysenur-gonen","12":"first","13":"instock","14":"sale","15":"shipping-taxable","16":"purchasable","17":"product-type-simple"},"_links":{"self":[{"href":"https:\/\/roveyayinevi.com.tr\/index.php\/wp-json\/wp\/v2\/product\/749365","targetHints":{"allow":["GET"]}}],"collection":[{"href":"https:\/\/roveyayinevi.com.tr\/index.php\/wp-json\/wp\/v2\/product"}],"about":[{"href":"https:\/\/roveyayinevi.com.tr\/index.php\/wp-json\/wp\/v2\/types\/product"}],"wp:attachment":[{"href":"https:\/\/roveyayinevi.com.tr\/index.php\/wp-json\/wp\/v2\/media?parent=749365"}],"wp:term":[{"taxonomy":"product_brand","embeddable":true,"href":"https:\/\/roveyayinevi.com.tr\/index.php\/wp-json\/wp\/v2\/product_brand?post=749365"},{"taxonomy":"product_cat","embeddable":true,"href":"https:\/\/roveyayinevi.com.tr\/index.php\/wp-json\/wp\/v2\/product_cat?post=749365"},{"taxonomy":"product_tag","embeddable":true,"href":"https:\/\/roveyayinevi.com.tr\/index.php\/wp-json\/wp\/v2\/product_tag?post=749365"}],"curies":[{"name":"wp","href":"https:\/\/api.w.org\/{rel}","templated":true}]}}