{"id":749361,"date":"2025-08-28T03:54:13","date_gmt":"2025-08-28T00:54:13","guid":{"rendered":"https:\/\/roveyayinevi.com.tr\/index.php\/urun\/butun-dunyaya-hekim-ibni-sina-bilimin-onculeri\/"},"modified":"2026-04-08T03:09:09","modified_gmt":"2026-04-08T00:09:09","slug":"butun-dunyaya-hekim-ibni-sina-bilimin-onculeri","status":"publish","type":"product","link":"https:\/\/roveyayinevi.com.tr\/index.php\/urun\/butun-dunyaya-hekim-ibni-sina-bilimin-onculeri\/","title":{"rendered":"B\u00fct\u00fcn D\u00fcnyaya Hekim \u0130bni Sina &#8211; Bilimin \u00d6nc\u00fcleri"},"content":{"rendered":"<p>Aradan ge\u00e7en bin y\u0131la ra\u011fmen ad\u0131 hi\u00e7 unutulmuyor \u0130bni Sina\u2019n\u0131n. T\u0131p bilimine sa\u011flad\u0131\u011f\u0131 katk\u0131lardan dolay\u0131 \u201cb\u00fct\u00fcn d\u00fcnyan\u0131n hekimi\u201d, \u201chekimlerin sultan\u0131\u201d olarak an\u0131l\u0131yor. \u0130bni Sina da bir zamanlar \u00e7ocuktu. \u00c7ok \u00e7al\u0131\u015farak ba\u015far\u0131l\u0131 bir hekim olman\u0131n yan\u0131nda astronomi, geometri, felsefe ve mant\u0131k alanlar\u0131nda da uzmanla\u015ft\u0131. Geride bir\u00e7ok eser b\u0131rakt\u0131. Bu kitap; okumay\u0131, insanlar\u0131 ve bitkileri \u00e7ok seven \u0130bni Sina\u2019n\u0131n ba\u015far\u0131l\u0131 bir hekim olma yolunda ya\u015fad\u0131klar\u0131n\u0131 anlat\u0131yor.<\/p>\n","protected":false},"excerpt":{"rendered":"<p>Aradan ge\u00e7en bin y\u0131la ra\u011fmen ad\u0131 hi\u00e7 unutulmuyor \u0130bni Sina\u2019n\u0131n. T\u0131p bilimine sa\u011flad\u0131\u011f\u0131 katk\u0131lardan dolay\u0131 \u201cb\u00fct\u00fcn d\u00fcnyan\u0131n hekimi\u201d, \u201chekimlerin sultan\u0131\u201d olarak an\u0131l\u0131yor. \u0130bni Sina da bir<span class=\"excerpt-hellip\"> [\u2026]<\/span><\/p>\n","protected":false},"featured_media":0,"template":"","meta":{"_monsterinsights_skip_tracking":false,"_monsterinsights_sitenote_active":false,"_monsterinsights_sitenote_note":"","_monsterinsights_sitenote_category":0},"product_brand":[],"product_cat":[12274,12284],"product_tag":[],"class_list":{"0":"post-749361","1":"product","2":"type-product","3":"status-publish","5":"product_cat-cocuk-ve-genclik-kitaplari","6":"product_cat-hikayeler","7":"pa_cilt-ciltsiz","8":"pa_tur-kitap","9":"pa_yayinevi-erdem-cocuk","10":"pa_yazar-suheyla-sancar","12":"first","13":"instock","14":"sale","15":"shipping-taxable","16":"purchasable","17":"product-type-simple"},"_links":{"self":[{"href":"https:\/\/roveyayinevi.com.tr\/index.php\/wp-json\/wp\/v2\/product\/749361","targetHints":{"allow":["GET"]}}],"collection":[{"href":"https:\/\/roveyayinevi.com.tr\/index.php\/wp-json\/wp\/v2\/product"}],"about":[{"href":"https:\/\/roveyayinevi.com.tr\/index.php\/wp-json\/wp\/v2\/types\/product"}],"wp:attachment":[{"href":"https:\/\/roveyayinevi.com.tr\/index.php\/wp-json\/wp\/v2\/media?parent=749361"}],"wp:term":[{"taxonomy":"product_brand","embeddable":true,"href":"https:\/\/roveyayinevi.com.tr\/index.php\/wp-json\/wp\/v2\/product_brand?post=749361"},{"taxonomy":"product_cat","embeddable":true,"href":"https:\/\/roveyayinevi.com.tr\/index.php\/wp-json\/wp\/v2\/product_cat?post=749361"},{"taxonomy":"product_tag","embeddable":true,"href":"https:\/\/roveyayinevi.com.tr\/index.php\/wp-json\/wp\/v2\/product_tag?post=749361"}],"curies":[{"name":"wp","href":"https:\/\/api.w.org\/{rel}","templated":true}]}}