{"id":749360,"date":"2025-08-28T03:54:12","date_gmt":"2025-08-28T00:54:12","guid":{"rendered":"https:\/\/roveyayinevi.com.tr\/index.php\/urun\/bilimin-onculeri-5-kitap\/"},"modified":"2026-04-16T03:03:01","modified_gmt":"2026-04-16T00:03:01","slug":"bilimin-onculeri-5-kitap","status":"publish","type":"product","link":"https:\/\/roveyayinevi.com.tr\/index.php\/urun\/bilimin-onculeri-5-kitap\/","title":{"rendered":"Bilimin \u00d6nc\u00fcleri &#8211; 5 Kitap"},"content":{"rendered":"<p>Bilimin \u00d6nc\u00fcleri serisi, \u0130bni Sina, Farabi, Razi, \u0130bni Heysem ve Ulu\u011f Bey\u2019in hayatlar\u0131 hakk\u0131ndaki temel bilgilerden yola \u00e7\u0131k\u0131larak olu\u015fturulmu\u015f kurgu romanlar\u0131 i\u00e7eriyor. Tarihe ad\u0131n\u0131 yazd\u0131rm\u0131\u015f bu bilim insanlar\u0131n\u0131n \u00e7ocuklar\u0131na, afacanl\u0131klar\u0131na ve hayallerine ula\u015fmak i\u00e7in neler yapt\u0131klar\u0131na \u015fahit olacaks\u0131n\u0131z.<\/p>\n","protected":false},"excerpt":{"rendered":"<p>Bilimin \u00d6nc\u00fcleri serisi, \u0130bni Sina, Farabi, Razi, \u0130bni Heysem ve Ulu\u011f Bey\u2019in hayatlar\u0131 hakk\u0131ndaki temel bilgilerden yola \u00e7\u0131k\u0131larak olu\u015fturulmu\u015f kurgu romanlar\u0131 i\u00e7eriyor. Tarihe ad\u0131n\u0131 yazd\u0131rm\u0131\u015f bu<span class=\"excerpt-hellip\"> [\u2026]<\/span><\/p>\n","protected":false},"featured_media":0,"template":"","meta":{"_monsterinsights_skip_tracking":false,"_monsterinsights_sitenote_active":false,"_monsterinsights_sitenote_note":"","_monsterinsights_sitenote_category":0},"product_brand":[],"product_cat":[13829,12274],"product_tag":[],"class_list":{"0":"post-749360","1":"product","2":"type-product","3":"status-publish","5":"product_cat-bilimsel-kitaplar","6":"product_cat-cocuk-ve-genclik-kitaplari","7":"pa_cilt-ciltsiz","8":"pa_tur-kitap","9":"pa_yayinevi-erdem-cocuk","10":"pa_yazar-kollektif","12":"first","13":"instock","14":"sale","15":"shipping-taxable","16":"purchasable","17":"product-type-simple"},"_links":{"self":[{"href":"https:\/\/roveyayinevi.com.tr\/index.php\/wp-json\/wp\/v2\/product\/749360","targetHints":{"allow":["GET"]}}],"collection":[{"href":"https:\/\/roveyayinevi.com.tr\/index.php\/wp-json\/wp\/v2\/product"}],"about":[{"href":"https:\/\/roveyayinevi.com.tr\/index.php\/wp-json\/wp\/v2\/types\/product"}],"wp:attachment":[{"href":"https:\/\/roveyayinevi.com.tr\/index.php\/wp-json\/wp\/v2\/media?parent=749360"}],"wp:term":[{"taxonomy":"product_brand","embeddable":true,"href":"https:\/\/roveyayinevi.com.tr\/index.php\/wp-json\/wp\/v2\/product_brand?post=749360"},{"taxonomy":"product_cat","embeddable":true,"href":"https:\/\/roveyayinevi.com.tr\/index.php\/wp-json\/wp\/v2\/product_cat?post=749360"},{"taxonomy":"product_tag","embeddable":true,"href":"https:\/\/roveyayinevi.com.tr\/index.php\/wp-json\/wp\/v2\/product_tag?post=749360"}],"curies":[{"name":"wp","href":"https:\/\/api.w.org\/{rel}","templated":true}]}}