{"id":749358,"date":"2025-08-28T03:54:09","date_gmt":"2025-08-28T00:54:09","guid":{"rendered":"https:\/\/roveyayinevi.com.tr\/index.php\/urun\/apartman-cocugu-dizisi-5-kitap\/"},"modified":"2026-04-16T03:03:01","modified_gmt":"2026-04-16T00:03:01","slug":"apartman-cocugu-dizisi-5-kitap","status":"publish","type":"product","link":"https:\/\/roveyayinevi.com.tr\/index.php\/urun\/apartman-cocugu-dizisi-5-kitap\/","title":{"rendered":"Apartman \u00c7ocu\u011fu Dizisi &#8211; 5 Kitap"},"content":{"rendered":"<p>Ali b\u00fcy\u00fck\u015fehirde apartmanda ya\u015famak zorunda kalan herkes gibi bir \u00e7ocuktur. Apartmanda ya\u015famak hele de tatil olunca \u00e7ocuklar i\u00e7in \u00e7ile demektir. Okul a\u00e7\u0131l\u0131nca ya\u015fananlar ise ayr\u0131 hik\u00e2ye. Ali can s\u0131k\u0131nt\u0131n\u0131 gidermek i\u00e7in bir\u00e7ok proje \u00fcretir. Siz de ona kat\u0131lmak ister misiniz?Setin Kitaplar\u01311. Bana neler oluyor?2. G\u0131d\u0131klayan proje3. En g\u00fczel meslek emeklilik4. S\u00fcrprizli \u015fubat tatili5. Atarlanan Asans\u00f6r<\/p>\n","protected":false},"excerpt":{"rendered":"<p>Ali b\u00fcy\u00fck\u015fehirde apartmanda ya\u015famak zorunda kalan herkes gibi bir \u00e7ocuktur. Apartmanda ya\u015famak hele de tatil olunca \u00e7ocuklar i\u00e7in \u00e7ile demektir. Okul a\u00e7\u0131l\u0131nca ya\u015fananlar ise ayr\u0131 hik\u00e2ye.<span class=\"excerpt-hellip\"> [\u2026]<\/span><\/p>\n","protected":false},"featured_media":0,"template":"","meta":{"_monsterinsights_skip_tracking":false,"_monsterinsights_sitenote_active":false,"_monsterinsights_sitenote_note":"","_monsterinsights_sitenote_category":0},"product_brand":[],"product_cat":[12274,12284],"product_tag":[],"class_list":{"0":"post-749358","1":"product","2":"type-product","3":"status-publish","5":"product_cat-cocuk-ve-genclik-kitaplari","6":"product_cat-hikayeler","7":"pa_cilt-ciltsiz","8":"pa_tur-kitap","9":"pa_yayinevi-erdem-cocuk","10":"pa_yazar-sebnem-guler-karacan","12":"first","13":"instock","14":"sale","15":"shipping-taxable","16":"purchasable","17":"product-type-simple"},"_links":{"self":[{"href":"https:\/\/roveyayinevi.com.tr\/index.php\/wp-json\/wp\/v2\/product\/749358","targetHints":{"allow":["GET"]}}],"collection":[{"href":"https:\/\/roveyayinevi.com.tr\/index.php\/wp-json\/wp\/v2\/product"}],"about":[{"href":"https:\/\/roveyayinevi.com.tr\/index.php\/wp-json\/wp\/v2\/types\/product"}],"wp:attachment":[{"href":"https:\/\/roveyayinevi.com.tr\/index.php\/wp-json\/wp\/v2\/media?parent=749358"}],"wp:term":[{"taxonomy":"product_brand","embeddable":true,"href":"https:\/\/roveyayinevi.com.tr\/index.php\/wp-json\/wp\/v2\/product_brand?post=749358"},{"taxonomy":"product_cat","embeddable":true,"href":"https:\/\/roveyayinevi.com.tr\/index.php\/wp-json\/wp\/v2\/product_cat?post=749358"},{"taxonomy":"product_tag","embeddable":true,"href":"https:\/\/roveyayinevi.com.tr\/index.php\/wp-json\/wp\/v2\/product_tag?post=749358"}],"curies":[{"name":"wp","href":"https:\/\/api.w.org\/{rel}","templated":true}]}}