{"id":749357,"date":"2025-08-28T03:54:07","date_gmt":"2025-08-28T00:54:07","guid":{"rendered":"https:\/\/roveyayinevi.com.tr\/index.php\/urun\/benim-gezegenim-dizisi-5-kitap\/"},"modified":"2026-04-16T03:03:01","modified_gmt":"2026-04-16T00:03:01","slug":"benim-gezegenim-dizisi-5-kitap","status":"publish","type":"product","link":"https:\/\/roveyayinevi.com.tr\/index.php\/urun\/benim-gezegenim-dizisi-5-kitap\/","title":{"rendered":"Benim Gezegenim Dizisi &#8211; 5 Kitap"},"content":{"rendered":"<p>\u00c7evre sorunlar\u0131, t\u00fcketim bilinci hakk\u0131nda ne\u015feli bir setKa\u00e7 gezegen var biliyor musun? Farkl\u0131 farkl\u0131 gezegenlerde yolculuk yapmak ve birbirinden de\u011fi\u015fik ya\u015famlar\u0131 yak\u0131ndan tan\u0131mak ister misin? \u0130\u015fte P\u00fcl\u00fcm Ailesi tam da bunu yap\u0131yor.Benim Gezegenim serisiyle bu ailenin 5 farkl\u0131 gezegene yapt\u0131klar\u0131 macera dolu yolculuklara kat\u0131lmak ve D\u00fcnya\u2019m\u0131z hakk\u0131nda yeni fikirler edinmeye ne dersin?<\/p>\n","protected":false},"excerpt":{"rendered":"<p>\u00c7evre sorunlar\u0131, t\u00fcketim bilinci hakk\u0131nda ne\u015feli bir setKa\u00e7 gezegen var biliyor musun? Farkl\u0131 farkl\u0131 gezegenlerde yolculuk yapmak ve birbirinden de\u011fi\u015fik ya\u015famlar\u0131 yak\u0131ndan tan\u0131mak ister misin? \u0130\u015fte<span class=\"excerpt-hellip\"> [\u2026]<\/span><\/p>\n","protected":false},"featured_media":0,"template":"","meta":{"_monsterinsights_skip_tracking":false,"_monsterinsights_sitenote_active":false,"_monsterinsights_sitenote_note":"","_monsterinsights_sitenote_category":0},"product_brand":[],"product_cat":[12274,12284],"product_tag":[],"class_list":{"0":"post-749357","1":"product","2":"type-product","3":"status-publish","5":"product_cat-cocuk-ve-genclik-kitaplari","6":"product_cat-hikayeler","7":"pa_cilt-ciltsiz","8":"pa_tur-kitap","9":"pa_yayinevi-erdem-cocuk","10":"pa_yazar-s-baussier-p-perrier","12":"first","13":"instock","14":"sale","15":"shipping-taxable","16":"purchasable","17":"product-type-simple"},"_links":{"self":[{"href":"https:\/\/roveyayinevi.com.tr\/index.php\/wp-json\/wp\/v2\/product\/749357","targetHints":{"allow":["GET"]}}],"collection":[{"href":"https:\/\/roveyayinevi.com.tr\/index.php\/wp-json\/wp\/v2\/product"}],"about":[{"href":"https:\/\/roveyayinevi.com.tr\/index.php\/wp-json\/wp\/v2\/types\/product"}],"wp:attachment":[{"href":"https:\/\/roveyayinevi.com.tr\/index.php\/wp-json\/wp\/v2\/media?parent=749357"}],"wp:term":[{"taxonomy":"product_brand","embeddable":true,"href":"https:\/\/roveyayinevi.com.tr\/index.php\/wp-json\/wp\/v2\/product_brand?post=749357"},{"taxonomy":"product_cat","embeddable":true,"href":"https:\/\/roveyayinevi.com.tr\/index.php\/wp-json\/wp\/v2\/product_cat?post=749357"},{"taxonomy":"product_tag","embeddable":true,"href":"https:\/\/roveyayinevi.com.tr\/index.php\/wp-json\/wp\/v2\/product_tag?post=749357"}],"curies":[{"name":"wp","href":"https:\/\/api.w.org\/{rel}","templated":true}]}}