{"id":749351,"date":"2025-08-28T03:53:58","date_gmt":"2025-08-28T00:53:58","guid":{"rendered":"https:\/\/roveyayinevi.com.tr\/index.php\/urun\/gumus-gol-masallari-dizisi-10-kitap\/"},"modified":"2026-04-16T03:03:01","modified_gmt":"2026-04-16T00:03:01","slug":"gumus-gol-masallari-dizisi-10-kitap","status":"publish","type":"product","link":"https:\/\/roveyayinevi.com.tr\/index.php\/urun\/gumus-gol-masallari-dizisi-10-kitap\/","title":{"rendered":"G\u00fcm\u00fc\u015f G\u00f6l Masallar\u0131 Dizisi 10 kitap"},"content":{"rendered":"<p>\u00c7ok uzak bir roman\u0131n i\u00e7indeydi. G\u00fcm\u00fc\u015f G\u00f6l. Geceleri ay \u0131\u015f\u0131\u011f\u0131 alt\u0131nda g\u00fcm\u00fc\u015f gibi parlard\u0131 g\u00f6l\u00fcn sular\u0131. Bu nedenle G\u00fcm\u00fc\u015f G\u00f6l deniridi bu g\u00fczel yere. G\u00fcm\u00fc\u015f G\u00f6l sakinleri i\u00e7in en \u00f6nemli \u015feyler dostluk, arkada\u015fl\u0131k ve yard\u0131mla\u015fmayd\u0131. \u0130\u015fte  bu dizide, G\u00fcm\u00fc\u015f G\u00f6l sakinlerinin bu de\u011ferlerle ilgili ne\u015feli masallar\u0131n\u0131 okuyacaks\u0131n\u0131z.Setin i\u00e7indeki kitaplarTimsah TemsiK\u00fc\u00e7\u00fck Y\u0131ld\u0131zK\u00fc\u00e7\u00fck \u015e\u0131p\u0131r Arkada\u015f Ar\u0131yorHi\u00e7 Susmayan C\u0131rc\u0131r B\u00f6ce\u011fiTombalak Fil&#8217;in Sabah SporuTemsi&#8217;nin Can S\u0131k\u0131nt\u0131s\u0131\u00dc\u00e7 K\u00fc\u00e7\u00fck AslanSen S\u0131ska De\u011filsinArkada\u015f\u0131m\u0131 Tan\u0131r\u0131mPeli Spor \u015e\u00f6leninde<\/p>\n","protected":false},"excerpt":{"rendered":"<p>\u00c7ok uzak bir roman\u0131n i\u00e7indeydi. G\u00fcm\u00fc\u015f G\u00f6l. Geceleri ay \u0131\u015f\u0131\u011f\u0131 alt\u0131nda g\u00fcm\u00fc\u015f gibi parlard\u0131 g\u00f6l\u00fcn sular\u0131. Bu nedenle G\u00fcm\u00fc\u015f G\u00f6l deniridi bu g\u00fczel yere. G\u00fcm\u00fc\u015f G\u00f6l<span class=\"excerpt-hellip\"> [\u2026]<\/span><\/p>\n","protected":false},"featured_media":0,"template":"","meta":{"_monsterinsights_skip_tracking":false,"_monsterinsights_sitenote_active":false,"_monsterinsights_sitenote_note":"","_monsterinsights_sitenote_category":0},"product_brand":[],"product_cat":[12274,12523],"product_tag":[],"class_list":{"0":"post-749351","1":"product","2":"type-product","3":"status-publish","5":"product_cat-cocuk-ve-genclik-kitaplari","6":"product_cat-masallar","7":"pa_cilt-ciltsiz","8":"pa_tur-kitap","9":"pa_yayinevi-erdem-cocuk","10":"pa_yazar-melike-gunyuz","12":"first","13":"instock","14":"sale","15":"shipping-taxable","16":"purchasable","17":"product-type-simple"},"_links":{"self":[{"href":"https:\/\/roveyayinevi.com.tr\/index.php\/wp-json\/wp\/v2\/product\/749351","targetHints":{"allow":["GET"]}}],"collection":[{"href":"https:\/\/roveyayinevi.com.tr\/index.php\/wp-json\/wp\/v2\/product"}],"about":[{"href":"https:\/\/roveyayinevi.com.tr\/index.php\/wp-json\/wp\/v2\/types\/product"}],"wp:attachment":[{"href":"https:\/\/roveyayinevi.com.tr\/index.php\/wp-json\/wp\/v2\/media?parent=749351"}],"wp:term":[{"taxonomy":"product_brand","embeddable":true,"href":"https:\/\/roveyayinevi.com.tr\/index.php\/wp-json\/wp\/v2\/product_brand?post=749351"},{"taxonomy":"product_cat","embeddable":true,"href":"https:\/\/roveyayinevi.com.tr\/index.php\/wp-json\/wp\/v2\/product_cat?post=749351"},{"taxonomy":"product_tag","embeddable":true,"href":"https:\/\/roveyayinevi.com.tr\/index.php\/wp-json\/wp\/v2\/product_tag?post=749351"}],"curies":[{"name":"wp","href":"https:\/\/api.w.org\/{rel}","templated":true}]}}