{"id":749350,"date":"2025-08-28T03:53:56","date_gmt":"2025-08-28T00:53:56","guid":{"rendered":"https:\/\/roveyayinevi.com.tr\/index.php\/urun\/gakguklarin-maceralari-dizisi-6-kitap\/"},"modified":"2026-04-16T03:03:01","modified_gmt":"2026-04-16T00:03:01","slug":"gakguklarin-maceralari-dizisi-6-kitap","status":"publish","type":"product","link":"https:\/\/roveyayinevi.com.tr\/index.php\/urun\/gakguklarin-maceralari-dizisi-6-kitap\/","title":{"rendered":"Gakguk&#8217;lar\u0131n Maceralar\u0131 Dizisi 6 kitap"},"content":{"rendered":"<p>\u00c7ocuklar\u0131n b\u00fcy\u00fcrken birey olma bilin\u00e7lerini geli\u015ftirmeleri, yarat\u0131l\u0131\u015ftan gelen \u00f6zelliklerinin fark\u0131na varmalar\u0131 ve kendileri ile bar\u0131\u015f\u0131k bir ki\u015filik geli\u015ftirmeleri i\u00e7in haz\u0131rlanan bu dizinin en \u00f6nemli \u00f6zelli\u011fi parmak izi tekni\u011fi ile resimlendirilmi\u015f olmas\u0131.Bay ve Bayan karga, o\u011fullar\u0131 Gaki, Gukki ve k\u0131zlar\u0131 S\u00fcsl\u00fc \u00c7ikolata\u2019dan olu\u015fan komik karga ailesinin, kendileri gibi e\u011flenceli maceralar\u0131&#8230; Bu maceran\u0131n b\u00fct\u00fcn kahramanlar\u0131 parmak izi tekni\u011fiyle resmedildi. Masallar\u0131n sonunda yer alan sanat etkinleriyle herkesi parmak iziyle resim yapmaya davet ediyoruz.<\/p>\n","protected":false},"excerpt":{"rendered":"<p>\u00c7ocuklar\u0131n b\u00fcy\u00fcrken birey olma bilin\u00e7lerini geli\u015ftirmeleri, yarat\u0131l\u0131\u015ftan gelen \u00f6zelliklerinin fark\u0131na varmalar\u0131 ve kendileri ile bar\u0131\u015f\u0131k bir ki\u015filik geli\u015ftirmeleri i\u00e7in haz\u0131rlanan bu dizinin en \u00f6nemli \u00f6zelli\u011fi parmak<span class=\"excerpt-hellip\"> [\u2026]<\/span><\/p>\n","protected":false},"featured_media":0,"template":"","meta":{"_monsterinsights_skip_tracking":false,"_monsterinsights_sitenote_active":false,"_monsterinsights_sitenote_note":"","_monsterinsights_sitenote_category":0},"product_brand":[],"product_cat":[12274,12284],"product_tag":[],"class_list":{"0":"post-749350","1":"product","2":"type-product","3":"status-publish","5":"product_cat-cocuk-ve-genclik-kitaplari","6":"product_cat-hikayeler","7":"pa_cilt-ciltsiz","8":"pa_tur-kitap","9":"pa_yayinevi-erdem-cocuk","10":"pa_yazar-kollektif","12":"first","13":"instock","14":"sale","15":"shipping-taxable","16":"purchasable","17":"product-type-simple"},"_links":{"self":[{"href":"https:\/\/roveyayinevi.com.tr\/index.php\/wp-json\/wp\/v2\/product\/749350","targetHints":{"allow":["GET"]}}],"collection":[{"href":"https:\/\/roveyayinevi.com.tr\/index.php\/wp-json\/wp\/v2\/product"}],"about":[{"href":"https:\/\/roveyayinevi.com.tr\/index.php\/wp-json\/wp\/v2\/types\/product"}],"wp:attachment":[{"href":"https:\/\/roveyayinevi.com.tr\/index.php\/wp-json\/wp\/v2\/media?parent=749350"}],"wp:term":[{"taxonomy":"product_brand","embeddable":true,"href":"https:\/\/roveyayinevi.com.tr\/index.php\/wp-json\/wp\/v2\/product_brand?post=749350"},{"taxonomy":"product_cat","embeddable":true,"href":"https:\/\/roveyayinevi.com.tr\/index.php\/wp-json\/wp\/v2\/product_cat?post=749350"},{"taxonomy":"product_tag","embeddable":true,"href":"https:\/\/roveyayinevi.com.tr\/index.php\/wp-json\/wp\/v2\/product_tag?post=749350"}],"curies":[{"name":"wp","href":"https:\/\/api.w.org\/{rel}","templated":true}]}}