{"id":749347,"date":"2025-08-28T03:53:51","date_gmt":"2025-08-28T00:53:51","guid":{"rendered":"https:\/\/roveyayinevi.com.tr\/index.php\/urun\/suyun-dongusu\/"},"modified":"2026-04-16T03:03:01","modified_gmt":"2026-04-16T00:03:01","slug":"suyun-dongusu","status":"publish","type":"product","link":"https:\/\/roveyayinevi.com.tr\/index.php\/urun\/suyun-dongusu\/","title":{"rendered":"Suyun D\u00f6ng\u00fcs\u00fc"},"content":{"rendered":"<p>Okul \u00f6ncesi d\u00f6nemdeki \u00e7ocuklar\u0131n \u00e7evrelerinde ve d\u00fcnyada olanlara kar\u015f\u0131 bitip t\u00fckenmeyen bir meraklar\u0131 olur. \u00c7ocuklar\u0131n ilgilerini, bilmeye ve bilime olan meraklar\u0131n\u0131 desteklemek amac\u0131yla haz\u0131rlanan bu seride seviyeye uygun bir anlat\u0131m kullan\u0131l\u0131yor. Nitelikli ve ger\u00e7ek\u00e7i g\u00f6rsellerle desteklenen her kitap belgesel niteli\u011finde.Bu kitapta sabah\u0131n erken saatlerinde da\u011flarda ve denizin \u00fczerinde sis tabakalar\u0131n\u0131n olu\u015ftu\u011funu, bunlar\u0131n \u00f6nce bulut sonra da ya\u011fmur damlalar\u0131na d\u00f6n\u00fc\u015ft\u00fc\u011f\u00fcn\u00fc, damlalar\u0131n pek \u00e7ok yerden ge\u00e7tikten sonra tekrar denize ula\u015ft\u0131\u011f\u0131n\u0131; k\u0131sacas\u0131 suyun bitip t\u00fckenmeyen maceras\u0131n\u0131 okuyacaks\u0131n\u0131z.<\/p>\n","protected":false},"excerpt":{"rendered":"<p>Okul \u00f6ncesi d\u00f6nemdeki \u00e7ocuklar\u0131n \u00e7evrelerinde ve d\u00fcnyada olanlara kar\u015f\u0131 bitip t\u00fckenmeyen bir meraklar\u0131 olur. \u00c7ocuklar\u0131n ilgilerini, bilmeye ve bilime olan meraklar\u0131n\u0131 desteklemek amac\u0131yla haz\u0131rlanan bu seride<span class=\"excerpt-hellip\"> [\u2026]<\/span><\/p>\n","protected":false},"featured_media":0,"template":"","meta":{"_monsterinsights_skip_tracking":false,"_monsterinsights_sitenote_active":false,"_monsterinsights_sitenote_note":"","_monsterinsights_sitenote_category":0},"product_brand":[],"product_cat":[12274,12518],"product_tag":[],"class_list":{"0":"post-749347","1":"product","2":"type-product","3":"status-publish","5":"product_cat-cocuk-ve-genclik-kitaplari","6":"product_cat-okul-oncesi-kitaplar","7":"pa_cilt-ciltsiz","8":"pa_tur-kitap","9":"pa_yayinevi-erdem-cocuk","10":"pa_yazar-kollektif","12":"first","13":"instock","14":"sale","15":"shipping-taxable","16":"purchasable","17":"product-type-simple"},"_links":{"self":[{"href":"https:\/\/roveyayinevi.com.tr\/index.php\/wp-json\/wp\/v2\/product\/749347","targetHints":{"allow":["GET"]}}],"collection":[{"href":"https:\/\/roveyayinevi.com.tr\/index.php\/wp-json\/wp\/v2\/product"}],"about":[{"href":"https:\/\/roveyayinevi.com.tr\/index.php\/wp-json\/wp\/v2\/types\/product"}],"wp:attachment":[{"href":"https:\/\/roveyayinevi.com.tr\/index.php\/wp-json\/wp\/v2\/media?parent=749347"}],"wp:term":[{"taxonomy":"product_brand","embeddable":true,"href":"https:\/\/roveyayinevi.com.tr\/index.php\/wp-json\/wp\/v2\/product_brand?post=749347"},{"taxonomy":"product_cat","embeddable":true,"href":"https:\/\/roveyayinevi.com.tr\/index.php\/wp-json\/wp\/v2\/product_cat?post=749347"},{"taxonomy":"product_tag","embeddable":true,"href":"https:\/\/roveyayinevi.com.tr\/index.php\/wp-json\/wp\/v2\/product_tag?post=749347"}],"curies":[{"name":"wp","href":"https:\/\/api.w.org\/{rel}","templated":true}]}}