{"id":749345,"date":"2025-08-28T03:53:48","date_gmt":"2025-08-28T00:53:48","guid":{"rendered":"https:\/\/roveyayinevi.com.tr\/index.php\/urun\/cizgi-calismalarim-6-yas\/"},"modified":"2026-04-16T03:03:01","modified_gmt":"2026-04-16T00:03:01","slug":"cizgi-calismalarim-6-yas","status":"publish","type":"product","link":"https:\/\/roveyayinevi.com.tr\/index.php\/urun\/cizgi-calismalarim-6-yas\/","title":{"rendered":"\u00c7izgi \u00c7al\u0131\u015fmalar\u0131m 6 Ya\u015f"},"content":{"rendered":"<p>Okul \u00f6ncesi d\u00f6nem \u00e7ocuklar\u0131n\u0131n geli\u015fim \u00f6zellikleri dikkate al\u0131narak haz\u0131rlanan kitapta basitten zora do\u011fru \u00e7izgi \u00e7al\u0131\u015fmalar\u0131na yer verilmi\u015ftir. \u00c7ocuklar\u0131n ilk\u00f6\u011fretime haz\u0131rlanmas\u0131 \u00f6nemli bir s\u00fcre\u00e7tir. \u00c7ocuklar okula haz\u0131r olmad\u0131\u011f\u0131nda okuma yazma, matematik vd. derslerde problem ya\u015farlar. Dolay\u0131s\u0131yla bu hususa \u00f6nem verilerek kitapta dik, e\u011fik, dairesel ve yatay \u00e7izgi \u00e7al\u0131\u015fmalar\u0131n\u0131n hepsine yer verilmi\u015ftir.<\/p>\n","protected":false},"excerpt":{"rendered":"<p>Okul \u00f6ncesi d\u00f6nem \u00e7ocuklar\u0131n\u0131n geli\u015fim \u00f6zellikleri dikkate al\u0131narak haz\u0131rlanan kitapta basitten zora do\u011fru \u00e7izgi \u00e7al\u0131\u015fmalar\u0131na yer verilmi\u015ftir. \u00c7ocuklar\u0131n ilk\u00f6\u011fretime haz\u0131rlanmas\u0131 \u00f6nemli bir s\u00fcre\u00e7tir. \u00c7ocuklar okula haz\u0131r<span class=\"excerpt-hellip\"> [\u2026]<\/span><\/p>\n","protected":false},"featured_media":0,"template":"","meta":{"_monsterinsights_skip_tracking":false,"_monsterinsights_sitenote_active":false,"_monsterinsights_sitenote_note":"","_monsterinsights_sitenote_category":0},"product_brand":[],"product_cat":[12274,12518],"product_tag":[],"class_list":{"0":"post-749345","1":"product","2":"type-product","3":"status-publish","5":"product_cat-cocuk-ve-genclik-kitaplari","6":"product_cat-okul-oncesi-kitaplar","7":"pa_cilt-ciltsiz","8":"pa_tur-kitap","9":"pa_yayinevi-minik-ada-yayinlari","10":"pa_yazar-kollektif","12":"first","13":"instock","14":"sale","15":"shipping-taxable","16":"purchasable","17":"product-type-simple"},"_links":{"self":[{"href":"https:\/\/roveyayinevi.com.tr\/index.php\/wp-json\/wp\/v2\/product\/749345","targetHints":{"allow":["GET"]}}],"collection":[{"href":"https:\/\/roveyayinevi.com.tr\/index.php\/wp-json\/wp\/v2\/product"}],"about":[{"href":"https:\/\/roveyayinevi.com.tr\/index.php\/wp-json\/wp\/v2\/types\/product"}],"wp:attachment":[{"href":"https:\/\/roveyayinevi.com.tr\/index.php\/wp-json\/wp\/v2\/media?parent=749345"}],"wp:term":[{"taxonomy":"product_brand","embeddable":true,"href":"https:\/\/roveyayinevi.com.tr\/index.php\/wp-json\/wp\/v2\/product_brand?post=749345"},{"taxonomy":"product_cat","embeddable":true,"href":"https:\/\/roveyayinevi.com.tr\/index.php\/wp-json\/wp\/v2\/product_cat?post=749345"},{"taxonomy":"product_tag","embeddable":true,"href":"https:\/\/roveyayinevi.com.tr\/index.php\/wp-json\/wp\/v2\/product_tag?post=749345"}],"curies":[{"name":"wp","href":"https:\/\/api.w.org\/{rel}","templated":true}]}}