{"id":749343,"date":"2025-08-28T03:53:46","date_gmt":"2025-08-28T00:53:46","guid":{"rendered":"https:\/\/roveyayinevi.com.tr\/index.php\/urun\/dikkat-gorsel-algi-ve-dusunme-becerilerim-4-yas\/"},"modified":"2026-04-16T03:03:01","modified_gmt":"2026-04-16T00:03:01","slug":"dikkat-gorsel-algi-ve-dusunme-becerilerim-4-yas","status":"publish","type":"product","link":"https:\/\/roveyayinevi.com.tr\/index.php\/urun\/dikkat-gorsel-algi-ve-dusunme-becerilerim-4-yas\/","title":{"rendered":"Dikkat G\u00f6rsel Alg\u0131 Ve D\u00fc\u015f\u00fcnme Becerilerim 4+ Ya\u015f"},"content":{"rendered":"<p>Bu kitapla okul \u00f6ncesi \u00e7ocuklar\u0131n\u0131n g\u00f6rd\u00fc\u011f\u00fcn\u00fc do\u011fru alg\u0131lama, g\u00f6rsel dikkat, g\u00f6rsel ayr\u0131mla\u015ft\u0131rma yeteneklerini geli\u015ftirmeleri; d\u00fc\u015f\u00fcnmeyi ve problem \u00e7\u00f6zmeyi \u00f6\u011frenmeleri hedeflenmi\u015ftir. \u00d6ncelikle \u015fekil alg\u0131s\u0131n\u0131n geli\u015fmesine y\u00f6nelik g\u00f6rsel alg\u0131 al\u0131\u015ft\u0131rmalar\u0131na ve dikkat \u00e7al\u0131\u015fmalar\u0131na yer verilmi\u015ftir. D\u00fc\u015f\u00fcnme becerilerini destekleyen \u00e7al\u0131\u015fmalarsa kitab\u0131n i\u00e7ine yay\u0131lm\u0131\u015f durumdad\u0131r.<\/p>\n","protected":false},"excerpt":{"rendered":"<p>Bu kitapla okul \u00f6ncesi \u00e7ocuklar\u0131n\u0131n g\u00f6rd\u00fc\u011f\u00fcn\u00fc do\u011fru alg\u0131lama, g\u00f6rsel dikkat, g\u00f6rsel ayr\u0131mla\u015ft\u0131rma yeteneklerini geli\u015ftirmeleri; d\u00fc\u015f\u00fcnmeyi ve problem \u00e7\u00f6zmeyi \u00f6\u011frenmeleri hedeflenmi\u015ftir. \u00d6ncelikle \u015fekil alg\u0131s\u0131n\u0131n geli\u015fmesine y\u00f6nelik g\u00f6rsel<span class=\"excerpt-hellip\"> [\u2026]<\/span><\/p>\n","protected":false},"featured_media":0,"template":"","meta":{"_monsterinsights_skip_tracking":false,"_monsterinsights_sitenote_active":false,"_monsterinsights_sitenote_note":"","_monsterinsights_sitenote_category":0},"product_brand":[],"product_cat":[12644,12274],"product_tag":[],"class_list":{"0":"post-749343","1":"product","2":"type-product","3":"status-publish","5":"product_cat-boyama-kitaplari","6":"product_cat-cocuk-ve-genclik-kitaplari","7":"pa_cilt-ciltsiz","8":"pa_tur-kitap","9":"pa_yayinevi-minik-ada-yayinlari","10":"pa_yazar-kollektif","12":"first","13":"instock","14":"sale","15":"shipping-taxable","16":"purchasable","17":"product-type-simple"},"_links":{"self":[{"href":"https:\/\/roveyayinevi.com.tr\/index.php\/wp-json\/wp\/v2\/product\/749343","targetHints":{"allow":["GET"]}}],"collection":[{"href":"https:\/\/roveyayinevi.com.tr\/index.php\/wp-json\/wp\/v2\/product"}],"about":[{"href":"https:\/\/roveyayinevi.com.tr\/index.php\/wp-json\/wp\/v2\/types\/product"}],"wp:attachment":[{"href":"https:\/\/roveyayinevi.com.tr\/index.php\/wp-json\/wp\/v2\/media?parent=749343"}],"wp:term":[{"taxonomy":"product_brand","embeddable":true,"href":"https:\/\/roveyayinevi.com.tr\/index.php\/wp-json\/wp\/v2\/product_brand?post=749343"},{"taxonomy":"product_cat","embeddable":true,"href":"https:\/\/roveyayinevi.com.tr\/index.php\/wp-json\/wp\/v2\/product_cat?post=749343"},{"taxonomy":"product_tag","embeddable":true,"href":"https:\/\/roveyayinevi.com.tr\/index.php\/wp-json\/wp\/v2\/product_tag?post=749343"}],"curies":[{"name":"wp","href":"https:\/\/api.w.org\/{rel}","templated":true}]}}