{"id":749341,"date":"2025-08-28T03:53:43","date_gmt":"2025-08-28T00:53:43","guid":{"rendered":"https:\/\/roveyayinevi.com.tr\/index.php\/urun\/kavram-etkinliklerim-4-yas\/"},"modified":"2026-04-16T03:03:01","modified_gmt":"2026-04-16T00:03:01","slug":"kavram-etkinliklerim-4-yas","status":"publish","type":"product","link":"https:\/\/roveyayinevi.com.tr\/index.php\/urun\/kavram-etkinliklerim-4-yas\/","title":{"rendered":"Kavram Etkinliklerim 4 Ya\u015f"},"content":{"rendered":"<p>Okul \u00f6ncesi d\u00f6nem \u00e7ocuklar\u0131n\u0131n ya\u015f seviyeleri dikkate al\u0131narak haz\u0131rlanan bu kitapta soyut d\u00fc\u015f\u00fcnceler olan kavramlar olabildi\u011fince soyut \u00f6rnekler ile anlat\u0131lmaya \u00e7al\u0131\u015f\u0131lm\u0131\u015ft\u0131r. E\u015fleme, ili\u015fkilendirme, gruplama ve s\u0131n\u0131fland\u0131rma t\u00fcr\u00fcnde etkinliklere yer verilmi\u015ftir. MEB okul \u00f6ncesi program\u0131nda yer alan kavramlara yer verilmi\u015ftir. \u00c7\u0131kartmal\u0131 etkinlikler tasarlanarak \u00f6\u011frenme s\u00fcreci e\u011flenceli h\u00e2le getirilmi\u015ftir.<\/p>\n","protected":false},"excerpt":{"rendered":"<p>Okul \u00f6ncesi d\u00f6nem \u00e7ocuklar\u0131n\u0131n ya\u015f seviyeleri dikkate al\u0131narak haz\u0131rlanan bu kitapta soyut d\u00fc\u015f\u00fcnceler olan kavramlar olabildi\u011fince soyut \u00f6rnekler ile anlat\u0131lmaya \u00e7al\u0131\u015f\u0131lm\u0131\u015ft\u0131r. E\u015fleme, ili\u015fkilendirme, gruplama ve s\u0131n\u0131fland\u0131rma<span class=\"excerpt-hellip\"> [\u2026]<\/span><\/p>\n","protected":false},"featured_media":0,"template":"","meta":{"_monsterinsights_skip_tracking":false,"_monsterinsights_sitenote_active":false,"_monsterinsights_sitenote_note":"","_monsterinsights_sitenote_category":0},"product_brand":[],"product_cat":[12274,12518],"product_tag":[],"class_list":{"0":"post-749341","1":"product","2":"type-product","3":"status-publish","5":"product_cat-cocuk-ve-genclik-kitaplari","6":"product_cat-okul-oncesi-kitaplar","7":"pa_cilt-ciltsiz","8":"pa_tur-kitap","9":"pa_yayinevi-minik-ada-yayinlari","10":"pa_yazar-kollektif","12":"first","13":"instock","14":"sale","15":"shipping-taxable","16":"purchasable","17":"product-type-simple"},"_links":{"self":[{"href":"https:\/\/roveyayinevi.com.tr\/index.php\/wp-json\/wp\/v2\/product\/749341","targetHints":{"allow":["GET"]}}],"collection":[{"href":"https:\/\/roveyayinevi.com.tr\/index.php\/wp-json\/wp\/v2\/product"}],"about":[{"href":"https:\/\/roveyayinevi.com.tr\/index.php\/wp-json\/wp\/v2\/types\/product"}],"wp:attachment":[{"href":"https:\/\/roveyayinevi.com.tr\/index.php\/wp-json\/wp\/v2\/media?parent=749341"}],"wp:term":[{"taxonomy":"product_brand","embeddable":true,"href":"https:\/\/roveyayinevi.com.tr\/index.php\/wp-json\/wp\/v2\/product_brand?post=749341"},{"taxonomy":"product_cat","embeddable":true,"href":"https:\/\/roveyayinevi.com.tr\/index.php\/wp-json\/wp\/v2\/product_cat?post=749341"},{"taxonomy":"product_tag","embeddable":true,"href":"https:\/\/roveyayinevi.com.tr\/index.php\/wp-json\/wp\/v2\/product_tag?post=749341"}],"curies":[{"name":"wp","href":"https:\/\/api.w.org\/{rel}","templated":true}]}}