{"id":749339,"date":"2025-08-28T03:53:40","date_gmt":"2025-08-28T00:53:40","guid":{"rendered":"https:\/\/roveyayinevi.com.tr\/index.php\/urun\/cizgi-calismalarim-4-yas\/"},"modified":"2026-04-16T03:03:01","modified_gmt":"2026-04-16T00:03:01","slug":"cizgi-calismalarim-4-yas","status":"publish","type":"product","link":"https:\/\/roveyayinevi.com.tr\/index.php\/urun\/cizgi-calismalarim-4-yas\/","title":{"rendered":"\u00c7izgi \u00c7al\u0131\u015fmalar\u0131m 4 Ya\u015f"},"content":{"rendered":"<p>Okul \u00f6ncesi d\u00f6nem \u00e7ocuklar\u0131n\u0131n ya\u015f seviyeleri dikkate al\u0131narak haz\u0131rlanan bu kitapta basitten zora, kolayda zora do\u011fru ilerleyen \u00e7izgi \u00e7al\u0131\u015fmalar\u0131na yer verilmi\u015f. \u00c7ocu\u011funuz k\u00fc\u00e7\u00fck kas geli\u015fimini destekleyecek dik, yatay, e\u011fik ve dairesel \u00e7izgi \u00e7al\u0131\u015fmalar\u0131n\u0131 yaparken renkli, e\u011flenceli sayfa tasar\u0131mlar\u0131 ve \u00e7\u0131kartmal\u0131 etkinlikler sayesinde s\u0131k\u0131lmayacakt\u0131r.<\/p>\n","protected":false},"excerpt":{"rendered":"<p>Okul \u00f6ncesi d\u00f6nem \u00e7ocuklar\u0131n\u0131n ya\u015f seviyeleri dikkate al\u0131narak haz\u0131rlanan bu kitapta basitten zora, kolayda zora do\u011fru ilerleyen \u00e7izgi \u00e7al\u0131\u015fmalar\u0131na yer verilmi\u015f. \u00c7ocu\u011funuz k\u00fc\u00e7\u00fck kas geli\u015fimini destekleyecek<span class=\"excerpt-hellip\"> [\u2026]<\/span><\/p>\n","protected":false},"featured_media":0,"template":"","meta":{"_monsterinsights_skip_tracking":false,"_monsterinsights_sitenote_active":false,"_monsterinsights_sitenote_note":"","_monsterinsights_sitenote_category":0},"product_brand":[],"product_cat":[12274,12518],"product_tag":[],"class_list":{"0":"post-749339","1":"product","2":"type-product","3":"status-publish","5":"product_cat-cocuk-ve-genclik-kitaplari","6":"product_cat-okul-oncesi-kitaplar","7":"pa_cilt-ciltsiz","8":"pa_tur-kitap","9":"pa_yayinevi-minik-ada-yayinlari","10":"pa_yazar-kollektif","12":"first","13":"instock","14":"sale","15":"shipping-taxable","16":"purchasable","17":"product-type-simple"},"_links":{"self":[{"href":"https:\/\/roveyayinevi.com.tr\/index.php\/wp-json\/wp\/v2\/product\/749339","targetHints":{"allow":["GET"]}}],"collection":[{"href":"https:\/\/roveyayinevi.com.tr\/index.php\/wp-json\/wp\/v2\/product"}],"about":[{"href":"https:\/\/roveyayinevi.com.tr\/index.php\/wp-json\/wp\/v2\/types\/product"}],"wp:attachment":[{"href":"https:\/\/roveyayinevi.com.tr\/index.php\/wp-json\/wp\/v2\/media?parent=749339"}],"wp:term":[{"taxonomy":"product_brand","embeddable":true,"href":"https:\/\/roveyayinevi.com.tr\/index.php\/wp-json\/wp\/v2\/product_brand?post=749339"},{"taxonomy":"product_cat","embeddable":true,"href":"https:\/\/roveyayinevi.com.tr\/index.php\/wp-json\/wp\/v2\/product_cat?post=749339"},{"taxonomy":"product_tag","embeddable":true,"href":"https:\/\/roveyayinevi.com.tr\/index.php\/wp-json\/wp\/v2\/product_tag?post=749339"}],"curies":[{"name":"wp","href":"https:\/\/api.w.org\/{rel}","templated":true}]}}