{"id":749336,"date":"2025-08-28T03:53:37","date_gmt":"2025-08-28T00:53:37","guid":{"rendered":"https:\/\/roveyayinevi.com.tr\/index.php\/urun\/kendini-terk-etme\/"},"modified":"2026-04-12T03:05:46","modified_gmt":"2026-04-12T00:05:46","slug":"kendini-terk-etme","status":"publish","type":"product","link":"https:\/\/roveyayinevi.com.tr\/index.php\/urun\/kendini-terk-etme\/","title":{"rendered":"Kendini Terk Etme"},"content":{"rendered":"<p>E\u011fer ili\u015fkilerinizde ayn\u0131 d\u00f6ng\u00fcde s\u0131k\u0131\u015ft\u0131ysan\u0131z, bu sizde bir sorun oldu\u011fu anlam\u0131na gelmez. \u0130li\u015fkilerinizde sevilmek i\u00e7in kendinizi feda etmemeyi \u00f6\u011frenmeniz gerekti\u011fi anlam\u0131na gelir. Romantik ve duygusal ili\u015fkiler, ba\u011f kurman\u0131n ve yak\u0131nla\u015fman\u0131n b\u00fcy\u00fcs\u00fcn\u00fc bize verebilir. Ancak yine de bu b\u00fcy\u00fc pek uzun s\u00fcrmez, en \u00e7ok ihtiyac\u0131m\u0131z olan insanlar\u0131 bizi terk ederken, kendimizi ula\u015f\u0131lamayan sevginin pe\u015finde ko\u015farken, ba\u015fkalar\u0131n\u0131 y\u00fcceltirken ya da onlar\u0131 kurtarmaya \u00e7al\u0131\u015f\u0131rken bulabiliriz. S\u0131n\u0131rlar\u0131 do\u011fru tan\u0131mlanmam\u0131\u015f hi\u00e7bir a\u015fk ya da sevgi bizi mutlu etmez. \u00d6nce kendimize sad\u0131k kald\u0131\u011f\u0131m\u0131zda, g\u00fcven duydu\u011fumuzda ve kendimize \u015fefkat g\u00f6sterdi\u011fimizde hayat\u0131m\u0131z da ili\u015fkilerimiz de \u00e7ok daha ba\u015fka olur ve iyile\u015firiz. Uzun y\u0131llar ili\u015fki kal\u0131plar\u0131n\u0131 iyile\u015ftirme ve d\u00f6n\u00fc\u015ft\u00fcrme \u00fczerine \u00e7al\u0131\u015fan Sheleana Aiyana Kendini Terk Etme kitab\u0131nda \u015fiirsel bilgeli\u011fi ve vizyonerli\u011fi bir araya getirerek size kendinizden, s\u0131n\u0131rlar\u0131n\u0131zdan, \u00f6zsayg\u0131n\u0131zdan vazge\u00e7meden nas\u0131l daha bilin\u00e7li ve sa\u011fl\u0131kl\u0131 ili\u015fkiler kurulabilece\u011fini ad\u0131m ad\u0131m anlat\u0131yor. Her t\u00fcrden ili\u015fkide kaybetti\u011finiz kontrol\u00fc yeniden ele almay\u0131 ve kimi sevece\u011finizi se\u00e7me yetkisini size geri veren yolu nas\u0131l a\u00e7aca\u011f\u0131n\u0131z\u0131 uygulamalarla g\u00f6steriyor. D\u00fcnyan\u0131n d\u00f6rt bir yan\u0131ndan binlerce insana rehberlik eden devrim niteli\u011findeki derslerle d\u0131\u015far\u0131da arad\u0131\u011f\u0131n\u0131z\u0131n nerede oldu\u011funu bulacaks\u0131n\u0131z: Kendinizde! <\/p>\n","protected":false},"excerpt":{"rendered":"<p>E\u011fer ili\u015fkilerinizde ayn\u0131 d\u00f6ng\u00fcde s\u0131k\u0131\u015ft\u0131ysan\u0131z, bu sizde bir sorun oldu\u011fu anlam\u0131na gelmez. \u0130li\u015fkilerinizde sevilmek i\u00e7in kendinizi feda etmemeyi \u00f6\u011frenmeniz gerekti\u011fi anlam\u0131na gelir. Romantik ve duygusal ili\u015fkiler,<span class=\"excerpt-hellip\"> [\u2026]<\/span><\/p>\n","protected":false},"featured_media":0,"template":"","meta":{"_monsterinsights_skip_tracking":false,"_monsterinsights_sitenote_active":false,"_monsterinsights_sitenote_note":"","_monsterinsights_sitenote_category":0},"product_brand":[],"product_cat":[12364,12376],"product_tag":[],"class_list":{"0":"post-749336","1":"product","2":"type-product","3":"status-publish","5":"product_cat-genel-konular","6":"product_cat-kisisel-gelisim","7":"pa_cilt-ciltsiz","8":"pa_tur-kitap","9":"pa_yayinevi-serenad-yayinevi","10":"pa_yazar-sheleana-aiyana","12":"first","13":"instock","14":"sale","15":"shipping-taxable","16":"purchasable","17":"product-type-simple"},"_links":{"self":[{"href":"https:\/\/roveyayinevi.com.tr\/index.php\/wp-json\/wp\/v2\/product\/749336","targetHints":{"allow":["GET"]}}],"collection":[{"href":"https:\/\/roveyayinevi.com.tr\/index.php\/wp-json\/wp\/v2\/product"}],"about":[{"href":"https:\/\/roveyayinevi.com.tr\/index.php\/wp-json\/wp\/v2\/types\/product"}],"wp:attachment":[{"href":"https:\/\/roveyayinevi.com.tr\/index.php\/wp-json\/wp\/v2\/media?parent=749336"}],"wp:term":[{"taxonomy":"product_brand","embeddable":true,"href":"https:\/\/roveyayinevi.com.tr\/index.php\/wp-json\/wp\/v2\/product_brand?post=749336"},{"taxonomy":"product_cat","embeddable":true,"href":"https:\/\/roveyayinevi.com.tr\/index.php\/wp-json\/wp\/v2\/product_cat?post=749336"},{"taxonomy":"product_tag","embeddable":true,"href":"https:\/\/roveyayinevi.com.tr\/index.php\/wp-json\/wp\/v2\/product_tag?post=749336"}],"curies":[{"name":"wp","href":"https:\/\/api.w.org\/{rel}","templated":true}]}}