{"id":749330,"date":"2025-08-28T03:53:27","date_gmt":"2025-08-28T00:53:27","guid":{"rendered":"https:\/\/roveyayinevi.com.tr\/index.php\/urun\/cay-ustasi-ile-dedektif\/"},"modified":"2026-04-16T03:03:01","modified_gmt":"2026-04-16T00:03:01","slug":"cay-ustasi-ile-dedektif","status":"publish","type":"product","link":"https:\/\/roveyayinevi.com.tr\/index.php\/urun\/cay-ustasi-ile-dedektif\/","title":{"rendered":"\u00c7ay Ustas\u0131 ile Dedektif"},"content":{"rendered":"<p>Nebula En \u0130yi Novella \u00d6d\u00fcl\u00fc Kazanan\u0131   BFA En \u0130yi Novella \u00d6d\u00fcl\u00fc Kazanan\u0131   De Bodard Vietnam k\u00fclt\u00fcr\u00fcnden esinlenen inand\u0131r\u0131c\u0131, cesur bir d\u00fcnya kuruyor, zorlay\u0131c\u0131 motivasyonlar\u0131 ve k\u0131\u015fk\u0131rt\u0131c\u0131 ge\u00e7mi\u015fleriyle karakterleri ise S\u00f6r Arthur Conan Doyle\u2019un karakterlerini akla getiriyor: Holmes eksantrik bir akademisyen, Watson ise huysuz bir gemizihin.   Xuya Evreni\u2019nde, s\u00fcrg\u00fcndeki \u00e2limler ve g\u00fc\u00e7l\u00fc aileler taraf\u0131ndan y\u00f6netilen galaktik bir imparatorlukta insan ve y\u00fck ta\u015f\u0131yan canl\u0131 gemizihinler, Sa\u00e7\u0131lm\u0131\u015f \u0130nciler Ku\u015fa\u011f\u0131\u2019ndaki habitatlar\u0131 birbirine ba\u011flayan yeg\u00e2ne ba\u011fd\u0131r. \u0130nsan ve gemizihin avatarlar\u0131n\u0131n birbirine kar\u0131\u015ft\u0131\u011f\u0131, fiziksel ve sanal ger\u00e7ekliklerin \u00fcst \u00fcste bindi\u011fi ak\u0131\u015fkan bir toplumdur kar\u015f\u0131m\u0131za \u00e7\u0131kan.   Travmatik bir kazan\u0131n ard\u0131ndan terhis edilen nakliye gemisi G\u00f6lgenin \u00c7ocu\u011fu, uzay yolcular\u0131n\u0131n rahat\u0131 i\u00e7in zihin de\u011fi\u015ftirici \u00e7aylar demleyerek ge\u00e7imini sa\u011flamaya \u00e7al\u0131\u015f\u0131r. Eksantrik Long Chau ise bilimsel ara\u015ft\u0131rmas\u0131 i\u00e7in uzay bo\u015flu\u011funda bir ceset bulmak ister. Long Chau ofisine girdi\u011finde, G\u00f6lgenin \u00c7ocu\u011fu\u2019nu tats\u0131z ama kolay bir g\u00f6rev bekler ta ki bulduklar\u0131 cesedin cinayete kurban gitti\u011fi ortaya \u00e7\u0131kana kadar. Olay\u0131n derinliklerine indik\u00e7e, G\u00f6lgenin \u00c7ocu\u011fu soru\u015fturman\u0131n Long Chau\u2019nun karanl\u0131k ge\u00e7mi\u015fine ve y\u0131ld\u0131zlar\u0131n aras\u0131nda yatan dayan\u0131lmaz bo\u015flu\u011fa i\u015faret etti\u011fini g\u00f6recektir.   \u00c7ay Ustas\u0131 ile Dedektif, bilimkurgu ve polisiyenin harika bir birle\u015fimi.   \u201c\u00c7in ve Vietnam k\u00fclt\u00fcrlerine odaklanan, uzay operas\u0131n\u0131n anlam\u0131n\u0131 geni\u015fletecek denli iyi kurgulanm\u0131\u015f bir d\u00fcnya.\u201d \u2013Amal El-Mohtar   \u201cOkuru y\u0131ld\u0131zlar aras\u0131ndaki karanl\u0131k ve so\u011fuk uzayda, insanlar\u0131n yan\u0131 s\u0131ra gemilerin de fiziksel ve duygusal anlamda \u00e7uvallad\u0131\u011f\u0131 bir yere g\u00f6t\u00fcr\u00fcyor.\u201d \u2013Library Journal   \u201cHolmes\u2019\u00fcn bir kad\u0131n, Watson\u2019\u0131nsa bir uzay gemisi oldu\u011fu muhte\u015fem bir polisiye.\u201d \u2013Mary Robinette Kowal <\/p>\n","protected":false},"excerpt":{"rendered":"<p>Nebula En \u0130yi Novella \u00d6d\u00fcl\u00fc Kazanan\u0131 BFA En \u0130yi Novella \u00d6d\u00fcl\u00fc Kazanan\u0131 De Bodard Vietnam k\u00fclt\u00fcr\u00fcnden esinlenen inand\u0131r\u0131c\u0131, cesur bir d\u00fcnya kuruyor, zorlay\u0131c\u0131 motivasyonlar\u0131 ve k\u0131\u015fk\u0131rt\u0131c\u0131<span class=\"excerpt-hellip\"> [\u2026]<\/span><\/p>\n","protected":false},"featured_media":0,"template":"","meta":{"_monsterinsights_skip_tracking":false,"_monsterinsights_sitenote_active":false,"_monsterinsights_sitenote_note":"","_monsterinsights_sitenote_category":0},"product_brand":[],"product_cat":[12540,12291],"product_tag":[],"class_list":{"0":"post-749330","1":"product","2":"type-product","3":"status-publish","5":"product_cat-bilim-kurgu","6":"product_cat-edebiyat","7":"pa_cilt-ciltsiz","8":"pa_tur-kitap","9":"pa_yayinevi-ithaki-yayinlari","10":"pa_yazar-aliette-de-bodard","12":"first","13":"instock","14":"sale","15":"shipping-taxable","16":"purchasable","17":"product-type-simple"},"_links":{"self":[{"href":"https:\/\/roveyayinevi.com.tr\/index.php\/wp-json\/wp\/v2\/product\/749330","targetHints":{"allow":["GET"]}}],"collection":[{"href":"https:\/\/roveyayinevi.com.tr\/index.php\/wp-json\/wp\/v2\/product"}],"about":[{"href":"https:\/\/roveyayinevi.com.tr\/index.php\/wp-json\/wp\/v2\/types\/product"}],"wp:attachment":[{"href":"https:\/\/roveyayinevi.com.tr\/index.php\/wp-json\/wp\/v2\/media?parent=749330"}],"wp:term":[{"taxonomy":"product_brand","embeddable":true,"href":"https:\/\/roveyayinevi.com.tr\/index.php\/wp-json\/wp\/v2\/product_brand?post=749330"},{"taxonomy":"product_cat","embeddable":true,"href":"https:\/\/roveyayinevi.com.tr\/index.php\/wp-json\/wp\/v2\/product_cat?post=749330"},{"taxonomy":"product_tag","embeddable":true,"href":"https:\/\/roveyayinevi.com.tr\/index.php\/wp-json\/wp\/v2\/product_tag?post=749330"}],"curies":[{"name":"wp","href":"https:\/\/api.w.org\/{rel}","templated":true}]}}