{"id":749329,"date":"2025-08-28T03:53:26","date_gmt":"2025-08-28T00:53:26","guid":{"rendered":"https:\/\/roveyayinevi.com.tr\/index.php\/urun\/garpa-gore-dunya\/"},"modified":"2026-04-16T03:03:01","modified_gmt":"2026-04-16T00:03:01","slug":"garpa-gore-dunya","status":"publish","type":"product","link":"https:\/\/roveyayinevi.com.tr\/index.php\/urun\/garpa-gore-dunya\/","title":{"rendered":"Garp\u2019a G\u00f6re D\u00fcnya"},"content":{"rendered":"<p>Ulusal Kitap \u00d6d\u00fcl\u00fc Kazanan\u0131   Her roman\u0131n\u0131 nas\u0131l sona erece\u011fini tamamen bilerek yazd\u0131\u011f\u0131n\u0131 pek \u00e7ok r\u00f6portaj\u0131nda belirten John Irving ayn\u0131 zamanda bir g\u00fcre\u015f\u00e7i ve Akademi \u00d6d\u00fcl\u00fc kazanm\u0131\u015f bir senarist. Otuzdan fazla dilde, k\u0131rktan fazla \u00fclkede yay\u0131mlanan eserlerinin sat\u0131\u015f rakamlar\u0131 milyonlar\u0131 a\u015fan Irving yazd\u0131klar\u0131nda kendi hayat\u0131ndan \u00f6\u011feleri kullanmas\u0131yla da biliniyor. 1980 y\u0131l\u0131 Ulusal Kitap \u00d6d\u00fcl\u00fc\u2019n\u00fc kazanan Garp\u2019a G\u00f6re D\u00fcnya ise Irving\u2019i sadece \u00fclkesine de\u011fil, d\u00fcnyaya tan\u0131tan o roman.   Hem\u015fire Jenny Fields evlenmemeye karar verir ama bu, anne olmas\u0131n\u0131n \u00f6n\u00fcnde bir engel de\u011fildir elbette. Jenny y\u0131llar i\u00e7inde kad\u0131n haklar\u0131 hareketinin bir simgesine d\u00f6n\u00fc\u015f\u00fcr, e\u011fitiminin her y\u00f6n\u00fcyle ilgilendi\u011fi o\u011flu Garp ise \u00f6nce g\u00fcre\u015f\u00e7ili\u011fi dener, sonra da \u00e2\u015f\u0131k oldu\u011fu kad\u0131n\u0131 etkilemek i\u00e7in yazar olmay\u0131 akl\u0131na koyar. Bu anne ile o\u011flu s\u0131radan bir hayat ya\u015famayacaklard\u0131r.   John Irving\u2019den Garp\u2019a G\u00f6re D\u00fcnya maceras\u0131, komedisi ve feminizmiyle \u00f6nemli bir klasik, ince ince \u00f6r\u00fclm\u00fc\u015f hik\u00e2yesiyle \u201cdeli ve kederli\u201d bir roman.   \u201c\u00d6yle s\u00fcr\u00fckleyici bir toplumsal trajikomedi ki Madde 22\u2019nin aileye dair bir devam kitab\u0131 sanki.\u201d \u2013The Observer   \u201cIrving eveleyip gevelemiyor, laf\u0131n etraf\u0131ndan dolanm\u0131yor; do\u011frudan kar\u015f\u0131s\u0131na \u00e7\u0131k\u0131yor kutsal\u0131n ve onu hemen yerle bir ediyor.\u201d \u2013Stephen King <\/p>\n","protected":false},"excerpt":{"rendered":"<p>Ulusal Kitap \u00d6d\u00fcl\u00fc Kazanan\u0131 Her roman\u0131n\u0131 nas\u0131l sona erece\u011fini tamamen bilerek yazd\u0131\u011f\u0131n\u0131 pek \u00e7ok r\u00f6portaj\u0131nda belirten John Irving ayn\u0131 zamanda bir g\u00fcre\u015f\u00e7i ve Akademi \u00d6d\u00fcl\u00fc kazanm\u0131\u015f<span class=\"excerpt-hellip\"> [\u2026]<\/span><\/p>\n","protected":false},"featured_media":0,"template":"","meta":{"_monsterinsights_skip_tracking":false,"_monsterinsights_sitenote_active":false,"_monsterinsights_sitenote_note":"","_monsterinsights_sitenote_category":0},"product_brand":[],"product_cat":[12291,12711],"product_tag":[],"class_list":{"0":"post-749329","1":"product","2":"type-product","3":"status-publish","5":"product_cat-edebiyat","6":"product_cat-roman-oyku","7":"pa_cilt-ciltsiz","8":"pa_tur-kitap","9":"pa_yayinevi-ithaki-yayinlari","10":"pa_yazar-john-irving","12":"first","13":"instock","14":"sale","15":"shipping-taxable","16":"purchasable","17":"product-type-simple"},"_links":{"self":[{"href":"https:\/\/roveyayinevi.com.tr\/index.php\/wp-json\/wp\/v2\/product\/749329","targetHints":{"allow":["GET"]}}],"collection":[{"href":"https:\/\/roveyayinevi.com.tr\/index.php\/wp-json\/wp\/v2\/product"}],"about":[{"href":"https:\/\/roveyayinevi.com.tr\/index.php\/wp-json\/wp\/v2\/types\/product"}],"wp:attachment":[{"href":"https:\/\/roveyayinevi.com.tr\/index.php\/wp-json\/wp\/v2\/media?parent=749329"}],"wp:term":[{"taxonomy":"product_brand","embeddable":true,"href":"https:\/\/roveyayinevi.com.tr\/index.php\/wp-json\/wp\/v2\/product_brand?post=749329"},{"taxonomy":"product_cat","embeddable":true,"href":"https:\/\/roveyayinevi.com.tr\/index.php\/wp-json\/wp\/v2\/product_cat?post=749329"},{"taxonomy":"product_tag","embeddable":true,"href":"https:\/\/roveyayinevi.com.tr\/index.php\/wp-json\/wp\/v2\/product_tag?post=749329"}],"curies":[{"name":"wp","href":"https:\/\/api.w.org\/{rel}","templated":true}]}}