{"id":749325,"date":"2025-08-28T03:53:19","date_gmt":"2025-08-28T00:53:19","guid":{"rendered":"https:\/\/roveyayinevi.com.tr\/index.php\/urun\/istenmeyen\/"},"modified":"2026-04-16T03:03:00","modified_gmt":"2026-04-16T00:03:00","slug":"istenmeyen","status":"publish","type":"product","link":"https:\/\/roveyayinevi.com.tr\/index.php\/urun\/istenmeyen\/","title":{"rendered":"\u0130stenmeyen"},"content":{"rendered":"<p>\u201cH\u0131zl\u0131 ad\u0131mlarla sesin geldi\u011fi yere do\u011fru y\u00fcr\u00fcmeye ba\u015flad\u0131 ve \u00e7al\u0131lar\u0131n aras\u0131nda bir anda koyununu fark etti. Fakat koyunun yan\u0131nda insana benzeyen ama \u00e2deta geceden daha karanl\u0131k bir \u015fey duruyordu. Ne oldu\u011funu anlamak i\u00e7in dallar\u0131 biraz aralam\u0131\u015ft\u0131 ki bir anda gaz lambas\u0131n\u0131n \u0131\u015f\u0131\u011f\u0131 s\u00f6nd\u00fc. Korkudan oldu\u011fu yerde kald\u0131. Sadece koyunun yan\u0131ndaki varl\u0131\u011f\u0131 son g\u00f6rd\u00fc\u011f\u00fc yere do\u011fru bakmaya devam etti. Birden iki g\u00f6z belirdi. Karanl\u0131\u011f\u0131n derinli\u011finde iki kan k\u0131rm\u0131z\u0131s\u0131 g\u00f6z ona do\u011fru bak\u0131yordu. B\u00fcy\u00fck bir \u00e7\u0131\u011fl\u0131k at\u0131p ko\u015fabildi\u011fi kadar h\u0131zl\u0131 ko\u015fmaya ba\u015flad\u0131. Art\u0131k d\u00fc\u015f\u00fcnd\u00fc\u011f\u00fc tek \u015fey kendi can\u0131n\u0131 kurtarmakt\u0131. Hi\u00e7bir \u015fey g\u00f6rmeden sadece birka\u00e7 metre uzakla\u015fabilmi\u015fti ki aya\u011f\u0131 tak\u0131l\u0131p \u00e7imenler \u00fczerinde yuvarlanmaya ba\u015flad\u0131 ve sert bir cisme kafas\u0131n\u0131 \u00e7arparak bay\u0131ld\u0131.\u201d   Fatih Sevil\u2019in, 1962 y\u0131l\u0131nda Ad\u0131yaman\u2019\u0131n bir k\u00f6y\u00fcnde ba\u015flayan fantastik kitab\u0131nda heyecan bir an olsun azalm\u0131yor. \u0130lk sat\u0131r\u0131ndan son sat\u0131r\u0131na kadar okuyucunun ilgisini eserinde tutmay\u0131 ba\u015faran Sevil, ola\u011fan\u00fcst\u00fc \u00f6\u011felerle bezedi\u011fi sat\u0131rlar\u0131nda zaman zaman gerilimin dozunu da art\u0131r\u0131yor.<\/p>\n","protected":false},"excerpt":{"rendered":"<p>\u201cH\u0131zl\u0131 ad\u0131mlarla sesin geldi\u011fi yere do\u011fru y\u00fcr\u00fcmeye ba\u015flad\u0131 ve \u00e7al\u0131lar\u0131n aras\u0131nda bir anda koyununu fark etti. Fakat koyunun yan\u0131nda insana benzeyen ama \u00e2deta geceden daha karanl\u0131k<span class=\"excerpt-hellip\"> [\u2026]<\/span><\/p>\n","protected":false},"featured_media":0,"template":"","meta":{"_monsterinsights_skip_tracking":false,"_monsterinsights_sitenote_active":false,"_monsterinsights_sitenote_note":"","_monsterinsights_sitenote_category":0},"product_brand":[],"product_cat":[12291,12711],"product_tag":[],"class_list":{"0":"post-749325","1":"product","2":"type-product","3":"status-publish","5":"product_cat-edebiyat","6":"product_cat-roman-oyku","7":"pa_cilt-ciltsiz","8":"pa_tur-kitap","9":"pa_yayinevi-luna-yayinlari","10":"pa_yazar-fatih-sevil","12":"first","13":"instock","14":"sale","15":"shipping-taxable","16":"purchasable","17":"product-type-simple"},"_links":{"self":[{"href":"https:\/\/roveyayinevi.com.tr\/index.php\/wp-json\/wp\/v2\/product\/749325","targetHints":{"allow":["GET"]}}],"collection":[{"href":"https:\/\/roveyayinevi.com.tr\/index.php\/wp-json\/wp\/v2\/product"}],"about":[{"href":"https:\/\/roveyayinevi.com.tr\/index.php\/wp-json\/wp\/v2\/types\/product"}],"wp:attachment":[{"href":"https:\/\/roveyayinevi.com.tr\/index.php\/wp-json\/wp\/v2\/media?parent=749325"}],"wp:term":[{"taxonomy":"product_brand","embeddable":true,"href":"https:\/\/roveyayinevi.com.tr\/index.php\/wp-json\/wp\/v2\/product_brand?post=749325"},{"taxonomy":"product_cat","embeddable":true,"href":"https:\/\/roveyayinevi.com.tr\/index.php\/wp-json\/wp\/v2\/product_cat?post=749325"},{"taxonomy":"product_tag","embeddable":true,"href":"https:\/\/roveyayinevi.com.tr\/index.php\/wp-json\/wp\/v2\/product_tag?post=749325"}],"curies":[{"name":"wp","href":"https:\/\/api.w.org\/{rel}","templated":true}]}}