{"id":749323,"date":"2025-08-28T03:53:16","date_gmt":"2025-08-28T00:53:16","guid":{"rendered":"https:\/\/roveyayinevi.com.tr\/index.php\/urun\/hayati-yurumek-sakin-bir-mutluluk-sanati\/"},"modified":"2026-04-08T03:09:09","modified_gmt":"2026-04-08T00:09:09","slug":"hayati-yurumek-sakin-bir-mutluluk-sanati","status":"publish","type":"product","link":"https:\/\/roveyayinevi.com.tr\/index.php\/urun\/hayati-yurumek-sakin-bir-mutluluk-sanati\/","title":{"rendered":"Hayat\u0131 Y\u00fcr\u00fcmek: Sakin Bir Mutluluk Sanat\u0131"},"content":{"rendered":"<p>Yol y\u00fcr\u00fcmek isteyene a\u00e7ar kendini; bazen d\u00fcnyan\u0131n \u00f6b\u00fcr ucuna kadar gidip b\u00fct\u00fcn ba\u011flardan \u00f6zg\u00fcrle\u015fmek, bazen de evden yaln\u0131zca birka\u00e7 ad\u0131m uzakla\u015farak o ba\u011flar\u0131 onarmak i\u00e7in&#8230;Dar sokaklar\u0131, dolamba\u00e7l\u0131 patikalar\u0131, asfalt zemini, nemli topra\u011f\u0131, tozu pisi, kayalar\u0131 ve \u00e7i\u00e7ekli k\u0131rlar\u0131yla haz\u0131r ve naz\u0131r beklemektedir yol. \u00c7\u00fcnk\u00fc y\u00fcr\u00fcmek sa\u011falt\u0131r; gidilecek rotadan ba\u011f\u0131ms\u0131z olarak batan g\u00fcne\u015fe, bast\u0131ran so\u011fu\u011fa, a\u011f\u0131rla\u015fan bedene ra\u011fmen bilinmeyene duyulan g\u00fcvenle hareket edildi\u011finde, yola \u00e7\u0131kanla bir yere varan ki\u015fi ayn\u0131 de\u011fildir art\u0131k.Hayat\u0131 Y\u00fcr\u00fcmek okura, beden arac\u0131l\u0131\u011f\u0131yla manevi bir ke\u015ffe \u00e7\u0131kmay\u0131, g\u00fcndelik ya\u015fam\u0131n p\u00fcr\u00fczlerini ask\u0131ya almay\u0131, zaman kavram\u0131na bamba\u015fka yakla\u015fmay\u0131 ve elbette yenilenmeyi nihai hedefe d\u00f6n\u00fc\u015ft\u00fcren bir yolculu\u011fa \u00e7\u0131kmay\u0131 \u00f6neriyor. Bu teknoloji ve h\u0131z \u00e7a\u011f\u0131nda, ruhun k\u0131r\u0131lganl\u0131\u011f\u0131na ve bedenin yorgunlu\u011funa meydan okuyan, fiziksel s\u0131n\u0131rlar\u0131 da a\u015fmaya y\u00f6nelik bu muazzam \u00e7aba, arkada b\u0131rak\u0131lanlara, \u00f6zleme, kay\u0131plara ra\u011fmen ruhsal ve bedensel hasarlar\u0131 iyile\u015ftirmeye at\u0131lan bir ad\u0131ma d\u00f6n\u00fc\u015f\u00fcyor.Antropolog ve sosyolog David Le Breton&#8217;dan, Y\u00fcr\u00fcmeye \u00d6vg\u00fc&#8217;n\u00fcn ard\u0131ndan da\u011flar tepeler a\u015f\u0131p kendini ke\u015ffe dalanlar ve i\u00e7indeki s\u0131\u011f\u0131na\u011f\u0131 ad\u0131m ad\u0131m kat edenler i\u00e7in edebi ve felsefi anekdotlar e\u015fli\u011finde esasl\u0131 bir rehber.<\/p>\n","protected":false},"excerpt":{"rendered":"<p>Yol y\u00fcr\u00fcmek isteyene a\u00e7ar kendini; bazen d\u00fcnyan\u0131n \u00f6b\u00fcr ucuna kadar gidip b\u00fct\u00fcn ba\u011flardan \u00f6zg\u00fcrle\u015fmek, bazen de evden yaln\u0131zca birka\u00e7 ad\u0131m uzakla\u015farak o ba\u011flar\u0131 onarmak i\u00e7in&#8230;Dar sokaklar\u0131,<span class=\"excerpt-hellip\"> [\u2026]<\/span><\/p>\n","protected":false},"featured_media":0,"template":"","meta":{"_monsterinsights_skip_tracking":false,"_monsterinsights_sitenote_active":false,"_monsterinsights_sitenote_note":"","_monsterinsights_sitenote_category":0},"product_brand":[],"product_cat":[12364,12376],"product_tag":[],"class_list":{"0":"post-749323","1":"product","2":"type-product","3":"status-publish","5":"product_cat-genel-konular","6":"product_cat-kisisel-gelisim","7":"pa_cilt-ciltsiz","8":"pa_tur-kitap","9":"pa_yayinevi-sel-yayincilik","10":"pa_yazar-david-le-breton","12":"first","13":"instock","14":"sale","15":"shipping-taxable","16":"purchasable","17":"product-type-simple"},"_links":{"self":[{"href":"https:\/\/roveyayinevi.com.tr\/index.php\/wp-json\/wp\/v2\/product\/749323","targetHints":{"allow":["GET"]}}],"collection":[{"href":"https:\/\/roveyayinevi.com.tr\/index.php\/wp-json\/wp\/v2\/product"}],"about":[{"href":"https:\/\/roveyayinevi.com.tr\/index.php\/wp-json\/wp\/v2\/types\/product"}],"wp:attachment":[{"href":"https:\/\/roveyayinevi.com.tr\/index.php\/wp-json\/wp\/v2\/media?parent=749323"}],"wp:term":[{"taxonomy":"product_brand","embeddable":true,"href":"https:\/\/roveyayinevi.com.tr\/index.php\/wp-json\/wp\/v2\/product_brand?post=749323"},{"taxonomy":"product_cat","embeddable":true,"href":"https:\/\/roveyayinevi.com.tr\/index.php\/wp-json\/wp\/v2\/product_cat?post=749323"},{"taxonomy":"product_tag","embeddable":true,"href":"https:\/\/roveyayinevi.com.tr\/index.php\/wp-json\/wp\/v2\/product_tag?post=749323"}],"curies":[{"name":"wp","href":"https:\/\/api.w.org\/{rel}","templated":true}]}}