{"id":749319,"date":"2025-08-28T03:53:11","date_gmt":"2025-08-28T00:53:11","guid":{"rendered":"https:\/\/roveyayinevi.com.tr\/index.php\/urun\/duygular-tarihi\/"},"modified":"2026-04-16T03:03:00","modified_gmt":"2026-04-16T00:03:00","slug":"duygular-tarihi","status":"publish","type":"product","link":"https:\/\/roveyayinevi.com.tr\/index.php\/urun\/duygular-tarihi\/","title":{"rendered":"Duygular Tarihi"},"content":{"rendered":"<p>Tarih\u00e7iler bir s\u00fcredir, insanlar\u0131n duygular\u0131n\u0131n ve duygular\u0131n\u0131 ifade etme bi\u00e7imlerinin ge\u00e7mi\u015f olaylar\u0131n gidi\u015fat\u0131nda oynad\u0131\u011f\u0131 rol\u00fcn \u00fczerine daha fazla e\u011filmeye ba\u015flad\u0131lar. Duygular\u0131n tarihe y\u00f6n verebilece\u011fi fikri yeni de\u011filse de duygular\u0131n evrensel de\u011fil tarihsel olabilece\u011fi fikri, ge\u00e7mi\u015fi anlama \u00e7abas\u0131n\u0131n \u00f6n\u00fcne yeni sorunlar \u00e7\u0131kard\u0131; tarihyaz\u0131m\u0131 i\u00e7in yepyeni olanaklar, f\u0131rsatlar ve konular da sundu. Rob Boddice, bu kitapta, h\u0131zla geli\u015fen ve her ge\u00e7en g\u00fcn daha fazla ilgi g\u00f6ren duygular tarihinin kavramlar\u0131n\u0131, teorilerini, y\u00f6ntemlerini, ba\u015far\u0131lar\u0131n\u0131, sorunlar\u0131n\u0131 ve gelece\u011fini masaya yat\u0131r\u0131yor. Duygular tarihinin antropoloji, psikoloji, felsefe ve n\u00f6robilimle kurdu\u011fu ili\u015fkilerin bir haritas\u0131n\u0131 \u00e7\u0131kar\u0131yor. Tarihyaz\u0131m\u0131n\u0131n bu g\u00fcncel ve gelecek vaat eden dal\u0131n\u0131n, disiplinin temel varsay\u0131mlar\u0131yla nas\u0131l hesapla\u015ft\u0131\u011f\u0131n\u0131, ba\u015fka alanlarla kurdu\u011fu k\u00f6pr\u00fcler arac\u0131l\u0131\u011f\u0131yla ge\u00e7mi\u015fe bakman\u0131n g\u00fcncel ve daha farkl\u0131 bir yolunu nas\u0131l sundu\u011funu ortaya koyuyor. Tarih disiplininin hem i\u00e7inden hem de d\u0131\u015f\u0131ndan duygular tarihine y\u00f6neltilen ele\u015ftirilere bir yan\u0131t veriyor. Bu yeni alan\u0131n, insan beyninin i\u015fleyi\u015fine, bili\u015fsel faaliyetlere ve genel olarak insan deneyimine ili\u015fkin anlay\u0131\u015f\u0131m\u0131z\u0131 zenginle\u015ftirmenin bir yolunu sundu\u011funu da g\u00f6steriyor. <\/p>\n","protected":false},"excerpt":{"rendered":"<p>Tarih\u00e7iler bir s\u00fcredir, insanlar\u0131n duygular\u0131n\u0131n ve duygular\u0131n\u0131 ifade etme bi\u00e7imlerinin ge\u00e7mi\u015f olaylar\u0131n gidi\u015fat\u0131nda oynad\u0131\u011f\u0131 rol\u00fcn \u00fczerine daha fazla e\u011filmeye ba\u015flad\u0131lar. Duygular\u0131n tarihe y\u00f6n verebilece\u011fi fikri yeni<span class=\"excerpt-hellip\"> [\u2026]<\/span><\/p>\n","protected":false},"featured_media":0,"template":"","meta":{"_monsterinsights_skip_tracking":false,"_monsterinsights_sitenote_active":false,"_monsterinsights_sitenote_note":"","_monsterinsights_sitenote_category":0},"product_brand":[],"product_cat":[12304],"product_tag":[],"class_list":{"0":"post-749319","1":"product","2":"type-product","3":"status-publish","5":"product_cat-tarih","6":"pa_cilt-ciltsiz","7":"pa_tur-kitap","8":"pa_yayinevi-fol-kitap","9":"pa_yazar-rob-boddice","11":"first","12":"instock","13":"sale","14":"shipping-taxable","15":"purchasable","16":"product-type-simple"},"_links":{"self":[{"href":"https:\/\/roveyayinevi.com.tr\/index.php\/wp-json\/wp\/v2\/product\/749319","targetHints":{"allow":["GET"]}}],"collection":[{"href":"https:\/\/roveyayinevi.com.tr\/index.php\/wp-json\/wp\/v2\/product"}],"about":[{"href":"https:\/\/roveyayinevi.com.tr\/index.php\/wp-json\/wp\/v2\/types\/product"}],"wp:attachment":[{"href":"https:\/\/roveyayinevi.com.tr\/index.php\/wp-json\/wp\/v2\/media?parent=749319"}],"wp:term":[{"taxonomy":"product_brand","embeddable":true,"href":"https:\/\/roveyayinevi.com.tr\/index.php\/wp-json\/wp\/v2\/product_brand?post=749319"},{"taxonomy":"product_cat","embeddable":true,"href":"https:\/\/roveyayinevi.com.tr\/index.php\/wp-json\/wp\/v2\/product_cat?post=749319"},{"taxonomy":"product_tag","embeddable":true,"href":"https:\/\/roveyayinevi.com.tr\/index.php\/wp-json\/wp\/v2\/product_tag?post=749319"}],"curies":[{"name":"wp","href":"https:\/\/api.w.org\/{rel}","templated":true}]}}