{"id":749311,"date":"2025-08-28T03:52:59","date_gmt":"2025-08-28T00:52:59","guid":{"rendered":"https:\/\/roveyayinevi.com.tr\/index.php\/urun\/ruh-cagiran\/"},"modified":"2026-04-16T03:03:00","modified_gmt":"2026-04-16T00:03:00","slug":"ruh-cagiran","status":"publish","type":"product","link":"https:\/\/roveyayinevi.com.tr\/index.php\/urun\/ruh-cagiran\/","title":{"rendered":"Ruh \u00c7a\u011f\u0131ran"},"content":{"rendered":"<p>\u0130nsanl\u0131k tarihinin ke\u015ffedilmemi\u015f s\u0131n\u0131rlar\u0131nda dola\u015fan eski bir ruh aram\u0131zda! Eskilerin \u201cY\u00fcz y\u0131lda bir gelir!\u201d diye kulaktan kula\u011fa f\u0131s\u0131ldad\u0131klar\u0131 efsanedeki ziyaret\u00e7i, 2023 y\u0131l\u0131nda Anadolu topraklar\u0131nda ortaya \u00e7\u0131kar. Ziyaret\u00e7inin yapt\u0131\u011f\u0131 mucizeleri haber alan Vatikan, bu anomali i\u00e7in vakit kaybetmeden gizli bir operasyona giri\u015fir. Ama\u00e7, hedefi ne olursa olsun yakalay\u0131p Papa\u2019n\u0131n huzuruna \u00e7\u0131karmakt\u0131r. Uluslararas\u0131 bir kriz yaratmadan bu faaliyete engel olmaya \u00e7al\u0131\u015fan T\u00fcrk istihbarat\u0131, \u015fahs\u0131 bilinen y\u00f6ntemlerle ele ge\u00e7iremeyece\u011fini kavray\u0131nca son \u00e7areye ba\u015fvurur. Tan\u0131ms\u0131z G\u00fc\u00e7ler Birimi eski \u00fcyesi Selim Tekin, y\u0131llar sonra yeniden g\u00f6reve \u00e7a\u011fr\u0131l\u0131r. G\u00fcc\u00fcn s\u0131rr\u0131n\u0131 ele ge\u00e7irmek isteyenlerin bu amans\u0131z kovalamacas\u0131nda kimi hayat\u0131n\u0131 kaybedecektir, kimi de inanc\u0131n\u0131. Selim Tekin ise y\u0131llar y\u0131l\u0131 i\u00e7inde saklanan vah\u015fi ger\u00e7ekle bir kez daha y\u00fczle\u015fecektir&#8230;<\/p>\n","protected":false},"excerpt":{"rendered":"<p>\u0130nsanl\u0131k tarihinin ke\u015ffedilmemi\u015f s\u0131n\u0131rlar\u0131nda dola\u015fan eski bir ruh aram\u0131zda! Eskilerin \u201cY\u00fcz y\u0131lda bir gelir!\u201d diye kulaktan kula\u011fa f\u0131s\u0131ldad\u0131klar\u0131 efsanedeki ziyaret\u00e7i, 2023 y\u0131l\u0131nda Anadolu topraklar\u0131nda ortaya \u00e7\u0131kar.<span class=\"excerpt-hellip\"> [\u2026]<\/span><\/p>\n","protected":false},"featured_media":0,"template":"","meta":{"_monsterinsights_skip_tracking":false,"_monsterinsights_sitenote_active":false,"_monsterinsights_sitenote_note":"","_monsterinsights_sitenote_category":0},"product_brand":[],"product_cat":[12291,17033],"product_tag":[],"class_list":{"0":"post-749311","1":"product","2":"type-product","3":"status-publish","5":"product_cat-edebiyat","6":"product_cat-korku-gerilim","7":"pa_cilt-ciltsiz","8":"pa_tur-kitap","9":"pa_yayinevi-altin-kitaplar","10":"pa_yazar-hakan-yel","12":"first","13":"instock","14":"sale","15":"shipping-taxable","16":"purchasable","17":"product-type-simple"},"_links":{"self":[{"href":"https:\/\/roveyayinevi.com.tr\/index.php\/wp-json\/wp\/v2\/product\/749311","targetHints":{"allow":["GET"]}}],"collection":[{"href":"https:\/\/roveyayinevi.com.tr\/index.php\/wp-json\/wp\/v2\/product"}],"about":[{"href":"https:\/\/roveyayinevi.com.tr\/index.php\/wp-json\/wp\/v2\/types\/product"}],"wp:attachment":[{"href":"https:\/\/roveyayinevi.com.tr\/index.php\/wp-json\/wp\/v2\/media?parent=749311"}],"wp:term":[{"taxonomy":"product_brand","embeddable":true,"href":"https:\/\/roveyayinevi.com.tr\/index.php\/wp-json\/wp\/v2\/product_brand?post=749311"},{"taxonomy":"product_cat","embeddable":true,"href":"https:\/\/roveyayinevi.com.tr\/index.php\/wp-json\/wp\/v2\/product_cat?post=749311"},{"taxonomy":"product_tag","embeddable":true,"href":"https:\/\/roveyayinevi.com.tr\/index.php\/wp-json\/wp\/v2\/product_tag?post=749311"}],"curies":[{"name":"wp","href":"https:\/\/api.w.org\/{rel}","templated":true}]}}