{"id":749310,"date":"2025-08-28T03:52:58","date_gmt":"2025-08-28T00:52:58","guid":{"rendered":"https:\/\/roveyayinevi.com.tr\/index.php\/urun\/yasama-yeniden-tutunmak\/"},"modified":"2026-04-16T03:03:00","modified_gmt":"2026-04-16T00:03:00","slug":"yasama-yeniden-tutunmak","status":"publish","type":"product","link":"https:\/\/roveyayinevi.com.tr\/index.php\/urun\/yasama-yeniden-tutunmak\/","title":{"rendered":"Ya\u015fama Yeniden Tutunmak"},"content":{"rendered":"<p>B\u00fct\u00fcn Zorluklara Ra\u011fmenYA\u015eAMA YEN\u0130DEN TUTUNMAKHayat yolunda pek \u00e7ok tehlikelerle ve g\u00fc\u00e7l\u00fcklerle kar\u015f\u0131la\u015f\u0131r\u0131z. Onlar\u0131 a\u015fma konusunda ciddi s\u0131k\u0131nt\u0131lar \u00e7ekti\u011fimiz zamanlar da olur. Tahamm\u00fcl s\u0131n\u0131rlar\u0131m\u0131z\u0131n zorland\u0131\u011f\u0131n\u0131 hissetti\u011fimiz vakitler de&#8230; \u0130nsan bunlara ancak ilahi kudrete s\u0131\u011f\u0131narak dayanabilir; \u00c2lemlerin Yarat\u0131c\u0131s\u0131yla ba\u011f kurarak&#8230;   Allah\u2019a dayanmadan, O\u2019nun himayesi alt\u0131na girmeden ya\u015fayan birinin ya\u015famdaki endi\u015felerinin sonu gelmez ve kar\u015f\u0131la\u015ft\u0131\u011f\u0131 tehlikelerden hi\u00e7bir zaman tam anlam\u0131yla kurtulamaz, onlar\u0131n izlerini ve yaralar\u0131n\u0131 daima s\u0131rt\u0131nda ta\u015f\u0131r.   Allah\u2019\u0131n ad\u0131yla ilerlemedi\u011finde, hadiseler k\u00fc\u00e7\u00fck olsun b\u00fcy\u00fck olsun, onu hep endi\u015fe yuma\u011f\u0131 haline getirir. Ya\u015fam\u0131 Allah ad\u0131na ya\u015famad\u0131\u011f\u0131ndan dolay\u0131d\u0131r bu endi\u015feler. Ger\u00e7ek imand\u0131r ki tevekk\u00fcle neden olur ve hadiselerin sars\u0131c\u0131l\u0131\u011f\u0131 ve b\u00fcy\u00fckl\u00fc\u011f\u00fc ne kadar olursa olsun b\u00fcy\u00fck ve kal\u0131c\u0131 endi\u015felere yol a\u00e7maz.   \u201cYa\u015fama Yeniden Tutunmak\u201d, a\u011f\u0131r ve sars\u0131c\u0131 ya\u015fam tecr\u00fcbelerinin \u00fczerimizdeki b\u00fcy\u00fck etkilerini azaltmak niyetiyle kaleme al\u0131nan, zor zamanlar\u0131n bir ba\u015fucu kitab\u0131\u2026 <\/p>\n","protected":false},"excerpt":{"rendered":"<p>B\u00fct\u00fcn Zorluklara Ra\u011fmenYA\u015eAMA YEN\u0130DEN TUTUNMAKHayat yolunda pek \u00e7ok tehlikelerle ve g\u00fc\u00e7l\u00fcklerle kar\u015f\u0131la\u015f\u0131r\u0131z. Onlar\u0131 a\u015fma konusunda ciddi s\u0131k\u0131nt\u0131lar \u00e7ekti\u011fimiz zamanlar da olur. Tahamm\u00fcl s\u0131n\u0131rlar\u0131m\u0131z\u0131n zorland\u0131\u011f\u0131n\u0131 hissetti\u011fimiz vakitler<span class=\"excerpt-hellip\"> [\u2026]<\/span><\/p>\n","protected":false},"featured_media":0,"template":"","meta":{"_monsterinsights_skip_tracking":false,"_monsterinsights_sitenote_active":false,"_monsterinsights_sitenote_note":"","_monsterinsights_sitenote_category":0},"product_brand":[],"product_cat":[12718,12719,15238],"product_tag":[],"class_list":{"0":"post-749310","1":"product","2":"type-product","3":"status-publish","5":"product_cat-din","6":"product_cat-islam","7":"product_cat-tasavvuf","8":"pa_cilt-ciltsiz","9":"pa_tur-kitap","10":"pa_yayinevi-hayykitap","11":"pa_yazar-mecit-omur-ozturk","13":"first","14":"instock","15":"sale","16":"shipping-taxable","17":"purchasable","18":"product-type-simple"},"_links":{"self":[{"href":"https:\/\/roveyayinevi.com.tr\/index.php\/wp-json\/wp\/v2\/product\/749310","targetHints":{"allow":["GET"]}}],"collection":[{"href":"https:\/\/roveyayinevi.com.tr\/index.php\/wp-json\/wp\/v2\/product"}],"about":[{"href":"https:\/\/roveyayinevi.com.tr\/index.php\/wp-json\/wp\/v2\/types\/product"}],"wp:attachment":[{"href":"https:\/\/roveyayinevi.com.tr\/index.php\/wp-json\/wp\/v2\/media?parent=749310"}],"wp:term":[{"taxonomy":"product_brand","embeddable":true,"href":"https:\/\/roveyayinevi.com.tr\/index.php\/wp-json\/wp\/v2\/product_brand?post=749310"},{"taxonomy":"product_cat","embeddable":true,"href":"https:\/\/roveyayinevi.com.tr\/index.php\/wp-json\/wp\/v2\/product_cat?post=749310"},{"taxonomy":"product_tag","embeddable":true,"href":"https:\/\/roveyayinevi.com.tr\/index.php\/wp-json\/wp\/v2\/product_tag?post=749310"}],"curies":[{"name":"wp","href":"https:\/\/api.w.org\/{rel}","templated":true}]}}