{"id":749308,"date":"2025-08-28T03:52:55","date_gmt":"2025-08-28T00:52:55","guid":{"rendered":"https:\/\/roveyayinevi.com.tr\/index.php\/urun\/mukemmeliyetcinin-kontrolu-kaybetme-rehberi\/"},"modified":"2025-11-21T09:01:54","modified_gmt":"2025-11-21T06:01:54","slug":"mukemmeliyetcinin-kontrolu-kaybetme-rehberi","status":"publish","type":"product","link":"https:\/\/roveyayinevi.com.tr\/index.php\/urun\/mukemmeliyetcinin-kontrolu-kaybetme-rehberi\/","title":{"rendered":"M\u00fckemmeliyet\u00e7inin Kontrol\u00fc Kaybetme Rehberi"},"content":{"rendered":"<p>\u0130nsan\u0131z. Ne yapt\u0131\u011f\u0131m\u0131zdan, neye sahip oldu\u011fumuzdan, kiminle birlikte oldu\u011fumuzdan ya da nas\u0131l g\u00f6r\u00fcnd\u00fc\u011f\u00fcm\u00fczden ibaret de\u011filiz. D\u00fcnyada bir okyanus gibi geni\u015f, g\u00fc\u00e7l\u00fc, b\u00fcy\u00fck, s\u00fcrekli de\u011fi\u015fen bir g\u00fcc\u00fcz; eski, k\u00f6hne bir evin unutulmu\u015f k\u00fc\u00e7\u00fck bir odas\u0131 de\u011fil. Kendimize ne kadar b\u00fcy\u00fck olma izni verirsek, kendimize d\u00f6n\u00fc\u015f yolunu bulmam\u0131z da o kadar kolay olur. Hi\u00e7 sahip oldu\u011funuz potansiyeli tamamen ortaya koyamad\u0131\u011f\u0131n\u0131z\u0131 hissetti\u011finiz oldu mu? Gere\u011finden fazla detaylara tak\u0131ld\u0131\u011f\u0131n\u0131z, bir i\u015f yeme\u011finde herkes taraf\u0131ndan izlendi\u011finizi ya da ili\u015fkinizi hak etmedi\u011finizi d\u00fc\u015f\u00fcnd\u00fc\u011f\u00fcn\u00fcz bir an\u2026 Psikoterapist ve yazar Katherine Morgan Schafler, asl\u0131nda detaylara tak\u0131lman\u0131n o kadar da k\u00f6t\u00fc bir \u015fey olmad\u0131\u011f\u0131n\u0131 s\u00f6ylerken be\u015f farkl\u0131 m\u00fckemmeliyet\u00e7i tipinden bahsediyor. Kendinize \u00f6zg\u00fc m\u00fckemmeliyet\u00e7i profilinizi belirlerken, her bir m\u00fckemmeliyet\u00e7i tipini asl\u0131nda size hizmet edecek, hayat\u0131n\u0131z\u0131 kolayla\u015ft\u0131racak \u015fekilde nas\u0131l y\u00f6netebilece\u011finizi aktar\u0131yor. M\u00fckemmeliyet\u00e7inin Kontrol\u00fc Kaybetme Rehberi, hik\u00e2yelerle \u00f6rneklendirilmi\u015f mizahi anlat\u0131m\u0131yla i\u00e7inizdeki ger\u00e7ek g\u00fcce nas\u0131l eri\u015febilece\u011finizin s\u0131rlar\u0131n\u0131 payla\u015f\u0131yor!<\/p>\n","protected":false},"excerpt":{"rendered":"<p>\u0130nsan\u0131z. Ne yapt\u0131\u011f\u0131m\u0131zdan, neye sahip oldu\u011fumuzdan, kiminle birlikte oldu\u011fumuzdan ya da nas\u0131l g\u00f6r\u00fcnd\u00fc\u011f\u00fcm\u00fczden ibaret de\u011filiz. D\u00fcnyada bir okyanus gibi geni\u015f, g\u00fc\u00e7l\u00fc, b\u00fcy\u00fck, s\u00fcrekli de\u011fi\u015fen bir g\u00fcc\u00fcz;<span class=\"excerpt-hellip\"> [\u2026]<\/span><\/p>\n","protected":false},"featured_media":0,"template":"","meta":{"_monsterinsights_skip_tracking":false,"_monsterinsights_sitenote_active":false,"_monsterinsights_sitenote_note":"","_monsterinsights_sitenote_category":0},"product_brand":[],"product_cat":[12357],"product_tag":[],"class_list":{"0":"post-749308","1":"product","2":"type-product","3":"status-publish","5":"product_cat-psikoloji","6":"pa_cilt-ciltsiz","7":"pa_tur-kitap","8":"pa_yayinevi-sola-unitas","9":"pa_yazar-katherine-morgan-schafler","11":"first","12":"instock","13":"sale","14":"shipping-taxable","15":"purchasable","16":"product-type-simple"},"_links":{"self":[{"href":"https:\/\/roveyayinevi.com.tr\/index.php\/wp-json\/wp\/v2\/product\/749308","targetHints":{"allow":["GET"]}}],"collection":[{"href":"https:\/\/roveyayinevi.com.tr\/index.php\/wp-json\/wp\/v2\/product"}],"about":[{"href":"https:\/\/roveyayinevi.com.tr\/index.php\/wp-json\/wp\/v2\/types\/product"}],"wp:attachment":[{"href":"https:\/\/roveyayinevi.com.tr\/index.php\/wp-json\/wp\/v2\/media?parent=749308"}],"wp:term":[{"taxonomy":"product_brand","embeddable":true,"href":"https:\/\/roveyayinevi.com.tr\/index.php\/wp-json\/wp\/v2\/product_brand?post=749308"},{"taxonomy":"product_cat","embeddable":true,"href":"https:\/\/roveyayinevi.com.tr\/index.php\/wp-json\/wp\/v2\/product_cat?post=749308"},{"taxonomy":"product_tag","embeddable":true,"href":"https:\/\/roveyayinevi.com.tr\/index.php\/wp-json\/wp\/v2\/product_tag?post=749308"}],"curies":[{"name":"wp","href":"https:\/\/api.w.org\/{rel}","templated":true}]}}